{"id":771963,"date":"2025-08-28T15:23:53","date_gmt":"2025-08-28T12:23:53","guid":{"rendered":"https:\/\/roveyayinevi.com.tr\/index.php\/urun\/dijital-dedektifler-kamera-arkasi\/"},"modified":"2026-04-15T03:38:19","modified_gmt":"2026-04-15T00:38:19","slug":"dijital-dedektifler-kamera-arkasi","status":"publish","type":"product","link":"https:\/\/roveyayinevi.com.tr\/index.php\/urun\/dijital-dedektifler-kamera-arkasi\/","title":{"rendered":"Dijital Dedektifler ;Kamera Arkas\u0131"},"content":{"rendered":"<p>Dijital d\u00fcnyan\u0131n tehlikelerine y\u00f6nelik sosyal medya payla\u015f\u0131mlar\u0131yla milyonlarca ki\u015fi taraf\u0131ndan takip edilen Dijital Baba Orhan Toker, \u00e7ocuklar i\u00e7in kaleme ald\u0131.***E\u011flenceli g\u00f6r\u00fcnen dijital d\u00fcnyan\u0131n derinliklerinde s\u0131rlar sakl\u0131d\u0131r ve s\u0131rlar\u0131n mutlaka ortaya \u00e7\u0131kmak gibi k\u00f6t\u00fc huylar\u0131 vard\u0131r.Dijital Dedektifler Asya ve Emre, dijital d\u00fcnyan\u0131n karanl\u0131k k\u00f6\u015felerinde kar\u015f\u0131lar\u0131na \u00e7\u0131kan s\u0131rlar\u0131 \u00e7\u00f6zmek i\u00e7in kollar\u0131 s\u0131vam\u0131\u015flard\u0131r. \u00c7ekti\u011fi videolarla hayvanseverlerin g\u00f6nl\u00fcn\u00fc kazanan bir sosyal medya fenomeninin garip davran\u0131\u015flar\u0131 dikkatlerinden ka\u00e7maz. Ancak fenomenin s\u0131rlar\u0131n\u0131 \u00e7\u00f6zmek sand\u0131klar\u0131 kadar kolay olmayacakt\u0131r.Dijital d\u00fcnyan\u0131n cazibesine kap\u0131lmadan nas\u0131l g\u00fcvenli bir \u015fekilde gezinebilece\u011fini \u00f6\u011frenece\u011fin heyecan dolu macera i\u00e7in Dijital Dedektifler seni bekliyor.<\/p>\n","protected":false},"excerpt":{"rendered":"<p>Dijital d\u00fcnyan\u0131n tehlikelerine y\u00f6nelik sosyal medya payla\u015f\u0131mlar\u0131yla milyonlarca ki\u015fi taraf\u0131ndan takip edilen Dijital Baba Orhan Toker, \u00e7ocuklar i\u00e7in kaleme ald\u0131.***E\u011flenceli g\u00f6r\u00fcnen dijital d\u00fcnyan\u0131n derinliklerinde s\u0131rlar sakl\u0131d\u0131r<span class=\"excerpt-hellip\"> [\u2026]<\/span><\/p>\n","protected":false},"featured_media":0,"template":"","meta":{"_monsterinsights_skip_tracking":false,"_monsterinsights_sitenote_active":false,"_monsterinsights_sitenote_note":"","_monsterinsights_sitenote_category":0},"product_brand":[],"product_cat":[12274,12284],"product_tag":[],"class_list":{"0":"post-771963","1":"product","2":"type-product","3":"status-publish","5":"product_cat-cocuk-ve-genclik-kitaplari","6":"product_cat-hikayeler","7":"pa_cilt-ciltsiz","8":"pa_tur-kitap","9":"pa_yayinevi-acayip-kitaplar","10":"pa_yazar-orhan-toker","12":"first","13":"instock","14":"sale","15":"shipping-taxable","16":"purchasable","17":"product-type-simple"},"_links":{"self":[{"href":"https:\/\/roveyayinevi.com.tr\/index.php\/wp-json\/wp\/v2\/product\/771963","targetHints":{"allow":["GET"]}}],"collection":[{"href":"https:\/\/roveyayinevi.com.tr\/index.php\/wp-json\/wp\/v2\/product"}],"about":[{"href":"https:\/\/roveyayinevi.com.tr\/index.php\/wp-json\/wp\/v2\/types\/product"}],"wp:attachment":[{"href":"https:\/\/roveyayinevi.com.tr\/index.php\/wp-json\/wp\/v2\/media?parent=771963"}],"wp:term":[{"taxonomy":"product_brand","embeddable":true,"href":"https:\/\/roveyayinevi.com.tr\/index.php\/wp-json\/wp\/v2\/product_brand?post=771963"},{"taxonomy":"product_cat","embeddable":true,"href":"https:\/\/roveyayinevi.com.tr\/index.php\/wp-json\/wp\/v2\/product_cat?post=771963"},{"taxonomy":"product_tag","embeddable":true,"href":"https:\/\/roveyayinevi.com.tr\/index.php\/wp-json\/wp\/v2\/product_tag?post=771963"}],"curies":[{"name":"wp","href":"https:\/\/api.w.org\/{rel}","templated":true}]}}