{"id":771962,"date":"2025-08-28T15:23:51","date_gmt":"2025-08-28T12:23:51","guid":{"rendered":"https:\/\/roveyayinevi.com.tr\/index.php\/urun\/devler-sehri\/"},"modified":"2026-04-15T03:38:19","modified_gmt":"2026-04-15T00:38:19","slug":"devler-sehri","status":"publish","type":"product","link":"https:\/\/roveyayinevi.com.tr\/index.php\/urun\/devler-sehri\/","title":{"rendered":"Devler \u015eehri"},"content":{"rendered":"<p>Asans\u00f6rlere \u00f6yle \u00e7ok g\u00fcveniyoruz ki bindi\u011fimizde bizi istedi\u011fimiz kata g\u00f6t\u00fcrece\u011fine eminiz. \u00dc\u00e7 merakl\u0131 arkada\u015f da \u00f6yle san\u0131yorlard\u0131 fakat hi\u00e7 de bekledikleri gibi olmad\u0131. Terk edilmi\u015f bir binada bindikleri gizemli asans\u00f6r onlar\u0131 bamba\u015fka diyarlara g\u00f6t\u00fcrd\u00fc. Kendi d\u00fcnyalar\u0131na geri d\u00f6nebilmek i\u00e7in devlerin elinden kurtulup eski boyutlar\u0131na geri d\u00f6nmeleri gerekiyor. Ancak korkmalar\u0131 gereken tek \u015feyin devler olmad\u0131\u011f\u0131n\u0131 anlamalar\u0131 \u00e7ok da uzun s\u00fcrmeyecek. Haydi, sen de asans\u00f6rde yerini al ve nefes kesen fantastik bir maceran\u0131n kap\u0131s\u0131n\u0131 arala!<\/p>\n","protected":false},"excerpt":{"rendered":"<p>Asans\u00f6rlere \u00f6yle \u00e7ok g\u00fcveniyoruz ki bindi\u011fimizde bizi istedi\u011fimiz kata g\u00f6t\u00fcrece\u011fine eminiz. \u00dc\u00e7 merakl\u0131 arkada\u015f da \u00f6yle san\u0131yorlard\u0131 fakat hi\u00e7 de bekledikleri gibi olmad\u0131. Terk edilmi\u015f bir<span class=\"excerpt-hellip\"> [\u2026]<\/span><\/p>\n","protected":false},"featured_media":0,"template":"","meta":{"_monsterinsights_skip_tracking":false,"_monsterinsights_sitenote_active":false,"_monsterinsights_sitenote_note":"","_monsterinsights_sitenote_category":0},"product_brand":[],"product_cat":[12274,12631],"product_tag":[],"class_list":{"0":"post-771962","1":"product","2":"type-product","3":"status-publish","5":"product_cat-cocuk-ve-genclik-kitaplari","6":"product_cat-diger-cocuk-ve-genclik-kitaplari","7":"pa_cilt-ciltsiz","8":"pa_tur-kitap","9":"pa_yayinevi-acayip-kitaplar","10":"pa_yazar-mehtap-soyuduru-cicek","12":"first","13":"instock","14":"sale","15":"shipping-taxable","16":"purchasable","17":"product-type-simple"},"_links":{"self":[{"href":"https:\/\/roveyayinevi.com.tr\/index.php\/wp-json\/wp\/v2\/product\/771962","targetHints":{"allow":["GET"]}}],"collection":[{"href":"https:\/\/roveyayinevi.com.tr\/index.php\/wp-json\/wp\/v2\/product"}],"about":[{"href":"https:\/\/roveyayinevi.com.tr\/index.php\/wp-json\/wp\/v2\/types\/product"}],"wp:attachment":[{"href":"https:\/\/roveyayinevi.com.tr\/index.php\/wp-json\/wp\/v2\/media?parent=771962"}],"wp:term":[{"taxonomy":"product_brand","embeddable":true,"href":"https:\/\/roveyayinevi.com.tr\/index.php\/wp-json\/wp\/v2\/product_brand?post=771962"},{"taxonomy":"product_cat","embeddable":true,"href":"https:\/\/roveyayinevi.com.tr\/index.php\/wp-json\/wp\/v2\/product_cat?post=771962"},{"taxonomy":"product_tag","embeddable":true,"href":"https:\/\/roveyayinevi.com.tr\/index.php\/wp-json\/wp\/v2\/product_tag?post=771962"}],"curies":[{"name":"wp","href":"https:\/\/api.w.org\/{rel}","templated":true}]}}