{"id":771960,"date":"2025-08-28T15:23:46","date_gmt":"2025-08-28T12:23:46","guid":{"rendered":"https:\/\/roveyayinevi.com.tr\/index.php\/urun\/muhurdar\/"},"modified":"2026-04-15T03:38:19","modified_gmt":"2026-04-15T00:38:19","slug":"muhurdar","status":"publish","type":"product","link":"https:\/\/roveyayinevi.com.tr\/index.php\/urun\/muhurdar\/","title":{"rendered":"M\u00fch\u00fcrdar"},"content":{"rendered":"<p>SEL\u00c7UKLU YILDIZI\u2019NIN KAD\u0130M SIRRI A\u00c7IKLANIYOR!T\u00fcrk\u2019\u00fcn Ulu Atas\u0131 O\u011fuz Ka\u011fan\u2019\u0131n m\u00fch\u00fcr olarak kulland\u0131\u011f\u0131, Sel\u00e7uk Gazi\u2019nin devletinin armas\u0131olarak kabul etti\u011fi ve bir\u00e7ok T\u00fcrk mimarisinde de binlerce y\u0131ld\u0131r kullan\u0131lan sekiz k\u00f6\u015feli y\u0131ld\u0131zhangi anlama geliyor?Sultan Alparslan\u2019a verilen g\u00f6rev neydi?Malazgirt ile Anadolu\u2019nun aln\u0131na vurulan sekiz k\u00f6\u015feli O\u011fuz y\u0131ld\u0131z\u0131n\u0131n mahiyeti nedir?T\u00fcrk, sekiz k\u00f6\u015feli y\u0131ld\u0131z\u0131 benimsedi\u011finde hangi misyon aktif olur?Kut, T\u00f6re ve Devlet\u2019in; O\u011fuz\u2019un sekiz k\u00f6\u015feli y\u0131ld\u0131z\u0131 ile ba\u011flant\u0131s\u0131 nedir?Her devirde bir T\u00fcrk Hakan\u0131na Sekiz\u2019in s\u0131rr\u0131n\u0131 a\u00e7\u0131p, T\u00fcrk Milletinin \u00f6n\u00fcne K\u0131z\u0131lelma hedefikoyan SEK\u0130ZLER kimlerdir?T\u00fcrk\u2019\u00fcn Cihan H\u00e2kimiyeti Mefk\u00fbresinde Sekiz k\u00f6\u015feli O\u011fuz Y\u0131ld\u0131z\u0131\u2019n\u0131n misyonu nedir?\u2018\u2019Y\u0131ld\u0131z\u0131n s\u0131rr\u0131n\u0131 bilmek zamans\u0131zlar kat\u0131na \u00e7\u0131kmakt\u0131r. Devlet umuruna sahip olmakt\u0131r. T\u00fcrk\u2019e ba\u015folmak, cihana dar olmakt\u0131r.\u2019\u2019<\/p>\n","protected":false},"excerpt":{"rendered":"<p>SEL\u00c7UKLU YILDIZI\u2019NIN KAD\u0130M SIRRI A\u00c7IKLANIYOR!T\u00fcrk\u2019\u00fcn Ulu Atas\u0131 O\u011fuz Ka\u011fan\u2019\u0131n m\u00fch\u00fcr olarak kulland\u0131\u011f\u0131, Sel\u00e7uk Gazi\u2019nin devletinin armas\u0131olarak kabul etti\u011fi ve bir\u00e7ok T\u00fcrk mimarisinde de binlerce y\u0131ld\u0131r kullan\u0131lan<span class=\"excerpt-hellip\"> [\u2026]<\/span><\/p>\n","protected":false},"featured_media":0,"template":"","meta":{"_monsterinsights_skip_tracking":false,"_monsterinsights_sitenote_active":false,"_monsterinsights_sitenote_note":"","_monsterinsights_sitenote_category":0},"product_brand":[],"product_cat":[12291,12745],"product_tag":[],"class_list":{"0":"post-771960","1":"product","2":"type-product","3":"status-publish","5":"product_cat-edebiyat","6":"product_cat-tarihi-roman","7":"pa_cilt-ciltsiz","8":"pa_tur-kitap","9":"pa_yayinevi-eftalya-kitap","10":"pa_yazar-anil-kurt","12":"first","13":"instock","14":"sale","15":"shipping-taxable","16":"purchasable","17":"product-type-simple"},"_links":{"self":[{"href":"https:\/\/roveyayinevi.com.tr\/index.php\/wp-json\/wp\/v2\/product\/771960","targetHints":{"allow":["GET"]}}],"collection":[{"href":"https:\/\/roveyayinevi.com.tr\/index.php\/wp-json\/wp\/v2\/product"}],"about":[{"href":"https:\/\/roveyayinevi.com.tr\/index.php\/wp-json\/wp\/v2\/types\/product"}],"wp:attachment":[{"href":"https:\/\/roveyayinevi.com.tr\/index.php\/wp-json\/wp\/v2\/media?parent=771960"}],"wp:term":[{"taxonomy":"product_brand","embeddable":true,"href":"https:\/\/roveyayinevi.com.tr\/index.php\/wp-json\/wp\/v2\/product_brand?post=771960"},{"taxonomy":"product_cat","embeddable":true,"href":"https:\/\/roveyayinevi.com.tr\/index.php\/wp-json\/wp\/v2\/product_cat?post=771960"},{"taxonomy":"product_tag","embeddable":true,"href":"https:\/\/roveyayinevi.com.tr\/index.php\/wp-json\/wp\/v2\/product_tag?post=771960"}],"curies":[{"name":"wp","href":"https:\/\/api.w.org\/{rel}","templated":true}]}}