{"id":771958,"date":"2025-08-28T15:23:42","date_gmt":"2025-08-28T12:23:42","guid":{"rendered":"https:\/\/roveyayinevi.com.tr\/index.php\/urun\/nikola-tesla-3\/"},"modified":"2026-04-15T03:38:19","modified_gmt":"2026-04-15T00:38:19","slug":"nikola-tesla-3","status":"publish","type":"product","link":"https:\/\/roveyayinevi.com.tr\/index.php\/urun\/nikola-tesla-3\/","title":{"rendered":"Nikola Tesla"},"content":{"rendered":"<p>Elektri\u011fin \u00e7\u0131lg\u0131n dehas\u0131 Nikola Tesla kimdir?Nerede do\u011fmu\u015ftur?Hangi e\u011fitimleri alm\u0131\u015ft\u0131r?Hangi icatlar\u0131 ger\u00e7ekle\u015fmi\u015ftir?Ka\u00e7 tane patent sahibidir?\u00dcnl\u00fc bilim insan\u0131 ve elektrik m\u00fchendisi Nikola Tesla&#8217;n\u0131n hayat\u0131n\u0131, e\u011fitimini, kariyerini ve icatlar\u0131n\u0131 merak m\u0131 ediyorsun? Tesla&#8217;n\u0131n icatlar\u0131n\u0131n g\u00fcn\u00fcm\u00fcz\u00fc nas\u0131l \u015fekillendirdi\u011fi ve Tesla hakk\u0131nda merak etti\u011fin t\u00fcm sorular\u0131n yan\u0131tlar\u0131 bu kitapta.Durma, \u00e7evir sayfalar\u0131 ve sen de onun gibi bir mucit olmak i\u00e7in okumaya ba\u015fla!<\/p>\n","protected":false},"excerpt":{"rendered":"<p>Elektri\u011fin \u00e7\u0131lg\u0131n dehas\u0131 Nikola Tesla kimdir?Nerede do\u011fmu\u015ftur?Hangi e\u011fitimleri alm\u0131\u015ft\u0131r?Hangi icatlar\u0131 ger\u00e7ekle\u015fmi\u015ftir?Ka\u00e7 tane patent sahibidir?\u00dcnl\u00fc bilim insan\u0131 ve elektrik m\u00fchendisi Nikola Tesla&#8217;n\u0131n hayat\u0131n\u0131, e\u011fitimini, kariyerini ve icatlar\u0131n\u0131<span class=\"excerpt-hellip\"> [\u2026]<\/span><\/p>\n","protected":false},"featured_media":0,"template":"","meta":{"_monsterinsights_skip_tracking":false,"_monsterinsights_sitenote_active":false,"_monsterinsights_sitenote_note":"","_monsterinsights_sitenote_category":0},"product_brand":[],"product_cat":[13829,12274],"product_tag":[],"class_list":{"0":"post-771958","1":"product","2":"type-product","3":"status-publish","5":"product_cat-bilimsel-kitaplar","6":"product_cat-cocuk-ve-genclik-kitaplari","7":"pa_cilt-ciltsiz","8":"pa_tur-kitap","9":"pa_yayinevi-yediveren-cocuk","10":"pa_yazar-eda-bayrak","12":"first","13":"instock","14":"sale","15":"shipping-taxable","16":"purchasable","17":"product-type-simple"},"_links":{"self":[{"href":"https:\/\/roveyayinevi.com.tr\/index.php\/wp-json\/wp\/v2\/product\/771958","targetHints":{"allow":["GET"]}}],"collection":[{"href":"https:\/\/roveyayinevi.com.tr\/index.php\/wp-json\/wp\/v2\/product"}],"about":[{"href":"https:\/\/roveyayinevi.com.tr\/index.php\/wp-json\/wp\/v2\/types\/product"}],"wp:attachment":[{"href":"https:\/\/roveyayinevi.com.tr\/index.php\/wp-json\/wp\/v2\/media?parent=771958"}],"wp:term":[{"taxonomy":"product_brand","embeddable":true,"href":"https:\/\/roveyayinevi.com.tr\/index.php\/wp-json\/wp\/v2\/product_brand?post=771958"},{"taxonomy":"product_cat","embeddable":true,"href":"https:\/\/roveyayinevi.com.tr\/index.php\/wp-json\/wp\/v2\/product_cat?post=771958"},{"taxonomy":"product_tag","embeddable":true,"href":"https:\/\/roveyayinevi.com.tr\/index.php\/wp-json\/wp\/v2\/product_tag?post=771958"}],"curies":[{"name":"wp","href":"https:\/\/api.w.org\/{rel}","templated":true}]}}