{"id":771957,"date":"2025-08-28T15:23:39","date_gmt":"2025-08-28T12:23:39","guid":{"rendered":"https:\/\/roveyayinevi.com.tr\/index.php\/urun\/bilmece-kralligi-kutulu-set\/"},"modified":"2026-04-15T03:38:19","modified_gmt":"2026-04-15T00:38:19","slug":"bilmece-kralligi-kutulu-set","status":"publish","type":"product","link":"https:\/\/roveyayinevi.com.tr\/index.php\/urun\/bilmece-kralligi-kutulu-set\/","title":{"rendered":"Bilmece Krall\u0131\u011f\u0131 Kutulu Set"},"content":{"rendered":"<p>Kerem ve Asya gizemli bir haritay\u0131 takip ederken kendilerini Bilmece Krall\u0131\u011f\u0131\u2019nda bulmu\u015flard\u0131r. Ola\u011fan\u00fcst\u00fc maceraya devam edebilmeleri i\u00e7in kar\u015f\u0131la\u015ft\u0131klar\u0131 bilmeceleri \u00e7\u00f6zmeleri, zorluklar\u0131 a\u015fmalar\u0131 gerekmektedir.Bilmece Krall\u0131\u011f\u0131\u2019ndan kurtulmak i\u00e7in kahramanlar\u0131m\u0131za yard\u0131m ederek, sen de dikkatini geli\u015ftirip bilgi birikimini art\u0131rabilirsin.Gizemli ve e\u011flenceli bir macera seni bekliyor!<\/p>\n","protected":false},"excerpt":{"rendered":"<p>Kerem ve Asya gizemli bir haritay\u0131 takip ederken kendilerini Bilmece Krall\u0131\u011f\u0131\u2019nda bulmu\u015flard\u0131r. Ola\u011fan\u00fcst\u00fc maceraya devam edebilmeleri i\u00e7in kar\u015f\u0131la\u015ft\u0131klar\u0131 bilmeceleri \u00e7\u00f6zmeleri, zorluklar\u0131 a\u015fmalar\u0131 gerekmektedir.Bilmece Krall\u0131\u011f\u0131\u2019ndan kurtulmak i\u00e7in<span class=\"excerpt-hellip\"> [\u2026]<\/span><\/p>\n","protected":false},"featured_media":0,"template":"","meta":{"_monsterinsights_skip_tracking":false,"_monsterinsights_sitenote_active":false,"_monsterinsights_sitenote_note":"","_monsterinsights_sitenote_category":0},"product_brand":[],"product_cat":[12291,18202],"product_tag":[],"class_list":{"0":"post-771957","1":"product","2":"type-product","3":"status-publish","5":"product_cat-edebiyat","6":"product_cat-hikaye","7":"pa_cilt-ciltsiz","8":"pa_tur-kitap","9":"pa_yayinevi-acayip-kitaplar","10":"pa_yazar-ebru-tulum","12":"first","13":"instock","14":"sale","15":"shipping-taxable","16":"purchasable","17":"product-type-simple"},"_links":{"self":[{"href":"https:\/\/roveyayinevi.com.tr\/index.php\/wp-json\/wp\/v2\/product\/771957","targetHints":{"allow":["GET"]}}],"collection":[{"href":"https:\/\/roveyayinevi.com.tr\/index.php\/wp-json\/wp\/v2\/product"}],"about":[{"href":"https:\/\/roveyayinevi.com.tr\/index.php\/wp-json\/wp\/v2\/types\/product"}],"wp:attachment":[{"href":"https:\/\/roveyayinevi.com.tr\/index.php\/wp-json\/wp\/v2\/media?parent=771957"}],"wp:term":[{"taxonomy":"product_brand","embeddable":true,"href":"https:\/\/roveyayinevi.com.tr\/index.php\/wp-json\/wp\/v2\/product_brand?post=771957"},{"taxonomy":"product_cat","embeddable":true,"href":"https:\/\/roveyayinevi.com.tr\/index.php\/wp-json\/wp\/v2\/product_cat?post=771957"},{"taxonomy":"product_tag","embeddable":true,"href":"https:\/\/roveyayinevi.com.tr\/index.php\/wp-json\/wp\/v2\/product_tag?post=771957"}],"curies":[{"name":"wp","href":"https:\/\/api.w.org\/{rel}","templated":true}]}}