{"id":771955,"date":"2025-08-28T15:23:35","date_gmt":"2025-08-28T12:23:35","guid":{"rendered":"https:\/\/roveyayinevi.com.tr\/index.php\/urun\/elif-ve-arkadaslari-kapadokya\/"},"modified":"2026-04-15T03:38:19","modified_gmt":"2026-04-15T00:38:19","slug":"elif-ve-arkadaslari-kapadokya","status":"publish","type":"product","link":"https:\/\/roveyayinevi.com.tr\/index.php\/urun\/elif-ve-arkadaslari-kapadokya\/","title":{"rendered":"Elif ve Arkada\u015flar\u0131-Kapadokya"},"content":{"rendered":"<p>TRT \u00c7ocuk\u2019un sevilen karakteri Elif ve Arkada\u015flar\u0131n\u0131n maceralar\u0131 devam ediyor.Arkada\u015flar siz de bazen r\u00fcyalarla ger\u00e7ekleri birbirine kar\u0131\u015ft\u0131r\u0131yor musunuz? Ben ve arkada\u015flar\u0131m \u00f6yle\u015feyler ya\u015fad\u0131k ki h\u00e2l\u00e2 r\u00fcya m\u0131, ger\u00e7ek mi, karar veremiyorum.Her \u015fey arkada\u015flar\u0131mla gitti\u011fimiz Kapadokya gezisiyle ba\u015flad\u0131. Yer alt\u0131 \u015fehirleri, volkanik vadileri,peribacalar\u0131 ve s\u0131cak hava balonlar\u0131yla masal gibi bir diyar bizi bekliyordu. Kald\u0131\u011f\u0131m odan\u0131n manzaras\u0131\u00f6yle b\u00fcy\u00fcleyiciydi ki seyretmeye doyam\u0131yordum.Ne olduysa tam bu s\u0131rada oldu ve\u2026Ama hi\u00e7 uyarm\u0131yorsunuz beni! Az kals\u0131n anlatacakt\u0131m b\u00fct\u00fcn hik\u00e2yeyi.Gizemli Kapadokya maceram\u0131 merak ediyorsan haydi, \u00e7evir sayfalar\u0131 ve sen de kat\u0131l aram\u0131za!<\/p>\n","protected":false},"excerpt":{"rendered":"<p>TRT \u00c7ocuk\u2019un sevilen karakteri Elif ve Arkada\u015flar\u0131n\u0131n maceralar\u0131 devam ediyor.Arkada\u015flar siz de bazen r\u00fcyalarla ger\u00e7ekleri birbirine kar\u0131\u015ft\u0131r\u0131yor musunuz? Ben ve arkada\u015flar\u0131m \u00f6yle\u015feyler ya\u015fad\u0131k ki h\u00e2l\u00e2 r\u00fcya<span class=\"excerpt-hellip\"> [\u2026]<\/span><\/p>\n","protected":false},"featured_media":0,"template":"","meta":{"_monsterinsights_skip_tracking":false,"_monsterinsights_sitenote_active":false,"_monsterinsights_sitenote_note":"","_monsterinsights_sitenote_category":0},"product_brand":[],"product_cat":[12274,12631],"product_tag":[],"class_list":{"0":"post-771955","1":"product","2":"type-product","3":"status-publish","5":"product_cat-cocuk-ve-genclik-kitaplari","6":"product_cat-diger-cocuk-ve-genclik-kitaplari","7":"pa_cilt-ciltsiz","8":"pa_tur-kitap","9":"pa_yayinevi-yediveren-cocuk","10":"pa_yazar-burcu-karadas","12":"first","13":"instock","14":"sale","15":"shipping-taxable","16":"purchasable","17":"product-type-simple"},"_links":{"self":[{"href":"https:\/\/roveyayinevi.com.tr\/index.php\/wp-json\/wp\/v2\/product\/771955","targetHints":{"allow":["GET"]}}],"collection":[{"href":"https:\/\/roveyayinevi.com.tr\/index.php\/wp-json\/wp\/v2\/product"}],"about":[{"href":"https:\/\/roveyayinevi.com.tr\/index.php\/wp-json\/wp\/v2\/types\/product"}],"wp:attachment":[{"href":"https:\/\/roveyayinevi.com.tr\/index.php\/wp-json\/wp\/v2\/media?parent=771955"}],"wp:term":[{"taxonomy":"product_brand","embeddable":true,"href":"https:\/\/roveyayinevi.com.tr\/index.php\/wp-json\/wp\/v2\/product_brand?post=771955"},{"taxonomy":"product_cat","embeddable":true,"href":"https:\/\/roveyayinevi.com.tr\/index.php\/wp-json\/wp\/v2\/product_cat?post=771955"},{"taxonomy":"product_tag","embeddable":true,"href":"https:\/\/roveyayinevi.com.tr\/index.php\/wp-json\/wp\/v2\/product_tag?post=771955"}],"curies":[{"name":"wp","href":"https:\/\/api.w.org\/{rel}","templated":true}]}}