{"id":771954,"date":"2025-08-28T15:23:33","date_gmt":"2025-08-28T12:23:33","guid":{"rendered":"https:\/\/roveyayinevi.com.tr\/index.php\/urun\/anda-kalmanin-gucu\/"},"modified":"2026-04-15T03:38:19","modified_gmt":"2026-04-15T00:38:19","slug":"anda-kalmanin-gucu","status":"publish","type":"product","link":"https:\/\/roveyayinevi.com.tr\/index.php\/urun\/anda-kalmanin-gucu\/","title":{"rendered":"Anda Kalman\u0131n G\u00fcc\u00fc"},"content":{"rendered":"<p>Hayat h\u0131zla ak\u0131p giderken, siz ne kadar anda kalabiliyorsunuz? Ge\u00e7mi\u015fin a\u011f\u0131rl\u0131\u011f\u0131na ve gelece\u011fin kayg\u0131lar\u0131na kap\u0131lmadan, ya\u015fam\u0131n en b\u00fcy\u00fck arma\u011fan\u0131n\u0131, \u015fu \u00e2n\u0131 dolu dolu ya\u015famak m\u00fcmk\u00fcn m\u00fc? &#8220;Anda Kalman\u0131n G\u00fcc\u00fc&#8221; ile kendinizle ve hayatla g\u00fc\u00e7l\u00fc bir ba\u011f kurman\u0131n yollar\u0131n\u0131 ke\u015ffedecek zihinsel huzuru yakalaman\u0131n, duygusal a\u00e7l\u0131kla ba\u015fa \u00e7\u0131kman\u0131n ve bolluk bereket i\u00e7inde bir hayat ya\u015faman\u0131n ipu\u00e7lar\u0131n\u0131 bulacaks\u0131n\u0131z. Anda kalman\u0131n psikolojiden ibadete, kalabal\u0131klardan yaln\u0131zl\u0131\u011fa kadar her alanda nas\u0131l bir g\u00fc\u00e7 oldu\u011funu deneyimlemeye haz\u0131r olun. Unutmay\u0131n, huzur anda gizlidir. Ve bu kitap, huzuru bulman\u0131z i\u00e7in bir rehberdir. Kendiniz i\u00e7in en do\u011fru ad\u0131m\u0131 atmaya ne dersiniz? Anda kalmay\u0131 \u00f6\u011frenin, ya\u015fam\u0131n\u0131z\u0131n mimar\u0131 siz olun.<\/p>\n","protected":false},"excerpt":{"rendered":"<p>Hayat h\u0131zla ak\u0131p giderken, siz ne kadar anda kalabiliyorsunuz? Ge\u00e7mi\u015fin a\u011f\u0131rl\u0131\u011f\u0131na ve gelece\u011fin kayg\u0131lar\u0131na kap\u0131lmadan, ya\u015fam\u0131n en b\u00fcy\u00fck arma\u011fan\u0131n\u0131, \u015fu \u00e2n\u0131 dolu dolu ya\u015famak m\u00fcmk\u00fcn m\u00fc?<span class=\"excerpt-hellip\"> [\u2026]<\/span><\/p>\n","protected":false},"featured_media":0,"template":"","meta":{"_monsterinsights_skip_tracking":false,"_monsterinsights_sitenote_active":false,"_monsterinsights_sitenote_note":"","_monsterinsights_sitenote_category":0},"product_brand":[],"product_cat":[12364,12376],"product_tag":[],"class_list":{"0":"post-771954","1":"product","2":"type-product","3":"status-publish","5":"product_cat-genel-konular","6":"product_cat-kisisel-gelisim","7":"pa_cilt-ciltsiz","8":"pa_tur-kitap","9":"pa_yayinevi-mihenk-kitap","10":"pa_yazar-vesile-kara","12":"first","13":"instock","14":"sale","15":"shipping-taxable","16":"purchasable","17":"product-type-simple"},"_links":{"self":[{"href":"https:\/\/roveyayinevi.com.tr\/index.php\/wp-json\/wp\/v2\/product\/771954","targetHints":{"allow":["GET"]}}],"collection":[{"href":"https:\/\/roveyayinevi.com.tr\/index.php\/wp-json\/wp\/v2\/product"}],"about":[{"href":"https:\/\/roveyayinevi.com.tr\/index.php\/wp-json\/wp\/v2\/types\/product"}],"wp:attachment":[{"href":"https:\/\/roveyayinevi.com.tr\/index.php\/wp-json\/wp\/v2\/media?parent=771954"}],"wp:term":[{"taxonomy":"product_brand","embeddable":true,"href":"https:\/\/roveyayinevi.com.tr\/index.php\/wp-json\/wp\/v2\/product_brand?post=771954"},{"taxonomy":"product_cat","embeddable":true,"href":"https:\/\/roveyayinevi.com.tr\/index.php\/wp-json\/wp\/v2\/product_cat?post=771954"},{"taxonomy":"product_tag","embeddable":true,"href":"https:\/\/roveyayinevi.com.tr\/index.php\/wp-json\/wp\/v2\/product_tag?post=771954"}],"curies":[{"name":"wp","href":"https:\/\/api.w.org\/{rel}","templated":true}]}}