{"id":771951,"date":"2025-08-28T15:23:28","date_gmt":"2025-08-28T12:23:28","guid":{"rendered":"https:\/\/roveyayinevi.com.tr\/index.php\/urun\/fantastik-macera-gemisicesur-dunya\/"},"modified":"2026-04-15T03:38:19","modified_gmt":"2026-04-15T00:38:19","slug":"fantastik-macera-gemisicesur-dunya","status":"publish","type":"product","link":"https:\/\/roveyayinevi.com.tr\/index.php\/urun\/fantastik-macera-gemisicesur-dunya\/","title":{"rendered":"Fantastik Macera Gemisi;Cesur D\u00fcnya"},"content":{"rendered":"<p>Ezberleri bozan s\u0131ra d\u0131\u015f\u0131 bir gemide yarat\u0131lm\u0131\u015f olan cesur bir d\u00fcnya. Gizemli saat tamircisinin bir araya getirdi\u011fi do\u011fa\u00fcst\u00fc g\u00fc\u00e7lere sahip olan be\u015f gen\u00e7. As\u0131l ad\u0131 Isla de Las Munecas olan Meksika\u2019daki b\u00fcy\u00fcl\u00fc oyuncak bebek adas\u0131. \u00dcrk\u00fct\u00fcc\u00fc, heyecanl\u0131, esrarengiz ve s\u00fcr\u00fckleyici olaylar\u0131n ya\u015fand\u0131\u011f\u0131 bir macera. Sen de kat\u0131l bize! Kusursuz i\u015fleyen d\u00fczeni ba\u015ftan yazal\u0131m.<\/p>\n","protected":false},"excerpt":{"rendered":"<p>Ezberleri bozan s\u0131ra d\u0131\u015f\u0131 bir gemide yarat\u0131lm\u0131\u015f olan cesur bir d\u00fcnya. Gizemli saat tamircisinin bir araya getirdi\u011fi do\u011fa\u00fcst\u00fc g\u00fc\u00e7lere sahip olan be\u015f gen\u00e7. As\u0131l ad\u0131 Isla<span class=\"excerpt-hellip\"> [\u2026]<\/span><\/p>\n","protected":false},"featured_media":0,"template":"","meta":{"_monsterinsights_skip_tracking":false,"_monsterinsights_sitenote_active":false,"_monsterinsights_sitenote_note":"","_monsterinsights_sitenote_category":0},"product_brand":[],"product_cat":[12274,12631],"product_tag":[],"class_list":{"0":"post-771951","1":"product","2":"type-product","3":"status-publish","5":"product_cat-cocuk-ve-genclik-kitaplari","6":"product_cat-diger-cocuk-ve-genclik-kitaplari","7":"pa_cilt-ciltsiz","8":"pa_tur-kitap","9":"pa_yayinevi-yediveren-cocuk","10":"pa_yazar-burcu-karadas","12":"first","13":"instock","14":"sale","15":"shipping-taxable","16":"purchasable","17":"product-type-simple"},"_links":{"self":[{"href":"https:\/\/roveyayinevi.com.tr\/index.php\/wp-json\/wp\/v2\/product\/771951","targetHints":{"allow":["GET"]}}],"collection":[{"href":"https:\/\/roveyayinevi.com.tr\/index.php\/wp-json\/wp\/v2\/product"}],"about":[{"href":"https:\/\/roveyayinevi.com.tr\/index.php\/wp-json\/wp\/v2\/types\/product"}],"wp:attachment":[{"href":"https:\/\/roveyayinevi.com.tr\/index.php\/wp-json\/wp\/v2\/media?parent=771951"}],"wp:term":[{"taxonomy":"product_brand","embeddable":true,"href":"https:\/\/roveyayinevi.com.tr\/index.php\/wp-json\/wp\/v2\/product_brand?post=771951"},{"taxonomy":"product_cat","embeddable":true,"href":"https:\/\/roveyayinevi.com.tr\/index.php\/wp-json\/wp\/v2\/product_cat?post=771951"},{"taxonomy":"product_tag","embeddable":true,"href":"https:\/\/roveyayinevi.com.tr\/index.php\/wp-json\/wp\/v2\/product_tag?post=771951"}],"curies":[{"name":"wp","href":"https:\/\/api.w.org\/{rel}","templated":true}]}}