{"id":771949,"date":"2025-08-28T15:23:24","date_gmt":"2025-08-28T12:23:24","guid":{"rendered":"https:\/\/roveyayinevi.com.tr\/index.php\/urun\/bill-gates\/"},"modified":"2026-04-15T03:38:19","modified_gmt":"2026-04-15T00:38:19","slug":"bill-gates","status":"publish","type":"product","link":"https:\/\/roveyayinevi.com.tr\/index.php\/urun\/bill-gates\/","title":{"rendered":"Bill Gates"},"content":{"rendered":"<p>Kitap Tan\u0131t\u0131m Yaz\u0131s\u0131 : D\u00fcnyan\u0131n en ba\u015far\u0131l\u0131 teknoloji dehalar\u0131ndan kabul edilen Bill Gateskimdir?Nerede do\u011fmu\u015ftur?Hangi e\u011fitimleri alm\u0131\u015ft\u0131r?Hangi ba\u015far\u0131lar\u0131 ger\u00e7ekle\u015ftirmi\u015ftir?Hangi patenleri vard\u0131r?\u00dcretti\u011fi bilgisayar yaz\u0131l\u0131mlar\u0131yla t\u00fcm d\u00fcnyada tan\u0131nan \u00fcnl\u00fc teknoloji dehas\u0131 Bill Gates&#8217;inhayat\u0131n\u0131, e\u011fitimini, kariyerini ve ba\u015far\u0131lar\u0131n\u0131 merak m\u0131 ediyorsun? Bill Gates&#8217;in \u00fcretti\u011fi bilgisayaryaz\u0131l\u0131mlar\u0131n\u0131n g\u00fcn\u00fcm\u00fczde nas\u0131l bir etkisinin oldu\u011fu ve Bill Gates hakk\u0131nda merak etti\u011fin t\u00fcmsorular\u0131n yan\u0131tlar\u0131 bu kitapta.Durma \u00e7evir sayfalar\u0131 ve sen de onun gibi bir bilim insan\u0131 olmak i\u00e7in okumaya ba\u015fla!Yazar Hakk\u0131nda: 1990 y\u0131l\u0131nda Ordu&#8217;da d\u00fcnyaya gelen yazar, k\u00fc\u00e7\u00fck ya\u015flar\u0131ndan itibaren tariheilgi duymu\u015ftur. Uzunca y\u0131llar yay\u0131nc\u0131l\u0131k sekt\u00f6r\u00fcnde \u00e7al\u0131\u015ft\u0131ktan sonra \u0130z B\u0131rakanlar serisi ileyazarl\u0131k d\u00fcnyas\u0131na ad\u0131m atm\u0131\u015ft\u0131r.<\/p>\n","protected":false},"excerpt":{"rendered":"<p>Kitap Tan\u0131t\u0131m Yaz\u0131s\u0131 : D\u00fcnyan\u0131n en ba\u015far\u0131l\u0131 teknoloji dehalar\u0131ndan kabul edilen Bill Gateskimdir?Nerede do\u011fmu\u015ftur?Hangi e\u011fitimleri alm\u0131\u015ft\u0131r?Hangi ba\u015far\u0131lar\u0131 ger\u00e7ekle\u015ftirmi\u015ftir?Hangi patenleri vard\u0131r?\u00dcretti\u011fi bilgisayar yaz\u0131l\u0131mlar\u0131yla t\u00fcm d\u00fcnyada tan\u0131nan \u00fcnl\u00fc<span class=\"excerpt-hellip\"> [\u2026]<\/span><\/p>\n","protected":false},"featured_media":0,"template":"","meta":{"_monsterinsights_skip_tracking":false,"_monsterinsights_sitenote_active":false,"_monsterinsights_sitenote_note":"","_monsterinsights_sitenote_category":0},"product_brand":[],"product_cat":[13829,12274],"product_tag":[],"class_list":{"0":"post-771949","1":"product","2":"type-product","3":"status-publish","5":"product_cat-bilimsel-kitaplar","6":"product_cat-cocuk-ve-genclik-kitaplari","7":"pa_cilt-ciltsiz","8":"pa_tur-kitap","9":"pa_yayinevi-yediveren-cocuk","10":"pa_yazar-eda-bayrak","12":"first","13":"instock","14":"sale","15":"shipping-taxable","16":"purchasable","17":"product-type-simple"},"_links":{"self":[{"href":"https:\/\/roveyayinevi.com.tr\/index.php\/wp-json\/wp\/v2\/product\/771949","targetHints":{"allow":["GET"]}}],"collection":[{"href":"https:\/\/roveyayinevi.com.tr\/index.php\/wp-json\/wp\/v2\/product"}],"about":[{"href":"https:\/\/roveyayinevi.com.tr\/index.php\/wp-json\/wp\/v2\/types\/product"}],"wp:attachment":[{"href":"https:\/\/roveyayinevi.com.tr\/index.php\/wp-json\/wp\/v2\/media?parent=771949"}],"wp:term":[{"taxonomy":"product_brand","embeddable":true,"href":"https:\/\/roveyayinevi.com.tr\/index.php\/wp-json\/wp\/v2\/product_brand?post=771949"},{"taxonomy":"product_cat","embeddable":true,"href":"https:\/\/roveyayinevi.com.tr\/index.php\/wp-json\/wp\/v2\/product_cat?post=771949"},{"taxonomy":"product_tag","embeddable":true,"href":"https:\/\/roveyayinevi.com.tr\/index.php\/wp-json\/wp\/v2\/product_tag?post=771949"}],"curies":[{"name":"wp","href":"https:\/\/api.w.org\/{rel}","templated":true}]}}