{"id":771947,"date":"2025-08-28T15:23:20","date_gmt":"2025-08-28T12:23:20","guid":{"rendered":"https:\/\/roveyayinevi.com.tr\/index.php\/urun\/kod-adi-kirlangic-cezerinin-hazinesi\/"},"modified":"2026-04-15T03:38:19","modified_gmt":"2026-04-15T00:38:19","slug":"kod-adi-kirlangic-cezerinin-hazinesi","status":"publish","type":"product","link":"https:\/\/roveyayinevi.com.tr\/index.php\/urun\/kod-adi-kirlangic-cezerinin-hazinesi\/","title":{"rendered":"Kod Ad\u0131 K\u0131rlang\u0131\u00e7 &#8211; Cezeri\u2019nin Hazinesi"},"content":{"rendered":"<p>TRT\u2019nin sevilen gen\u00e7lik dizisi Kod Ad\u0131 K\u0131rlang\u0131\u00e7\u2019\u0131n maceralar\u0131 devam ediyor. K\u0131rlang\u0131\u00e7lar, gizli bulu\u015fma yerleri olan mahsende kimden geldi\u011fi belli olmayan gizemli metal bir kutu bulurlar. \u015eifreyle korunan kutuyu a\u00e7may\u0131 ba\u015farabilirlerse heyecan dolu bir yar\u0131\u015fmaya kat\u0131lmaya hak kazanacaklard\u0131r.Ancak bu yar\u0131\u015fma bilindik dron yar\u0131\u015fmalar\u0131ndan olduk\u00e7a farkl\u0131d\u0131r. \u015eampiyon olmak i\u00e7in dronlar\u0131n\u0131 iyi u\u00e7urmalar\u0131 yetmeyecek, \u00fc\u00e7 kadim \u015fehrin tarih\u00ee birikimleri aras\u0131nda robotik biliminin kurucusu Cezeri\u2019nin kay\u0131p laboratuvar\u0131n\u0131 da bulmalar\u0131 gerecektir.  K\u0131rlang\u0131\u00e7lar\u0131n tarihin gizemli koridorlar\u0131nda dronlar\u0131yla tozu dumana katt\u0131klar\u0131 nefes kesen bir macera seni bekliyor!<\/p>\n","protected":false},"excerpt":{"rendered":"<p>TRT\u2019nin sevilen gen\u00e7lik dizisi Kod Ad\u0131 K\u0131rlang\u0131\u00e7\u2019\u0131n maceralar\u0131 devam ediyor. K\u0131rlang\u0131\u00e7lar, gizli bulu\u015fma yerleri olan mahsende kimden geldi\u011fi belli olmayan gizemli metal bir kutu bulurlar. \u015eifreyle<span class=\"excerpt-hellip\"> [\u2026]<\/span><\/p>\n","protected":false},"featured_media":0,"template":"","meta":{"_monsterinsights_skip_tracking":false,"_monsterinsights_sitenote_active":false,"_monsterinsights_sitenote_note":"","_monsterinsights_sitenote_category":0},"product_brand":[],"product_cat":[13829,12274],"product_tag":[],"class_list":{"0":"post-771947","1":"product","2":"type-product","3":"status-publish","5":"product_cat-bilimsel-kitaplar","6":"product_cat-cocuk-ve-genclik-kitaplari","7":"pa_cilt-ciltsiz","8":"pa_tur-kitap","9":"pa_yayinevi-yediveren-cocuk","10":"pa_yazar-yigit-recep-efe","12":"first","13":"instock","14":"sale","15":"shipping-taxable","16":"purchasable","17":"product-type-simple"},"_links":{"self":[{"href":"https:\/\/roveyayinevi.com.tr\/index.php\/wp-json\/wp\/v2\/product\/771947","targetHints":{"allow":["GET"]}}],"collection":[{"href":"https:\/\/roveyayinevi.com.tr\/index.php\/wp-json\/wp\/v2\/product"}],"about":[{"href":"https:\/\/roveyayinevi.com.tr\/index.php\/wp-json\/wp\/v2\/types\/product"}],"wp:attachment":[{"href":"https:\/\/roveyayinevi.com.tr\/index.php\/wp-json\/wp\/v2\/media?parent=771947"}],"wp:term":[{"taxonomy":"product_brand","embeddable":true,"href":"https:\/\/roveyayinevi.com.tr\/index.php\/wp-json\/wp\/v2\/product_brand?post=771947"},{"taxonomy":"product_cat","embeddable":true,"href":"https:\/\/roveyayinevi.com.tr\/index.php\/wp-json\/wp\/v2\/product_cat?post=771947"},{"taxonomy":"product_tag","embeddable":true,"href":"https:\/\/roveyayinevi.com.tr\/index.php\/wp-json\/wp\/v2\/product_tag?post=771947"}],"curies":[{"name":"wp","href":"https:\/\/api.w.org\/{rel}","templated":true}]}}