{"id":771944,"date":"2025-08-28T15:23:13","date_gmt":"2025-08-28T12:23:13","guid":{"rendered":"https:\/\/roveyayinevi.com.tr\/index.php\/urun\/aptal-sinif\/"},"modified":"2026-04-15T03:38:19","modified_gmt":"2026-04-15T00:38:19","slug":"aptal-sinif","status":"publish","type":"product","link":"https:\/\/roveyayinevi.com.tr\/index.php\/urun\/aptal-sinif\/","title":{"rendered":"Aptal S\u0131n\u0131f"},"content":{"rendered":"<p>Arkam\u0131zdan g\u00fcl\u00fcn\u00fcp dalga ge\u00e7ildi\u011fini biliyoruz. Ancak \u00e7ekti\u011fimiz filmin sonunu izlemeden karar vermeyin. Ne demi\u015f atalar\u0131m\u0131z: Son g\u00fclen iyi g\u00fcler!  * S\u0131ra d\u0131\u015f\u0131 e\u011fitim teknikleri ve yeti\u015ftirdi\u011fi \u00f6\u011frencileriyle milyonlar\u0131n takdirini toplayan Ahmet Na\u00e7, ilk \u00f6yk\u00fc kitab\u0131 Aptal S\u0131n\u0131f\u2019la minik kitapseverlerin kar\u015f\u0131s\u0131na \u00e7\u0131k\u0131yor. Aptal olarak yaftalanan \u00e7ocuklar\u0131n do\u011fru motivasyonla nas\u0131l ola\u011fan\u00fcst\u00fc bireylere d\u00f6n\u00fc\u015febilece\u011fini g\u00f6sterdi\u011fi bu ba\u015far\u0131 \u00f6yk\u00fcs\u00fc okuyuculara ilham kayna\u011f\u0131 olacak.<\/p>\n","protected":false},"excerpt":{"rendered":"<p>Arkam\u0131zdan g\u00fcl\u00fcn\u00fcp dalga ge\u00e7ildi\u011fini biliyoruz. Ancak \u00e7ekti\u011fimiz filmin sonunu izlemeden karar vermeyin. Ne demi\u015f atalar\u0131m\u0131z: Son g\u00fclen iyi g\u00fcler! * S\u0131ra d\u0131\u015f\u0131 e\u011fitim teknikleri ve yeti\u015ftirdi\u011fi<span class=\"excerpt-hellip\"> [\u2026]<\/span><\/p>\n","protected":false},"featured_media":0,"template":"","meta":{"_monsterinsights_skip_tracking":false,"_monsterinsights_sitenote_active":false,"_monsterinsights_sitenote_note":"","_monsterinsights_sitenote_category":0},"product_brand":[],"product_cat":[12274,12284],"product_tag":[],"class_list":{"0":"post-771944","1":"product","2":"type-product","3":"status-publish","5":"product_cat-cocuk-ve-genclik-kitaplari","6":"product_cat-hikayeler","7":"pa_cilt-ciltsiz","8":"pa_tur-kitap","9":"pa_yayinevi-acayip-kitaplar","10":"pa_yazar-ahmet-nac","12":"first","13":"instock","14":"sale","15":"shipping-taxable","16":"purchasable","17":"product-type-simple"},"_links":{"self":[{"href":"https:\/\/roveyayinevi.com.tr\/index.php\/wp-json\/wp\/v2\/product\/771944","targetHints":{"allow":["GET"]}}],"collection":[{"href":"https:\/\/roveyayinevi.com.tr\/index.php\/wp-json\/wp\/v2\/product"}],"about":[{"href":"https:\/\/roveyayinevi.com.tr\/index.php\/wp-json\/wp\/v2\/types\/product"}],"wp:attachment":[{"href":"https:\/\/roveyayinevi.com.tr\/index.php\/wp-json\/wp\/v2\/media?parent=771944"}],"wp:term":[{"taxonomy":"product_brand","embeddable":true,"href":"https:\/\/roveyayinevi.com.tr\/index.php\/wp-json\/wp\/v2\/product_brand?post=771944"},{"taxonomy":"product_cat","embeddable":true,"href":"https:\/\/roveyayinevi.com.tr\/index.php\/wp-json\/wp\/v2\/product_cat?post=771944"},{"taxonomy":"product_tag","embeddable":true,"href":"https:\/\/roveyayinevi.com.tr\/index.php\/wp-json\/wp\/v2\/product_tag?post=771944"}],"curies":[{"name":"wp","href":"https:\/\/api.w.org\/{rel}","templated":true}]}}