{"id":771941,"date":"2025-08-28T15:23:07","date_gmt":"2025-08-28T12:23:07","guid":{"rendered":"https:\/\/roveyayinevi.com.tr\/index.php\/urun\/cumhuriyetin-yildizlari-seti-10-kitap-takim-kutulu\/"},"modified":"2026-04-03T03:30:01","modified_gmt":"2026-04-03T00:30:01","slug":"cumhuriyetin-yildizlari-seti-10-kitap-takim-kutulu","status":"publish","type":"product","link":"https:\/\/roveyayinevi.com.tr\/index.php\/urun\/cumhuriyetin-yildizlari-seti-10-kitap-takim-kutulu\/","title":{"rendered":"Cumhuriyetin Y\u0131ld\u0131zlar\u0131 Seti &#8211; 10 Kitap Tak\u0131m &#8211; Kutulu"},"content":{"rendered":"<p>T\u00fcrkiye\u2019nin temellerinin at\u0131ld\u0131\u011f\u0131  1923\u2019ten bu g\u00fcne cumhuriyet de\u011ferleriyle ya\u015fayan ve ya\u015fatan \u00f6rnek \u015fahsiyetler:1- Vecihi H\u00fcrku\u015f2- Sabiha G\u00f6k\u00e7en3- Cahit Arf4- Gazi Ya\u015fargil5- Muazzez \u0130lmiye \u00c7\u0131\u011f6- T\u00fcrkan Saylan7- Bar\u0131\u015f Man\u00e7o8- Hayrettin Karaca9- Do\u011fan C\u00fccelo\u011flu10- Aziz Sancar<\/p>\n","protected":false},"excerpt":{"rendered":"<p>T\u00fcrkiye\u2019nin temellerinin at\u0131ld\u0131\u011f\u0131 1923\u2019ten bu g\u00fcne cumhuriyet de\u011ferleriyle ya\u015fayan ve ya\u015fatan \u00f6rnek \u015fahsiyetler:1- Vecihi H\u00fcrku\u015f2- Sabiha G\u00f6k\u00e7en3- Cahit Arf4- Gazi Ya\u015fargil5- Muazzez \u0130lmiye \u00c7\u0131\u011f6- T\u00fcrkan Saylan7-<span class=\"excerpt-hellip\"> [\u2026]<\/span><\/p>\n","protected":false},"featured_media":0,"template":"","meta":{"_monsterinsights_skip_tracking":false,"_monsterinsights_sitenote_active":false,"_monsterinsights_sitenote_note":"","_monsterinsights_sitenote_category":0},"product_brand":[],"product_cat":[12291,12711],"product_tag":[],"class_list":{"0":"post-771941","1":"product","2":"type-product","3":"status-publish","5":"product_cat-edebiyat","6":"product_cat-roman-oyku","7":"pa_cilt-ciltsiz","8":"pa_tur-kitap","9":"pa_yayinevi-acayip-kitaplar","10":"pa_yazar-eda-bayrak","12":"first","13":"instock","14":"sale","15":"shipping-taxable","16":"purchasable","17":"product-type-simple"},"_links":{"self":[{"href":"https:\/\/roveyayinevi.com.tr\/index.php\/wp-json\/wp\/v2\/product\/771941","targetHints":{"allow":["GET"]}}],"collection":[{"href":"https:\/\/roveyayinevi.com.tr\/index.php\/wp-json\/wp\/v2\/product"}],"about":[{"href":"https:\/\/roveyayinevi.com.tr\/index.php\/wp-json\/wp\/v2\/types\/product"}],"wp:attachment":[{"href":"https:\/\/roveyayinevi.com.tr\/index.php\/wp-json\/wp\/v2\/media?parent=771941"}],"wp:term":[{"taxonomy":"product_brand","embeddable":true,"href":"https:\/\/roveyayinevi.com.tr\/index.php\/wp-json\/wp\/v2\/product_brand?post=771941"},{"taxonomy":"product_cat","embeddable":true,"href":"https:\/\/roveyayinevi.com.tr\/index.php\/wp-json\/wp\/v2\/product_cat?post=771941"},{"taxonomy":"product_tag","embeddable":true,"href":"https:\/\/roveyayinevi.com.tr\/index.php\/wp-json\/wp\/v2\/product_tag?post=771941"}],"curies":[{"name":"wp","href":"https:\/\/api.w.org\/{rel}","templated":true}]}}