{"id":771940,"date":"2025-08-28T15:23:05","date_gmt":"2025-08-28T12:23:05","guid":{"rendered":"https:\/\/roveyayinevi.com.tr\/index.php\/urun\/cilli-balerin\/"},"modified":"2026-04-15T03:38:19","modified_gmt":"2026-04-15T00:38:19","slug":"cilli-balerin","status":"publish","type":"product","link":"https:\/\/roveyayinevi.com.tr\/index.php\/urun\/cilli-balerin\/","title":{"rendered":"\u00c7illi Balerin"},"content":{"rendered":"<p>\u2026Ve \u00f6yle yapt\u0131. Her ak\u015fam sahile gitti, g\u00fcne\u015f batarken iskelede dans etti. Hi\u00e7 umudu kalmam\u0131\u015ft\u0131 art\u0131k, yerini hayale b\u0131rakm\u0131\u015ft\u0131. Babas\u0131n\u0131n ruhuna dans ediyor, kendisini seyretti\u011fini hayal ediyordu. Karar\u0131n\u0131 annesine a\u00e7\u0131klam\u0131\u015ft\u0131. Arkada\u015flar\u0131na balerin olaca\u011f\u0131n\u0131 s\u00f6yl\u00fcyor, hi\u00e7 kimse ona inanm\u0131yordu. O kadar \u00e7ok \u00e7al\u0131\u015f\u0131yordu ki kendi kendine, yaralan\u0131yordu s\u0131k s\u0131k. Bilekleri burkuluyor, tabanlar\u0131 soyuluyor; d\u00fc\u015ft\u00fck\u00e7e dizlerini ve dirseklerini incitiyordu. Hep bir yeri sarg\u0131l\u0131 olurdu. Bu y\u00fczden okulunda, Par\u00e7a Pin\u00e7ik Balerin diyorlard\u0131 ona, k\u0131saca Parpin diyordu arkada\u015flar\u0131.<\/p>\n","protected":false},"excerpt":{"rendered":"<p>\u2026Ve \u00f6yle yapt\u0131. Her ak\u015fam sahile gitti, g\u00fcne\u015f batarken iskelede dans etti. Hi\u00e7 umudu kalmam\u0131\u015ft\u0131 art\u0131k, yerini hayale b\u0131rakm\u0131\u015ft\u0131. Babas\u0131n\u0131n ruhuna dans ediyor, kendisini seyretti\u011fini hayal<span class=\"excerpt-hellip\"> [\u2026]<\/span><\/p>\n","protected":false},"featured_media":0,"template":"","meta":{"_monsterinsights_skip_tracking":false,"_monsterinsights_sitenote_active":false,"_monsterinsights_sitenote_note":"","_monsterinsights_sitenote_category":0},"product_brand":[],"product_cat":[12274,12284],"product_tag":[],"class_list":{"0":"post-771940","1":"product","2":"type-product","3":"status-publish","5":"product_cat-cocuk-ve-genclik-kitaplari","6":"product_cat-hikayeler","7":"pa_cilt-ciltsiz","8":"pa_tur-kitap","9":"pa_yayinevi-yediveren-cocuk","10":"pa_yazar-kahraman-tazeoglu","12":"first","13":"instock","14":"sale","15":"shipping-taxable","16":"purchasable","17":"product-type-simple"},"_links":{"self":[{"href":"https:\/\/roveyayinevi.com.tr\/index.php\/wp-json\/wp\/v2\/product\/771940","targetHints":{"allow":["GET"]}}],"collection":[{"href":"https:\/\/roveyayinevi.com.tr\/index.php\/wp-json\/wp\/v2\/product"}],"about":[{"href":"https:\/\/roveyayinevi.com.tr\/index.php\/wp-json\/wp\/v2\/types\/product"}],"wp:attachment":[{"href":"https:\/\/roveyayinevi.com.tr\/index.php\/wp-json\/wp\/v2\/media?parent=771940"}],"wp:term":[{"taxonomy":"product_brand","embeddable":true,"href":"https:\/\/roveyayinevi.com.tr\/index.php\/wp-json\/wp\/v2\/product_brand?post=771940"},{"taxonomy":"product_cat","embeddable":true,"href":"https:\/\/roveyayinevi.com.tr\/index.php\/wp-json\/wp\/v2\/product_cat?post=771940"},{"taxonomy":"product_tag","embeddable":true,"href":"https:\/\/roveyayinevi.com.tr\/index.php\/wp-json\/wp\/v2\/product_tag?post=771940"}],"curies":[{"name":"wp","href":"https:\/\/api.w.org\/{rel}","templated":true}]}}