{"id":771939,"date":"2025-08-28T15:23:03","date_gmt":"2025-08-28T12:23:03","guid":{"rendered":"https:\/\/roveyayinevi.com.tr\/index.php\/urun\/gorevimiz-tren\/"},"modified":"2026-04-15T03:38:19","modified_gmt":"2026-04-15T00:38:19","slug":"gorevimiz-tren","status":"publish","type":"product","link":"https:\/\/roveyayinevi.com.tr\/index.php\/urun\/gorevimiz-tren\/","title":{"rendered":"G\u00f6revimiz Tren"},"content":{"rendered":"<p>Keyifli bir tren maceras\u0131: \u00d6\u011fretici sorularla dolu bir yolculuk!Haydi \u00e7ocuklar, tren kalkmak \u00fczere! Biletlerinizi ayarlar\u0131n ve yolculu\u011fun ba\u015flamas\u0131na haz\u0131r olun. Trenle seyahat etmenin keyfini \u00e7\u0131kar\u0131n. K\u00fc\u00e7\u00fck makinistler, sizi bu g\u00fczel yolculukta e\u011flenceli sorular bekliyor. Manzaran\u0131n tad\u0131n\u0131 \u00e7\u0131karaca\u011f\u0131n\u0131z ve h\u0131z\u0131yla ba\u015f\u0131n\u0131z\u0131 d\u00f6nd\u00fcrecek bir yolculu\u011fa \u00e7\u0131kacaks\u0131n\u0131z. Trenlerle ilgili ke\u015ffetmek istedi\u011finiz her \u015fey bu kitapta. Raylar \u00fczerindeki trenlerin b\u00fcy\u00fcl\u00fc d\u00fcnyas\u0131 sizi i\u00e7ine \u00e7ekecek, demiryollar\u0131na dair yeni bilgiler \u00f6\u011freneceksiniz.Trenlerle e\u011flenceye haz\u0131r m\u0131s\u0131n\u0131z?<\/p>\n","protected":false},"excerpt":{"rendered":"<p>Keyifli bir tren maceras\u0131: \u00d6\u011fretici sorularla dolu bir yolculuk!Haydi \u00e7ocuklar, tren kalkmak \u00fczere! Biletlerinizi ayarlar\u0131n ve yolculu\u011fun ba\u015flamas\u0131na haz\u0131r olun. Trenle seyahat etmenin keyfini \u00e7\u0131kar\u0131n. K\u00fc\u00e7\u00fck<span class=\"excerpt-hellip\"> [\u2026]<\/span><\/p>\n","protected":false},"featured_media":0,"template":"","meta":{"_monsterinsights_skip_tracking":false,"_monsterinsights_sitenote_active":false,"_monsterinsights_sitenote_note":"","_monsterinsights_sitenote_category":0},"product_brand":[],"product_cat":[12274,12284],"product_tag":[],"class_list":{"0":"post-771939","1":"product","2":"type-product","3":"status-publish","5":"product_cat-cocuk-ve-genclik-kitaplari","6":"product_cat-hikayeler","7":"pa_cilt-ciltsiz","8":"pa_tur-kitap","9":"pa_yayinevi-yediveren-cocuk","10":"pa_yazar-burcu-karadas","12":"first","13":"instock","14":"sale","15":"shipping-taxable","16":"purchasable","17":"product-type-simple"},"_links":{"self":[{"href":"https:\/\/roveyayinevi.com.tr\/index.php\/wp-json\/wp\/v2\/product\/771939","targetHints":{"allow":["GET"]}}],"collection":[{"href":"https:\/\/roveyayinevi.com.tr\/index.php\/wp-json\/wp\/v2\/product"}],"about":[{"href":"https:\/\/roveyayinevi.com.tr\/index.php\/wp-json\/wp\/v2\/types\/product"}],"wp:attachment":[{"href":"https:\/\/roveyayinevi.com.tr\/index.php\/wp-json\/wp\/v2\/media?parent=771939"}],"wp:term":[{"taxonomy":"product_brand","embeddable":true,"href":"https:\/\/roveyayinevi.com.tr\/index.php\/wp-json\/wp\/v2\/product_brand?post=771939"},{"taxonomy":"product_cat","embeddable":true,"href":"https:\/\/roveyayinevi.com.tr\/index.php\/wp-json\/wp\/v2\/product_cat?post=771939"},{"taxonomy":"product_tag","embeddable":true,"href":"https:\/\/roveyayinevi.com.tr\/index.php\/wp-json\/wp\/v2\/product_tag?post=771939"}],"curies":[{"name":"wp","href":"https:\/\/api.w.org\/{rel}","templated":true}]}}