{"id":771938,"date":"2025-08-28T15:23:01","date_gmt":"2025-08-28T12:23:01","guid":{"rendered":"https:\/\/roveyayinevi.com.tr\/index.php\/urun\/gorevimiz-gemi\/"},"modified":"2026-04-15T03:38:19","modified_gmt":"2026-04-15T00:38:19","slug":"gorevimiz-gemi","status":"publish","type":"product","link":"https:\/\/roveyayinevi.com.tr\/index.php\/urun\/gorevimiz-gemi\/","title":{"rendered":"G\u00f6revimiz Gemi"},"content":{"rendered":"<p>Gizemli bir gemi maceras\u0131: E\u011fitici sorularla dolu bir yolculuk! Haydi \u00e7ocuklar, geminin g\u00fcvertesinde yerinizi al\u0131n ve denizin kalbinde ilerleyin. K\u00fc\u00e7\u00fck deniz tutkunu maceraperestler, bu g\u00fczel yolculukta g\u00fcne\u015fin \u0131\u015f\u0131lt\u0131s\u0131 size e\u015flik edecek. Heyecan verici sorularla okyanusun derinliklerinde cesur bir yolculu\u011fa \u00e7\u0131kacaks\u0131n\u0131z. Gemilerin s\u0131rlar\u0131 ile ilgili arad\u0131\u011f\u0131n\u0131z her \u015fey bu kitapta. D\u00fcmeni \u00e7evirirken farkl\u0131 t\u00fcrdeki gemilerin ne i\u015fe yarad\u0131\u011f\u0131n\u0131 ve \u00e7al\u0131\u015fma prensiplerinin ne oldu\u011funu ke\u015ffedeceksiniz. Gemilerle e\u011flenceye haz\u0131r m\u0131s\u0131n\u0131z?<\/p>\n","protected":false},"excerpt":{"rendered":"<p>Gizemli bir gemi maceras\u0131: E\u011fitici sorularla dolu bir yolculuk! Haydi \u00e7ocuklar, geminin g\u00fcvertesinde yerinizi al\u0131n ve denizin kalbinde ilerleyin. K\u00fc\u00e7\u00fck deniz tutkunu maceraperestler, bu g\u00fczel yolculukta<span class=\"excerpt-hellip\"> [\u2026]<\/span><\/p>\n","protected":false},"featured_media":0,"template":"","meta":{"_monsterinsights_skip_tracking":false,"_monsterinsights_sitenote_active":false,"_monsterinsights_sitenote_note":"","_monsterinsights_sitenote_category":0},"product_brand":[],"product_cat":[12274,12284],"product_tag":[],"class_list":{"0":"post-771938","1":"product","2":"type-product","3":"status-publish","5":"product_cat-cocuk-ve-genclik-kitaplari","6":"product_cat-hikayeler","7":"pa_cilt-ciltsiz","8":"pa_tur-kitap","9":"pa_yayinevi-yediveren-cocuk","10":"pa_yazar-burcu-karadas","12":"first","13":"instock","14":"sale","15":"shipping-taxable","16":"purchasable","17":"product-type-simple"},"_links":{"self":[{"href":"https:\/\/roveyayinevi.com.tr\/index.php\/wp-json\/wp\/v2\/product\/771938","targetHints":{"allow":["GET"]}}],"collection":[{"href":"https:\/\/roveyayinevi.com.tr\/index.php\/wp-json\/wp\/v2\/product"}],"about":[{"href":"https:\/\/roveyayinevi.com.tr\/index.php\/wp-json\/wp\/v2\/types\/product"}],"wp:attachment":[{"href":"https:\/\/roveyayinevi.com.tr\/index.php\/wp-json\/wp\/v2\/media?parent=771938"}],"wp:term":[{"taxonomy":"product_brand","embeddable":true,"href":"https:\/\/roveyayinevi.com.tr\/index.php\/wp-json\/wp\/v2\/product_brand?post=771938"},{"taxonomy":"product_cat","embeddable":true,"href":"https:\/\/roveyayinevi.com.tr\/index.php\/wp-json\/wp\/v2\/product_cat?post=771938"},{"taxonomy":"product_tag","embeddable":true,"href":"https:\/\/roveyayinevi.com.tr\/index.php\/wp-json\/wp\/v2\/product_tag?post=771938"}],"curies":[{"name":"wp","href":"https:\/\/api.w.org\/{rel}","templated":true}]}}