{"id":771933,"date":"2025-08-28T15:22:51","date_gmt":"2025-08-28T12:22:51","guid":{"rendered":"https:\/\/roveyayinevi.com.tr\/index.php\/urun\/dikkatim-fena-dagildi-sevimli-canavar-gunlugu\/"},"modified":"2026-04-15T03:38:19","modified_gmt":"2026-04-15T00:38:19","slug":"dikkatim-fena-dagildi-sevimli-canavar-gunlugu","status":"publish","type":"product","link":"https:\/\/roveyayinevi.com.tr\/index.php\/urun\/dikkatim-fena-dagildi-sevimli-canavar-gunlugu\/","title":{"rendered":"Dikkatim Fena Da\u011f\u0131ld\u0131! &#8211; Sevimli Canavar G\u00fcnl\u00fc\u011f\u00fc"},"content":{"rendered":"<p>Kar\u015f\u0131n\u0131zda macerac\u0131 Marvin: On iki telli yavru gitar\u0131, deli\u015fmen hiperaktivitesi ve her \u015feyi yazd\u0131\u011f\u0131 g\u00fcnl\u00fc\u011f\u00fcyle sevimli bir canavar. \u00d6\u011fretmenlerinden s\u0131k s\u0131k azar i\u015fiten, anne babas\u0131n\u0131n kafas\u0131n\u0131 kar\u0131\u015ft\u0131r\u0131p duran ve ablas\u0131n\u0131n ifadesiyle &#8220;\u00fc\u00e7 kuyruklu maymun familyas\u0131na ait&#8221; bir canavar. K\u0131sacas\u0131 Marvin hayat\u0131n\u0131n kontrol\u00fcn\u00fc nas\u0131l eline alaca\u011f\u0131n\u0131 bilmiyor. Ta ki gizli bir form\u00fcl her \u015feyi de\u011fi\u015ftirene kadar&#8230;  Marvin, g\u00fcnl\u00fc\u011f\u00fcyle bir yandan keyifli maceralar\u0131n\u0131, s\u0131k\u0131nt\u0131lar\u0131n\u0131 ve sonunda ula\u015ft\u0131\u011f\u0131 ba\u015far\u0131lar\u0131 e\u011flenceli \u00e7izimler ve samimi bir dille anlat\u0131rken di\u011fer yandan size de yol g\u00f6steriyor. Dikkat eksikli\u011fi ve hiperaktivite konusunda \u00e7ocuklar\u0131n okumak isteyece\u011fi kitap i\u015fte budur!  Marvin\u2019in Sevimli Canavar G\u00fcnl\u00fc\u011f\u00fc,  Dr. Melmed&#8217;in y\u00f6ntemlerini uygularken anne-babalar ve \u00f6\u011fretmenlere yard\u0131mc\u0131 bir \u00e7al\u0131\u015fma olarak kar\u015f\u0131n\u0131za \u00e7\u0131k\u0131yor.  Ayr\u0131ca \u00e7ocuklar\u0131n keyifle \u00e7o\u011falt\u0131p boyayabilece\u011fi ve evin her taraf\u0131na yap\u0131\u015ft\u0131rabilecekleri ST4 hat\u0131rlat\u0131c\u0131 etiketleri de bu kitapta.<\/p>\n","protected":false},"excerpt":{"rendered":"<p>Kar\u015f\u0131n\u0131zda macerac\u0131 Marvin: On iki telli yavru gitar\u0131, deli\u015fmen hiperaktivitesi ve her \u015feyi yazd\u0131\u011f\u0131 g\u00fcnl\u00fc\u011f\u00fcyle sevimli bir canavar. \u00d6\u011fretmenlerinden s\u0131k s\u0131k azar i\u015fiten, anne babas\u0131n\u0131n kafas\u0131n\u0131<span class=\"excerpt-hellip\"> [\u2026]<\/span><\/p>\n","protected":false},"featured_media":0,"template":"","meta":{"_monsterinsights_skip_tracking":false,"_monsterinsights_sitenote_active":false,"_monsterinsights_sitenote_note":"","_monsterinsights_sitenote_category":0},"product_brand":[],"product_cat":[12274,12284],"product_tag":[],"class_list":{"0":"post-771933","1":"product","2":"type-product","3":"status-publish","5":"product_cat-cocuk-ve-genclik-kitaplari","6":"product_cat-hikayeler","7":"pa_cilt-ciltsiz","8":"pa_tur-kitap","9":"pa_yayinevi-yediveren-cocuk","10":"pa_yazar-raun-melmed","12":"first","13":"instock","14":"sale","15":"shipping-taxable","16":"purchasable","17":"product-type-simple"},"_links":{"self":[{"href":"https:\/\/roveyayinevi.com.tr\/index.php\/wp-json\/wp\/v2\/product\/771933","targetHints":{"allow":["GET"]}}],"collection":[{"href":"https:\/\/roveyayinevi.com.tr\/index.php\/wp-json\/wp\/v2\/product"}],"about":[{"href":"https:\/\/roveyayinevi.com.tr\/index.php\/wp-json\/wp\/v2\/types\/product"}],"wp:attachment":[{"href":"https:\/\/roveyayinevi.com.tr\/index.php\/wp-json\/wp\/v2\/media?parent=771933"}],"wp:term":[{"taxonomy":"product_brand","embeddable":true,"href":"https:\/\/roveyayinevi.com.tr\/index.php\/wp-json\/wp\/v2\/product_brand?post=771933"},{"taxonomy":"product_cat","embeddable":true,"href":"https:\/\/roveyayinevi.com.tr\/index.php\/wp-json\/wp\/v2\/product_cat?post=771933"},{"taxonomy":"product_tag","embeddable":true,"href":"https:\/\/roveyayinevi.com.tr\/index.php\/wp-json\/wp\/v2\/product_tag?post=771933"}],"curies":[{"name":"wp","href":"https:\/\/api.w.org\/{rel}","templated":true}]}}