{"id":771932,"date":"2025-08-28T15:22:50","date_gmt":"2025-08-28T12:22:50","guid":{"rendered":"https:\/\/roveyayinevi.com.tr\/index.php\/urun\/kafkasyada-gizli-bir-bourdieu-hayrani\/"},"modified":"2026-04-15T03:38:19","modified_gmt":"2026-04-15T00:38:19","slug":"kafkasyada-gizli-bir-bourdieu-hayrani","status":"publish","type":"product","link":"https:\/\/roveyayinevi.com.tr\/index.php\/urun\/kafkasyada-gizli-bir-bourdieu-hayrani\/","title":{"rendered":"Kafkasya&#8217;da Gizli Bir Bourdieu Hayran\u0131"},"content":{"rendered":"<p>Bu kitapta Sovyet sosyalizminin \u00e7\u00f6k\u00fc\u015f\u00fcnde etkili olan dinamiklerin etkileyici bir a\u00e7\u0131klamas\u0131 sunuluyor. \u0130nsan faaliyetlerinin yap\u0131sal g\u00fc\u00e7lerle etkile\u015fimi tart\u0131\u015f\u0131l\u0131rken, Kafkasya&#8217;daki k\u00fc\u00e7\u00fck bir kasabadan \u00e7\u0131karak, yine Kafkasya&#8217;da Sovyet sonras\u0131 \u00e7alkant\u0131l\u0131 d\u00f6nemin \u00f6nde gelen liderlerinden biri haline gelen Musa \u015een\u0131be\u2019nin hayat hikayesi birinci elden anlat\u0131mlarla yeniden kurgulan\u0131yor. Yazar, \u015een\u0131be\u2019yi ve onun Pierre Bourdieu sosyolojisine olan derin ilgisini incelerken, bu muhalif entelekt\u00fcelin nas\u0131l ve neden milliyet\u00e7i bir sava\u015f baronuna d\u00f6n\u00fc\u015ft\u00fc\u011f\u00fcn\u00fc ortaya koyuyor. K\u00fcreselle\u015fme, demokratikle\u015fme, etnik kimlik ve etnik \u015fiddeti derinlemesine irdelerken, \u015een\u0131be\u2019nin ki\u015fisel yolculu\u011funu destalinizasyon d\u00f6neminden 1990&#8217;lardaki milliyet\u00e7i isyanlara ve son y\u0131llardaki \u0130slami radikalizmin y\u00fckseli\u015fine kadar bir ba\u011flama yerle\u015ftiriyor. Kitapta Charles Tilly, Immanuel Wallerstein ve Bourdieu&#8217;n\u00fcn \u00e7al\u0131\u015fmalar\u0131 temel al\u0131narak, Rusya\u2019daki son etnik sava\u015flar hakk\u0131nda analizler yap\u0131l\u0131yor ve fail olarak insan\u0131n tarihi \u015fekillendirmedeki rol\u00fcne \u0131\u015f\u0131k tutuluyor. Siyaset sosyolojisi alan\u0131na \u00f6nemli bir katk\u0131da bulunan kitap Norbert Elias \u00d6d\u00fcl\u00fc ve Amerikan Sosyoloji Derne\u011fi Siyaset Sosyolojisi \u00d6d\u00fcl\u00fc ald\u0131, Times Literary Supplement taraf\u0131ndan  2006 y\u0131l\u0131nda &#8220;Y\u0131l\u0131n Kitaplar\u0131&#8221; listesine al\u0131nd\u0131.<\/p>\n","protected":false},"excerpt":{"rendered":"<p>Bu kitapta Sovyet sosyalizminin \u00e7\u00f6k\u00fc\u015f\u00fcnde etkili olan dinamiklerin etkileyici bir a\u00e7\u0131klamas\u0131 sunuluyor. \u0130nsan faaliyetlerinin yap\u0131sal g\u00fc\u00e7lerle etkile\u015fimi tart\u0131\u015f\u0131l\u0131rken, Kafkasya&#8217;daki k\u00fc\u00e7\u00fck bir kasabadan \u00e7\u0131karak, yine Kafkasya&#8217;da Sovyet<span class=\"excerpt-hellip\"> [\u2026]<\/span><\/p>\n","protected":false},"featured_media":0,"template":"","meta":{"_monsterinsights_skip_tracking":false,"_monsterinsights_sitenote_active":false,"_monsterinsights_sitenote_note":"","_monsterinsights_sitenote_category":0},"product_brand":[],"product_cat":[12324],"product_tag":[],"class_list":{"0":"post-771932","1":"product","2":"type-product","3":"status-publish","5":"product_cat-sosyoloji","6":"pa_cilt-ciltsiz","7":"pa_tur-kitap","8":"pa_yayinevi-koyusiyah-kitap","9":"pa_yazar-georgi-m-derluguian","11":"first","12":"instock","13":"sale","14":"shipping-taxable","15":"purchasable","16":"product-type-simple"},"_links":{"self":[{"href":"https:\/\/roveyayinevi.com.tr\/index.php\/wp-json\/wp\/v2\/product\/771932","targetHints":{"allow":["GET"]}}],"collection":[{"href":"https:\/\/roveyayinevi.com.tr\/index.php\/wp-json\/wp\/v2\/product"}],"about":[{"href":"https:\/\/roveyayinevi.com.tr\/index.php\/wp-json\/wp\/v2\/types\/product"}],"wp:attachment":[{"href":"https:\/\/roveyayinevi.com.tr\/index.php\/wp-json\/wp\/v2\/media?parent=771932"}],"wp:term":[{"taxonomy":"product_brand","embeddable":true,"href":"https:\/\/roveyayinevi.com.tr\/index.php\/wp-json\/wp\/v2\/product_brand?post=771932"},{"taxonomy":"product_cat","embeddable":true,"href":"https:\/\/roveyayinevi.com.tr\/index.php\/wp-json\/wp\/v2\/product_cat?post=771932"},{"taxonomy":"product_tag","embeddable":true,"href":"https:\/\/roveyayinevi.com.tr\/index.php\/wp-json\/wp\/v2\/product_tag?post=771932"}],"curies":[{"name":"wp","href":"https:\/\/api.w.org\/{rel}","templated":true}]}}