{"id":771923,"date":"2025-08-28T15:22:29","date_gmt":"2025-08-28T12:22:29","guid":{"rendered":"https:\/\/roveyayinevi.com.tr\/index.php\/urun\/adan-zye-basarili-iletisim\/"},"modified":"2026-04-15T03:38:18","modified_gmt":"2026-04-15T00:38:18","slug":"adan-zye-basarili-iletisim","status":"publish","type":"product","link":"https:\/\/roveyayinevi.com.tr\/index.php\/urun\/adan-zye-basarili-iletisim\/","title":{"rendered":"A\u2019dan Z\u2019ye Ba\u015far\u0131l\u0131 \u0130leti\u015fim"},"content":{"rendered":"<p>\u0130leti\u015fim en yal\u0131n anlamda; duygular\u0131n\u0131, d\u00fc\u015f\u00fcncelerini, bilgilerini belli sembollerle anlatan g\u00f6nderici, yani kaynak ile bu sembolleri \u00e7\u00f6z\u00fcmleyip, alg\u0131layan ve anlayan bir al\u0131c\u0131y\u0131 gerektirir. \u0130leti\u015fim s\u00fcrecinin i\u015fleyi\u015fi, belli bir ileti\u015fim durumunda ileti\u015fimde yer alan \u00f6\u011feler ve bunlar\u0131n kar\u015f\u0131l\u0131kl\u0131 ili\u015fki ve etkile\u015fimlerini g\u00f6steren bir model \u00fczerinden incelenebilir. Ki\u015filer aras\u0131 ileti\u015fimi temel alan bu modele g\u00f6re i\u015flevsel a\u00e7\u0131dan kaynaktan al\u0131c\u0131ya, al\u0131c\u0131dan kayna\u011fa olmak \u00fczere iki a\u015famal\u0131 bir i\u015fleyi\u015f s\u00f6z konusudur. Birinci a\u015fama, anlamland\u0131rma, yani kayna\u011f\u0131n i\u00e7inde bulundu\u011fu durumu de\u011ferlendirip sonra amac\u0131na uygun mesajlar\u0131 zihinsel olarak olu\u015fturmas\u0131 ve mesajlar\u0131 kodlama, mesajlar\u0131 g\u00f6nderme s\u00fcre\u00e7lerinden olu\u015fur. \u0130kinci a\u015fama, alg\u0131lama ve kod a\u00e7ma, yorumlama, kodlama ve geri besleme s\u00fcre\u00e7lerinden olu\u015fur.<\/p>\n","protected":false},"excerpt":{"rendered":"<p>\u0130leti\u015fim en yal\u0131n anlamda; duygular\u0131n\u0131, d\u00fc\u015f\u00fcncelerini, bilgilerini belli sembollerle anlatan g\u00f6nderici, yani kaynak ile bu sembolleri \u00e7\u00f6z\u00fcmleyip, alg\u0131layan ve anlayan bir al\u0131c\u0131y\u0131 gerektirir. \u0130leti\u015fim s\u00fcrecinin i\u015fleyi\u015fi,<span class=\"excerpt-hellip\"> [\u2026]<\/span><\/p>\n","protected":false},"featured_media":0,"template":"","meta":{"_monsterinsights_skip_tracking":false,"_monsterinsights_sitenote_active":false,"_monsterinsights_sitenote_note":"","_monsterinsights_sitenote_category":0},"product_brand":[],"product_cat":[12364,12376],"product_tag":[],"class_list":{"0":"post-771923","1":"product","2":"type-product","3":"status-publish","5":"product_cat-genel-konular","6":"product_cat-kisisel-gelisim","7":"pa_cilt-ciltsiz","8":"pa_tur-kitap","9":"pa_yayinevi-eftalya-kitap","10":"pa_yazar-mustafa-alyaz","12":"first","13":"instock","14":"sale","15":"shipping-taxable","16":"purchasable","17":"product-type-simple"},"_links":{"self":[{"href":"https:\/\/roveyayinevi.com.tr\/index.php\/wp-json\/wp\/v2\/product\/771923","targetHints":{"allow":["GET"]}}],"collection":[{"href":"https:\/\/roveyayinevi.com.tr\/index.php\/wp-json\/wp\/v2\/product"}],"about":[{"href":"https:\/\/roveyayinevi.com.tr\/index.php\/wp-json\/wp\/v2\/types\/product"}],"wp:attachment":[{"href":"https:\/\/roveyayinevi.com.tr\/index.php\/wp-json\/wp\/v2\/media?parent=771923"}],"wp:term":[{"taxonomy":"product_brand","embeddable":true,"href":"https:\/\/roveyayinevi.com.tr\/index.php\/wp-json\/wp\/v2\/product_brand?post=771923"},{"taxonomy":"product_cat","embeddable":true,"href":"https:\/\/roveyayinevi.com.tr\/index.php\/wp-json\/wp\/v2\/product_cat?post=771923"},{"taxonomy":"product_tag","embeddable":true,"href":"https:\/\/roveyayinevi.com.tr\/index.php\/wp-json\/wp\/v2\/product_tag?post=771923"}],"curies":[{"name":"wp","href":"https:\/\/api.w.org\/{rel}","templated":true}]}}