{"id":771922,"date":"2025-08-28T15:22:27","date_gmt":"2025-08-28T12:22:27","guid":{"rendered":"https:\/\/roveyayinevi.com.tr\/index.php\/urun\/ekip-siberay-kimlik-hirsizlari\/"},"modified":"2026-04-15T03:38:18","modified_gmt":"2026-04-15T00:38:18","slug":"ekip-siberay-kimlik-hirsizlari","status":"publish","type":"product","link":"https:\/\/roveyayinevi.com.tr\/index.php\/urun\/ekip-siberay-kimlik-hirsizlari\/","title":{"rendered":"Ekip: Siberay &#8211; Kimlik H\u0131rs\u0131zlar\u0131"},"content":{"rendered":"<p>Teknolojik geli\u015fmelerle her ge\u00e7en g\u00fcn b\u00fcy\u00fcyen siber d\u00fcnya, k\u00f6t\u00fc niyetli ki\u015filerin de dikkatini \u00e7ekiyor. Birileri, internetin karanl\u0131k k\u00f6\u015felerinde \u015fifrelerimizi k\u0131rmak, kimlik bilgilerimizi \u00e7almak ve \u00f6zel verilerimizi ele ge\u00e7irmek i\u00e7in planlar yap\u0131yor olabilir. Peki, bu siber haydutlara kar\u015f\u0131 kendimizi nas\u0131l koruyaca\u011f\u0131z? Merak etme Ekip:Siberay yan\u0131nda! Hakan, Selvi ve Umut\u2019la birlikte siber d\u00fcnyan\u0131n k\u00f6t\u00fcleriyle nas\u0131l m\u00fccadele edebilece\u011fini \u00f6\u011frenmek istiyorsan e\u011flenceli bir macera seni bekliyor.<\/p>\n","protected":false},"excerpt":{"rendered":"<p>Teknolojik geli\u015fmelerle her ge\u00e7en g\u00fcn b\u00fcy\u00fcyen siber d\u00fcnya, k\u00f6t\u00fc niyetli ki\u015filerin de dikkatini \u00e7ekiyor. Birileri, internetin karanl\u0131k k\u00f6\u015felerinde \u015fifrelerimizi k\u0131rmak, kimlik bilgilerimizi \u00e7almak ve \u00f6zel verilerimizi<span class=\"excerpt-hellip\"> [\u2026]<\/span><\/p>\n","protected":false},"featured_media":0,"template":"","meta":{"_monsterinsights_skip_tracking":false,"_monsterinsights_sitenote_active":false,"_monsterinsights_sitenote_note":"","_monsterinsights_sitenote_category":0},"product_brand":[],"product_cat":[13829,12274],"product_tag":[],"class_list":{"0":"post-771922","1":"product","2":"type-product","3":"status-publish","5":"product_cat-bilimsel-kitaplar","6":"product_cat-cocuk-ve-genclik-kitaplari","7":"pa_cilt-ciltsiz","8":"pa_tur-kitap","9":"pa_yayinevi-yediveren-cocuk","10":"pa_yazar-burcu-karadas","12":"first","13":"instock","14":"sale","15":"shipping-taxable","16":"purchasable","17":"product-type-simple"},"_links":{"self":[{"href":"https:\/\/roveyayinevi.com.tr\/index.php\/wp-json\/wp\/v2\/product\/771922","targetHints":{"allow":["GET"]}}],"collection":[{"href":"https:\/\/roveyayinevi.com.tr\/index.php\/wp-json\/wp\/v2\/product"}],"about":[{"href":"https:\/\/roveyayinevi.com.tr\/index.php\/wp-json\/wp\/v2\/types\/product"}],"wp:attachment":[{"href":"https:\/\/roveyayinevi.com.tr\/index.php\/wp-json\/wp\/v2\/media?parent=771922"}],"wp:term":[{"taxonomy":"product_brand","embeddable":true,"href":"https:\/\/roveyayinevi.com.tr\/index.php\/wp-json\/wp\/v2\/product_brand?post=771922"},{"taxonomy":"product_cat","embeddable":true,"href":"https:\/\/roveyayinevi.com.tr\/index.php\/wp-json\/wp\/v2\/product_cat?post=771922"},{"taxonomy":"product_tag","embeddable":true,"href":"https:\/\/roveyayinevi.com.tr\/index.php\/wp-json\/wp\/v2\/product_tag?post=771922"}],"curies":[{"name":"wp","href":"https:\/\/api.w.org\/{rel}","templated":true}]}}