{"id":771915,"date":"2025-08-28T15:22:13","date_gmt":"2025-08-28T12:22:13","guid":{"rendered":"https:\/\/roveyayinevi.com.tr\/index.php\/urun\/kabus-avcisi-kuklalar-prensi\/"},"modified":"2026-04-15T03:38:18","modified_gmt":"2026-04-15T00:38:18","slug":"kabus-avcisi-kuklalar-prensi","status":"publish","type":"product","link":"https:\/\/roveyayinevi.com.tr\/index.php\/urun\/kabus-avcisi-kuklalar-prensi\/","title":{"rendered":"Kabus Avc\u0131s\u0131 &#8211; Kuklalar Prensi"},"content":{"rendered":"<p>Usta bir K\u00e2bus Avc\u0131s\u0131 olma yolunda ilerleyen Thomas kar\u015f\u0131s\u0131na \u00e7\u0131kan canavarlarla m\u00fccadele ederken bir yandan da yeni d\u00e2hil oldu\u011fu bu toplulu\u011fun kurallar\u0131n\u0131 \u00f6\u011frenmek zorundad\u0131r. Ama vermesi gereken sava\u015f Thomas\u2019\u0131n d\u00fc\u015f\u00fcnd\u00fc\u011f\u00fc kadar kolay olmayacakt\u0131r. Thomas\u2019\u0131n \u015fehrine gelen Ay\u0131n Harikalar\u0131 Sirki, Thomas\u2019\u0131 hem en b\u00fcy\u00fck korkular\u0131 ile y\u00fczle\u015ftirecek hem de ona olmas\u0131 gereken ki\u015finin kim oldu\u011funu g\u00f6sterecektir. Thomas nihayet oldu\u011fu ki\u015fiden korkmamay\u0131 \u00f6\u011frenir fakat K\u00e2bus D\u00fck\u00fc\u2019n\u00fcn onun i\u00e7in \u00e7ok daha farkl\u0131 planlar\u0131 vard\u0131r.<\/p>\n","protected":false},"excerpt":{"rendered":"<p>Usta bir K\u00e2bus Avc\u0131s\u0131 olma yolunda ilerleyen Thomas kar\u015f\u0131s\u0131na \u00e7\u0131kan canavarlarla m\u00fccadele ederken bir yandan da yeni d\u00e2hil oldu\u011fu bu toplulu\u011fun kurallar\u0131n\u0131 \u00f6\u011frenmek zorundad\u0131r. Ama vermesi<span class=\"excerpt-hellip\"> [\u2026]<\/span><\/p>\n","protected":false},"featured_media":0,"template":"","meta":{"_monsterinsights_skip_tracking":false,"_monsterinsights_sitenote_active":false,"_monsterinsights_sitenote_note":"","_monsterinsights_sitenote_category":0},"product_brand":[],"product_cat":[12416,12291],"product_tag":[],"class_list":{"0":"post-771915","1":"product","2":"type-product","3":"status-publish","5":"product_cat-cizgi-roman","6":"product_cat-edebiyat","7":"pa_cilt-ciltsiz","8":"pa_tur-kitap","9":"pa_yayinevi-acayip-kitaplar","10":"pa_yazar-theodore-darkwood","12":"first","13":"instock","14":"sale","15":"shipping-taxable","16":"purchasable","17":"product-type-simple"},"_links":{"self":[{"href":"https:\/\/roveyayinevi.com.tr\/index.php\/wp-json\/wp\/v2\/product\/771915","targetHints":{"allow":["GET"]}}],"collection":[{"href":"https:\/\/roveyayinevi.com.tr\/index.php\/wp-json\/wp\/v2\/product"}],"about":[{"href":"https:\/\/roveyayinevi.com.tr\/index.php\/wp-json\/wp\/v2\/types\/product"}],"wp:attachment":[{"href":"https:\/\/roveyayinevi.com.tr\/index.php\/wp-json\/wp\/v2\/media?parent=771915"}],"wp:term":[{"taxonomy":"product_brand","embeddable":true,"href":"https:\/\/roveyayinevi.com.tr\/index.php\/wp-json\/wp\/v2\/product_brand?post=771915"},{"taxonomy":"product_cat","embeddable":true,"href":"https:\/\/roveyayinevi.com.tr\/index.php\/wp-json\/wp\/v2\/product_cat?post=771915"},{"taxonomy":"product_tag","embeddable":true,"href":"https:\/\/roveyayinevi.com.tr\/index.php\/wp-json\/wp\/v2\/product_tag?post=771915"}],"curies":[{"name":"wp","href":"https:\/\/api.w.org\/{rel}","templated":true}]}}