{"id":771913,"date":"2025-08-28T15:22:09","date_gmt":"2025-08-28T12:22:09","guid":{"rendered":"https:\/\/roveyayinevi.com.tr\/index.php\/urun\/labirent-calismalari5-6-yas\/"},"modified":"2026-04-15T03:38:18","modified_gmt":"2026-04-15T00:38:18","slug":"labirent-calismalari5-6-yas","status":"publish","type":"product","link":"https:\/\/roveyayinevi.com.tr\/index.php\/urun\/labirent-calismalari5-6-yas\/","title":{"rendered":"Labirent \u00c7al\u0131\u015fmalar\u0131;5-6 Ya\u015f"},"content":{"rendered":"<p>Renkli sayfalar, e\u011flenceli aktiviteler ve \u00f6\u011fretici g\u00f6revlerle dolu bu kitaplar, \u00e7ocu\u011funuzun becerilerini g\u00fc\u00e7lendirmeye yard\u0131mc\u0131 olurken ayn\u0131 zamanda yarat\u0131c\u0131l\u0131klar\u0131n\u0131 ortaya \u00e7\u0131karacakt\u0131r. Renklerin  e\u011fitici ve e\u011flenceli  d\u00fcnyas\u0131na  ho\u015f geldiniz!<\/p>\n","protected":false},"excerpt":{"rendered":"<p>Renkli sayfalar, e\u011flenceli aktiviteler ve \u00f6\u011fretici g\u00f6revlerle dolu bu kitaplar, \u00e7ocu\u011funuzun becerilerini g\u00fc\u00e7lendirmeye yard\u0131mc\u0131 olurken ayn\u0131 zamanda yarat\u0131c\u0131l\u0131klar\u0131n\u0131 ortaya \u00e7\u0131karacakt\u0131r. Renklerin e\u011fitici ve e\u011flenceli d\u00fcnyas\u0131na ho\u015f<span class=\"excerpt-hellip\"> [\u2026]<\/span><\/p>\n","protected":false},"featured_media":0,"template":"","meta":{"_monsterinsights_skip_tracking":false,"_monsterinsights_sitenote_active":false,"_monsterinsights_sitenote_note":"","_monsterinsights_sitenote_category":0},"product_brand":[],"product_cat":[12274,12518],"product_tag":[],"class_list":{"0":"post-771913","1":"product","2":"type-product","3":"status-publish","5":"product_cat-cocuk-ve-genclik-kitaplari","6":"product_cat-okul-oncesi-kitaplar","7":"pa_cilt-ciltsiz","8":"pa_tur-kitap","9":"pa_yayinevi-yediveren-cocuk","10":"pa_yazar-kolektif","12":"first","13":"instock","14":"sale","15":"shipping-taxable","16":"purchasable","17":"product-type-simple"},"_links":{"self":[{"href":"https:\/\/roveyayinevi.com.tr\/index.php\/wp-json\/wp\/v2\/product\/771913","targetHints":{"allow":["GET"]}}],"collection":[{"href":"https:\/\/roveyayinevi.com.tr\/index.php\/wp-json\/wp\/v2\/product"}],"about":[{"href":"https:\/\/roveyayinevi.com.tr\/index.php\/wp-json\/wp\/v2\/types\/product"}],"wp:attachment":[{"href":"https:\/\/roveyayinevi.com.tr\/index.php\/wp-json\/wp\/v2\/media?parent=771913"}],"wp:term":[{"taxonomy":"product_brand","embeddable":true,"href":"https:\/\/roveyayinevi.com.tr\/index.php\/wp-json\/wp\/v2\/product_brand?post=771913"},{"taxonomy":"product_cat","embeddable":true,"href":"https:\/\/roveyayinevi.com.tr\/index.php\/wp-json\/wp\/v2\/product_cat?post=771913"},{"taxonomy":"product_tag","embeddable":true,"href":"https:\/\/roveyayinevi.com.tr\/index.php\/wp-json\/wp\/v2\/product_tag?post=771913"}],"curies":[{"name":"wp","href":"https:\/\/api.w.org\/{rel}","templated":true}]}}