{"id":771912,"date":"2025-08-28T15:22:07","date_gmt":"2025-08-28T12:22:07","guid":{"rendered":"https:\/\/roveyayinevi.com.tr\/index.php\/urun\/gorevimiz-araba\/"},"modified":"2026-04-15T03:38:18","modified_gmt":"2026-04-15T00:38:18","slug":"gorevimiz-araba","status":"publish","type":"product","link":"https:\/\/roveyayinevi.com.tr\/index.php\/urun\/gorevimiz-araba\/","title":{"rendered":"G\u00f6revimiz Araba"},"content":{"rendered":"<p>K\u00fc\u00e7\u00fck bir araba maceras\u0131: E\u011flenceli sorularla dolu bir yolculuk!Haydi \u00e7ocuklar, kemerleri ba\u011flay\u0131n ve araba koltu\u011funuza yerle\u015fin. Arabayla ge\u00e7irece\u011finiz zaman art\u0131k s\u0131k\u0131c\u0131 de\u011fil. Sizi bekleyen heyecan verici sorularla \u00f6\u011fretici bir yolculuk sizleri bekliyor.Arabalarla ilgili merak etti\u011finiz her \u015fey bu kitapta. Tekerleklerin h\u0131z\u0131yla yar\u0131\u015f\u0131rken motorun inan\u0131lmaz g\u00fcc\u00fcn\u00fc ke\u015ffedecek, araba t\u00fcrlerinin ve nas\u0131l \u00e7al\u0131\u015ft\u0131klar\u0131n\u0131n b\u00fcy\u00fcs\u00fcne kap\u0131lacaks\u0131n\u0131z.Arabalarla e\u011flenceye haz\u0131r m\u0131s\u0131n\u0131z?<\/p>\n","protected":false},"excerpt":{"rendered":"<p>K\u00fc\u00e7\u00fck bir araba maceras\u0131: E\u011flenceli sorularla dolu bir yolculuk!Haydi \u00e7ocuklar, kemerleri ba\u011flay\u0131n ve araba koltu\u011funuza yerle\u015fin. Arabayla ge\u00e7irece\u011finiz zaman art\u0131k s\u0131k\u0131c\u0131 de\u011fil. Sizi bekleyen heyecan verici<span class=\"excerpt-hellip\"> [\u2026]<\/span><\/p>\n","protected":false},"featured_media":0,"template":"","meta":{"_monsterinsights_skip_tracking":false,"_monsterinsights_sitenote_active":false,"_monsterinsights_sitenote_note":"","_monsterinsights_sitenote_category":0},"product_brand":[],"product_cat":[12274,12284],"product_tag":[],"class_list":{"0":"post-771912","1":"product","2":"type-product","3":"status-publish","5":"product_cat-cocuk-ve-genclik-kitaplari","6":"product_cat-hikayeler","7":"pa_cilt-ciltsiz","8":"pa_tur-kitap","9":"pa_yayinevi-yediveren-cocuk","10":"pa_yazar-burcu-karadas","12":"first","13":"instock","14":"sale","15":"shipping-taxable","16":"purchasable","17":"product-type-simple"},"_links":{"self":[{"href":"https:\/\/roveyayinevi.com.tr\/index.php\/wp-json\/wp\/v2\/product\/771912","targetHints":{"allow":["GET"]}}],"collection":[{"href":"https:\/\/roveyayinevi.com.tr\/index.php\/wp-json\/wp\/v2\/product"}],"about":[{"href":"https:\/\/roveyayinevi.com.tr\/index.php\/wp-json\/wp\/v2\/types\/product"}],"wp:attachment":[{"href":"https:\/\/roveyayinevi.com.tr\/index.php\/wp-json\/wp\/v2\/media?parent=771912"}],"wp:term":[{"taxonomy":"product_brand","embeddable":true,"href":"https:\/\/roveyayinevi.com.tr\/index.php\/wp-json\/wp\/v2\/product_brand?post=771912"},{"taxonomy":"product_cat","embeddable":true,"href":"https:\/\/roveyayinevi.com.tr\/index.php\/wp-json\/wp\/v2\/product_cat?post=771912"},{"taxonomy":"product_tag","embeddable":true,"href":"https:\/\/roveyayinevi.com.tr\/index.php\/wp-json\/wp\/v2\/product_tag?post=771912"}],"curies":[{"name":"wp","href":"https:\/\/api.w.org\/{rel}","templated":true}]}}