{"id":771911,"date":"2025-08-28T15:22:05","date_gmt":"2025-08-28T12:22:05","guid":{"rendered":"https:\/\/roveyayinevi.com.tr\/index.php\/urun\/dogan-cuceloglu\/"},"modified":"2026-04-15T03:38:18","modified_gmt":"2026-04-15T00:38:18","slug":"dogan-cuceloglu","status":"publish","type":"product","link":"https:\/\/roveyayinevi.com.tr\/index.php\/urun\/dogan-cuceloglu\/","title":{"rendered":"Do\u011fan C\u00fccelo\u011flu"},"content":{"rendered":"<p>D\u00fc\u015fse de her zaman aya\u011fa kalkmas\u0131n\u0131 bilen, bol bol \u00e7al\u0131\u015fan bol bol seven bir bilim insan\u0131. Bilgisi ve sevgisi ile insanlar\u0131n hayat\u0131na dokunup, hayatlar\u0131n\u0131n kolayla\u015fmas\u0131na yard\u0131m etti. Cumhuriyet de\u011ferleriyle ya\u015fay\u0131p y\u0131ld\u0131zla\u015fan Do\u011fan C\u00fccelo\u011flu\u2019nun hayat\u0131n\u0131n her bir sat\u0131r\u0131 size ilham kayna\u011f\u0131 olacakt\u0131r.<\/p>\n","protected":false},"excerpt":{"rendered":"<p>D\u00fc\u015fse de her zaman aya\u011fa kalkmas\u0131n\u0131 bilen, bol bol \u00e7al\u0131\u015fan bol bol seven bir bilim insan\u0131. Bilgisi ve sevgisi ile insanlar\u0131n hayat\u0131na dokunup, hayatlar\u0131n\u0131n kolayla\u015fmas\u0131na yard\u0131m<span class=\"excerpt-hellip\"> [\u2026]<\/span><\/p>\n","protected":false},"featured_media":0,"template":"","meta":{"_monsterinsights_skip_tracking":false,"_monsterinsights_sitenote_active":false,"_monsterinsights_sitenote_note":"","_monsterinsights_sitenote_category":0},"product_brand":[],"product_cat":[12274,12284],"product_tag":[],"class_list":{"0":"post-771911","1":"product","2":"type-product","3":"status-publish","5":"product_cat-cocuk-ve-genclik-kitaplari","6":"product_cat-hikayeler","7":"pa_cilt-ciltsiz","8":"pa_tur-kitap","9":"pa_yayinevi-acayip-kitaplar","10":"pa_yazar-eda-bayrak","12":"first","13":"instock","14":"sale","15":"shipping-taxable","16":"purchasable","17":"product-type-simple"},"_links":{"self":[{"href":"https:\/\/roveyayinevi.com.tr\/index.php\/wp-json\/wp\/v2\/product\/771911","targetHints":{"allow":["GET"]}}],"collection":[{"href":"https:\/\/roveyayinevi.com.tr\/index.php\/wp-json\/wp\/v2\/product"}],"about":[{"href":"https:\/\/roveyayinevi.com.tr\/index.php\/wp-json\/wp\/v2\/types\/product"}],"wp:attachment":[{"href":"https:\/\/roveyayinevi.com.tr\/index.php\/wp-json\/wp\/v2\/media?parent=771911"}],"wp:term":[{"taxonomy":"product_brand","embeddable":true,"href":"https:\/\/roveyayinevi.com.tr\/index.php\/wp-json\/wp\/v2\/product_brand?post=771911"},{"taxonomy":"product_cat","embeddable":true,"href":"https:\/\/roveyayinevi.com.tr\/index.php\/wp-json\/wp\/v2\/product_cat?post=771911"},{"taxonomy":"product_tag","embeddable":true,"href":"https:\/\/roveyayinevi.com.tr\/index.php\/wp-json\/wp\/v2\/product_tag?post=771911"}],"curies":[{"name":"wp","href":"https:\/\/api.w.org\/{rel}","templated":true}]}}