{"id":771905,"date":"2025-08-28T15:21:52","date_gmt":"2025-08-28T12:21:52","guid":{"rendered":"https:\/\/roveyayinevi.com.tr\/index.php\/urun\/onun-adi-ask\/"},"modified":"2026-04-15T03:38:18","modified_gmt":"2026-04-15T00:38:18","slug":"onun-adi-ask","status":"publish","type":"product","link":"https:\/\/roveyayinevi.com.tr\/index.php\/urun\/onun-adi-ask\/","title":{"rendered":"Onun Ad\u0131 A\u015fk"},"content":{"rendered":"<p>G\u00f6zlerimle anlat\u0131r\u0131m G\u00f6rmezsinG\u00f6zlerimi kapat\u0131r\u0131m gitmezsin Unutmak isterim her an\u0131n\u0131 Akl\u0131mdan \u00e7\u0131kmazs\u0131n Kokunu \u00f6zlerim \u00c7i\u00e7ekler aras\u0131na saklan\u0131rs\u0131n Tenine dokunmak isterim Hep uza\u011f\u0131mdas\u0131n Unutmak isterim seni R\u00fcyalar\u0131mdas\u0131nNedir beni bu hale koyan diye sorar\u0131m Sen benim cevab\u0131ms\u0131n ONUN ADI A\u015eK. *** Nice destans\u0131 a\u015fklar\u0131n hik\u00e2yelerinde kavu\u015famay\u0131nca a\u015fk olurdu. Ama \u015fimdi A\u015eK kavu\u015fabilmekti bu hik\u00e2yede. Tesad\u00fcflerle ba\u015flayan bu ser\u00fcvenin en b\u00fcy\u00fck kahraman\u0131yd\u0131 bunu ya\u015fayanlar, ilham oldu, umut oldu ve inan\u00e7 oldu. S\u00f6yleyemediklerimizi \u015fimdi sesli bir \u015fekilde anlatman\u0131n vakti geldi: \u201cYa\u015fad\u0131\u011f\u0131n\u0131z, ya\u015fatt\u0131\u011f\u0131n\u0131z i\u00e7inizdeki A\u015eK olsun!\u201d<\/p>\n","protected":false},"excerpt":{"rendered":"<p>G\u00f6zlerimle anlat\u0131r\u0131m G\u00f6rmezsinG\u00f6zlerimi kapat\u0131r\u0131m gitmezsin Unutmak isterim her an\u0131n\u0131 Akl\u0131mdan \u00e7\u0131kmazs\u0131n Kokunu \u00f6zlerim \u00c7i\u00e7ekler aras\u0131na saklan\u0131rs\u0131n Tenine dokunmak isterim Hep uza\u011f\u0131mdas\u0131n Unutmak isterim seni R\u00fcyalar\u0131mdas\u0131nNedir beni<span class=\"excerpt-hellip\"> [\u2026]<\/span><\/p>\n","protected":false},"featured_media":0,"template":"","meta":{"_monsterinsights_skip_tracking":false,"_monsterinsights_sitenote_active":false,"_monsterinsights_sitenote_note":"","_monsterinsights_sitenote_category":0},"product_brand":[],"product_cat":[12291,12509],"product_tag":[],"class_list":{"0":"post-771905","1":"product","2":"type-product","3":"status-publish","5":"product_cat-edebiyat","6":"product_cat-siir","7":"pa_cilt-ciltsiz","8":"pa_tur-kitap","9":"pa_yayinevi-mihenk-kitap","10":"pa_yazar-ahmet-atil-esendemir","12":"first","13":"instock","14":"sale","15":"shipping-taxable","16":"purchasable","17":"product-type-simple"},"_links":{"self":[{"href":"https:\/\/roveyayinevi.com.tr\/index.php\/wp-json\/wp\/v2\/product\/771905","targetHints":{"allow":["GET"]}}],"collection":[{"href":"https:\/\/roveyayinevi.com.tr\/index.php\/wp-json\/wp\/v2\/product"}],"about":[{"href":"https:\/\/roveyayinevi.com.tr\/index.php\/wp-json\/wp\/v2\/types\/product"}],"wp:attachment":[{"href":"https:\/\/roveyayinevi.com.tr\/index.php\/wp-json\/wp\/v2\/media?parent=771905"}],"wp:term":[{"taxonomy":"product_brand","embeddable":true,"href":"https:\/\/roveyayinevi.com.tr\/index.php\/wp-json\/wp\/v2\/product_brand?post=771905"},{"taxonomy":"product_cat","embeddable":true,"href":"https:\/\/roveyayinevi.com.tr\/index.php\/wp-json\/wp\/v2\/product_cat?post=771905"},{"taxonomy":"product_tag","embeddable":true,"href":"https:\/\/roveyayinevi.com.tr\/index.php\/wp-json\/wp\/v2\/product_tag?post=771905"}],"curies":[{"name":"wp","href":"https:\/\/api.w.org\/{rel}","templated":true}]}}