{"id":771904,"date":"2025-08-28T15:21:50","date_gmt":"2025-08-28T12:21:50","guid":{"rendered":"https:\/\/roveyayinevi.com.tr\/index.php\/urun\/ben-istiklal-marsi-sairim-mehmet-akif\/"},"modified":"2026-04-15T03:38:18","modified_gmt":"2026-04-15T00:38:18","slug":"ben-istiklal-marsi-sairim-mehmet-akif","status":"publish","type":"product","link":"https:\/\/roveyayinevi.com.tr\/index.php\/urun\/ben-istiklal-marsi-sairim-mehmet-akif\/","title":{"rendered":"Ben \u0130stiklal Mar\u015f\u0131 \u015eairim Mehmet Akif"},"content":{"rendered":"<p>Ben Mehmet Akif. Bu \u00fclkenin Kurtulu\u015f Sava\u015f\u0131 ruhunu mill\u00ee mar\u015fa yans\u0131tacak \u015fair olma g\u00f6revi bana nasip oldu. Her dizeyi ben de\u011fil asl\u0131nda T\u00fcrk milleti kaz\u0131d\u0131 topra\u011fa. \u015eehitler konu\u015ftu, bayra\u011fa seslenildi, vatan sevdas\u0131 her m\u0131srada uyak uyak gezindi. Dalgaland\u0131 duruldu, co\u015fkun nehirler gibi \u00e7a\u011flaya \u00e7a\u011flaya ge\u00e7mi\u015f gelecek aras\u0131nda gerilen zaman yata\u011f\u0131nda akt\u0131 akt\u0131. O\u011flunu kaybetmi\u015f analar\u0131n, babas\u0131z kalm\u0131\u015f kundaktaki bebelerin h\u0131\u00e7k\u0131r\u0131klar\u0131n\u0131 katt\u0131 dalgalar\u0131na. Bir neslin Kurtulu\u015f Sava\u015f\u0131\u2019na can\u0131n\u0131 nas\u0131l feda etti\u011fini anlatt\u0131 k\u0131y\u0131ya vuran su sesleriyle. Bir nehir gibi akt\u0131 ya\u015fananlar, y\u00fczy\u0131l sonraya ula\u015ft\u0131.  \u0130sterim ki rahmetle ans\u0131n beni y\u00fczy\u0131l sonraki gen\u00e7lerim. \u00c7\u00fcnk\u00fc ben bu millete m\u0131sra m\u0131sra y\u00fcre\u011fimin, ruhumun, \u00f6z\u00fcm\u00fcn, s\u00f6z\u00fcm\u00fcn her zerresini verdim ve tek \u015fey istedim:  \u2026 Oku, \u015fayet sana bir hisli y\u00fcrek laz\u0131msa; Oku, zira onu yazd\u0131m, iki s\u00f6z yazd\u0131msa.\u201d<\/p>\n","protected":false},"excerpt":{"rendered":"<p>Ben Mehmet Akif. Bu \u00fclkenin Kurtulu\u015f Sava\u015f\u0131 ruhunu mill\u00ee mar\u015fa yans\u0131tacak \u015fair olma g\u00f6revi bana nasip oldu. Her dizeyi ben de\u011fil asl\u0131nda T\u00fcrk milleti kaz\u0131d\u0131 topra\u011fa.<span class=\"excerpt-hellip\"> [\u2026]<\/span><\/p>\n","protected":false},"featured_media":0,"template":"","meta":{"_monsterinsights_skip_tracking":false,"_monsterinsights_sitenote_active":false,"_monsterinsights_sitenote_note":"","_monsterinsights_sitenote_category":0},"product_brand":[],"product_cat":[12274,12631],"product_tag":[],"class_list":{"0":"post-771904","1":"product","2":"type-product","3":"status-publish","5":"product_cat-cocuk-ve-genclik-kitaplari","6":"product_cat-diger-cocuk-ve-genclik-kitaplari","7":"pa_cilt-ciltsiz","8":"pa_tur-kitap","9":"pa_yayinevi-yediveren-cocuk","10":"pa_yazar-emel-nermin-temel","12":"first","13":"instock","14":"sale","15":"shipping-taxable","16":"purchasable","17":"product-type-simple"},"_links":{"self":[{"href":"https:\/\/roveyayinevi.com.tr\/index.php\/wp-json\/wp\/v2\/product\/771904","targetHints":{"allow":["GET"]}}],"collection":[{"href":"https:\/\/roveyayinevi.com.tr\/index.php\/wp-json\/wp\/v2\/product"}],"about":[{"href":"https:\/\/roveyayinevi.com.tr\/index.php\/wp-json\/wp\/v2\/types\/product"}],"wp:attachment":[{"href":"https:\/\/roveyayinevi.com.tr\/index.php\/wp-json\/wp\/v2\/media?parent=771904"}],"wp:term":[{"taxonomy":"product_brand","embeddable":true,"href":"https:\/\/roveyayinevi.com.tr\/index.php\/wp-json\/wp\/v2\/product_brand?post=771904"},{"taxonomy":"product_cat","embeddable":true,"href":"https:\/\/roveyayinevi.com.tr\/index.php\/wp-json\/wp\/v2\/product_cat?post=771904"},{"taxonomy":"product_tag","embeddable":true,"href":"https:\/\/roveyayinevi.com.tr\/index.php\/wp-json\/wp\/v2\/product_tag?post=771904"}],"curies":[{"name":"wp","href":"https:\/\/api.w.org\/{rel}","templated":true}]}}