{"id":771902,"date":"2025-08-28T15:21:47","date_gmt":"2025-08-28T12:21:47","guid":{"rendered":"https:\/\/roveyayinevi.com.tr\/index.php\/urun\/muazzez-ilmiye-cig\/"},"modified":"2026-04-15T03:38:18","modified_gmt":"2026-04-15T00:38:18","slug":"muazzez-ilmiye-cig","status":"publish","type":"product","link":"https:\/\/roveyayinevi.com.tr\/index.php\/urun\/muazzez-ilmiye-cig\/","title":{"rendered":"Muazzez \u0130lmiye \u00c7\u0131\u011f"},"content":{"rendered":"<p>Bitmek bilmeyen azmiyle binlerce y\u0131l \u00f6nce ya\u015fayan insanlar\u0131n dilini \u00f6\u011frenip, onlar\u0131n yazd\u0131\u011f\u0131 binlerce tableti okudu. Tarihin gizemli sokaklar\u0131nda dolan\u0131p eski insanlarla ya\u015fad\u0131, g\u00f6rd\u00fcklerini ise gelece\u011fe aktard\u0131. Uluslararas\u0131 dil k\u00f6pr\u00fcs\u00fc kuran g\u00fc\u00e7l\u00fc bir bilim insan\u0131\u2026 Cumhuriyet de\u011ferleriyle ya\u015fay\u0131p y\u0131ld\u0131zla\u015fan Muazzez \u0130lmiye \u00c7\u0131\u011f\u2019\u0131n hayat\u0131n\u0131n her bir sat\u0131r\u0131 size ilham kayna\u011f\u0131 olacakt\u0131r.<\/p>\n","protected":false},"excerpt":{"rendered":"<p>Bitmek bilmeyen azmiyle binlerce y\u0131l \u00f6nce ya\u015fayan insanlar\u0131n dilini \u00f6\u011frenip, onlar\u0131n yazd\u0131\u011f\u0131 binlerce tableti okudu. Tarihin gizemli sokaklar\u0131nda dolan\u0131p eski insanlarla ya\u015fad\u0131, g\u00f6rd\u00fcklerini ise gelece\u011fe aktard\u0131.<span class=\"excerpt-hellip\"> [\u2026]<\/span><\/p>\n","protected":false},"featured_media":0,"template":"","meta":{"_monsterinsights_skip_tracking":false,"_monsterinsights_sitenote_active":false,"_monsterinsights_sitenote_note":"","_monsterinsights_sitenote_category":0},"product_brand":[],"product_cat":[12274,12284],"product_tag":[],"class_list":{"0":"post-771902","1":"product","2":"type-product","3":"status-publish","5":"product_cat-cocuk-ve-genclik-kitaplari","6":"product_cat-hikayeler","7":"pa_cilt-ciltsiz","8":"pa_tur-kitap","9":"pa_yayinevi-acayip-kitaplar","10":"pa_yazar-eda-bayrak","12":"first","13":"instock","14":"sale","15":"shipping-taxable","16":"purchasable","17":"product-type-simple"},"_links":{"self":[{"href":"https:\/\/roveyayinevi.com.tr\/index.php\/wp-json\/wp\/v2\/product\/771902","targetHints":{"allow":["GET"]}}],"collection":[{"href":"https:\/\/roveyayinevi.com.tr\/index.php\/wp-json\/wp\/v2\/product"}],"about":[{"href":"https:\/\/roveyayinevi.com.tr\/index.php\/wp-json\/wp\/v2\/types\/product"}],"wp:attachment":[{"href":"https:\/\/roveyayinevi.com.tr\/index.php\/wp-json\/wp\/v2\/media?parent=771902"}],"wp:term":[{"taxonomy":"product_brand","embeddable":true,"href":"https:\/\/roveyayinevi.com.tr\/index.php\/wp-json\/wp\/v2\/product_brand?post=771902"},{"taxonomy":"product_cat","embeddable":true,"href":"https:\/\/roveyayinevi.com.tr\/index.php\/wp-json\/wp\/v2\/product_cat?post=771902"},{"taxonomy":"product_tag","embeddable":true,"href":"https:\/\/roveyayinevi.com.tr\/index.php\/wp-json\/wp\/v2\/product_tag?post=771902"}],"curies":[{"name":"wp","href":"https:\/\/api.w.org\/{rel}","templated":true}]}}