{"id":771901,"date":"2025-08-28T15:21:45","date_gmt":"2025-08-28T12:21:45","guid":{"rendered":"https:\/\/roveyayinevi.com.tr\/index.php\/urun\/baris-manco\/"},"modified":"2026-04-15T03:38:18","modified_gmt":"2026-04-15T00:38:18","slug":"baris-manco","status":"publish","type":"product","link":"https:\/\/roveyayinevi.com.tr\/index.php\/urun\/baris-manco\/","title":{"rendered":"Bar\u0131\u015f Man\u00e7o"},"content":{"rendered":"<p>\u015eark\u0131lar\u0131yla, programlar\u0131yla g\u00f6n\u00fclleri fetheden bir bar\u0131\u015f el\u00e7isi. T\u00fcm d\u00fcnyay\u0131 defalarca gezmi\u015f bir seyyah. Herkesin Bar\u0131\u015f abisi, \u00e7o\u011funun Bar\u0131\u015f amcas\u0131\u2026 D\u00fcnyan\u0131n d\u00f6rt bir yan\u0131nda sonsuza kadar dinlenilecek bir m\u00fczisyen\u2026 \u015eark\u0131lar\u0131na bir kere kap\u0131ld\u0131\u011f\u0131n\u0131zda b\u00fcy\u00fcs\u00fcnden kurtulamayaca\u011f\u0131n\u0131z bir deha&#8230; Cumhuriyet de\u011ferleriyle ya\u015fay\u0131p y\u0131ld\u0131zla\u015fan Bar\u0131\u015f Man\u00e7o\u2019nun hayat\u0131n\u0131n her bir sat\u0131r\u0131 size ilham kayna\u011f\u0131 olacakt\u0131r.<\/p>\n","protected":false},"excerpt":{"rendered":"<p>\u015eark\u0131lar\u0131yla, programlar\u0131yla g\u00f6n\u00fclleri fetheden bir bar\u0131\u015f el\u00e7isi. T\u00fcm d\u00fcnyay\u0131 defalarca gezmi\u015f bir seyyah. Herkesin Bar\u0131\u015f abisi, \u00e7o\u011funun Bar\u0131\u015f amcas\u0131\u2026 D\u00fcnyan\u0131n d\u00f6rt bir yan\u0131nda sonsuza kadar dinlenilecek<span class=\"excerpt-hellip\"> [\u2026]<\/span><\/p>\n","protected":false},"featured_media":0,"template":"","meta":{"_monsterinsights_skip_tracking":false,"_monsterinsights_sitenote_active":false,"_monsterinsights_sitenote_note":"","_monsterinsights_sitenote_category":0},"product_brand":[],"product_cat":[12274,12284],"product_tag":[],"class_list":{"0":"post-771901","1":"product","2":"type-product","3":"status-publish","5":"product_cat-cocuk-ve-genclik-kitaplari","6":"product_cat-hikayeler","7":"pa_cilt-ciltsiz","8":"pa_tur-kitap","9":"pa_yayinevi-acayip-kitaplar","10":"pa_yazar-eda-bayrak","12":"first","13":"instock","14":"sale","15":"shipping-taxable","16":"purchasable","17":"product-type-simple"},"_links":{"self":[{"href":"https:\/\/roveyayinevi.com.tr\/index.php\/wp-json\/wp\/v2\/product\/771901","targetHints":{"allow":["GET"]}}],"collection":[{"href":"https:\/\/roveyayinevi.com.tr\/index.php\/wp-json\/wp\/v2\/product"}],"about":[{"href":"https:\/\/roveyayinevi.com.tr\/index.php\/wp-json\/wp\/v2\/types\/product"}],"wp:attachment":[{"href":"https:\/\/roveyayinevi.com.tr\/index.php\/wp-json\/wp\/v2\/media?parent=771901"}],"wp:term":[{"taxonomy":"product_brand","embeddable":true,"href":"https:\/\/roveyayinevi.com.tr\/index.php\/wp-json\/wp\/v2\/product_brand?post=771901"},{"taxonomy":"product_cat","embeddable":true,"href":"https:\/\/roveyayinevi.com.tr\/index.php\/wp-json\/wp\/v2\/product_cat?post=771901"},{"taxonomy":"product_tag","embeddable":true,"href":"https:\/\/roveyayinevi.com.tr\/index.php\/wp-json\/wp\/v2\/product_tag?post=771901"}],"curies":[{"name":"wp","href":"https:\/\/api.w.org\/{rel}","templated":true}]}}