{"id":771899,"date":"2025-08-28T15:21:41","date_gmt":"2025-08-28T12:21:41","guid":{"rendered":"https:\/\/roveyayinevi.com.tr\/index.php\/urun\/vecihi-hurkus-cumhuriyetin-yildizlari-1\/"},"modified":"2026-04-15T03:38:18","modified_gmt":"2026-04-15T00:38:18","slug":"vecihi-hurkus-cumhuriyetin-yildizlari-1","status":"publish","type":"product","link":"https:\/\/roveyayinevi.com.tr\/index.php\/urun\/vecihi-hurkus-cumhuriyetin-yildizlari-1\/","title":{"rendered":"Vecihi H\u00fcrku\u015f-Cumhuriyetin Y\u0131ld\u0131zlar\u0131 1"},"content":{"rendered":"<p>Vecihi H\u00fcrku\u015f &#8211; Cumhuriyetin Y\u0131ld\u0131zlar\u0131 1 Kitap A\u00e7\u0131klamas\u0131 G\u00f6klerin s\u0131n\u0131rs\u0131z ihtimalleri i\u00e7inde var olmay\u0131 se\u00e7en, \u00e7a\u011f\u0131n\u0131n \u00f6tesinde bir \u00f6zg\u00fcr ruh. Defalarca engellenmesine ra\u011fmen ku\u015f olup engelleri a\u015fan, ismini t\u00fcm d\u00fcnyaya duyuran bir g\u00f6k prensi. Zek\u00e2s\u0131 ve azmi ile y\u0131lmadan u\u00e7ak yap\u0131m\u0131na devam etmi\u015f durdurulamaz bir d\u00e2hi. Cumhuriyet de\u011ferleriyle ya\u015fay\u0131p y\u0131ld\u0131zla\u015fan Vecihi H\u00fcrku\u015f\u2019un hayat\u0131n\u0131n her bir sat\u0131r\u0131 size ilham kayna\u011f\u0131 olacakt\u0131r.<\/p>\n","protected":false},"excerpt":{"rendered":"<p>Vecihi H\u00fcrku\u015f &#8211; Cumhuriyetin Y\u0131ld\u0131zlar\u0131 1 Kitap A\u00e7\u0131klamas\u0131 G\u00f6klerin s\u0131n\u0131rs\u0131z ihtimalleri i\u00e7inde var olmay\u0131 se\u00e7en, \u00e7a\u011f\u0131n\u0131n \u00f6tesinde bir \u00f6zg\u00fcr ruh. Defalarca engellenmesine ra\u011fmen ku\u015f olup engelleri<span class=\"excerpt-hellip\"> [\u2026]<\/span><\/p>\n","protected":false},"featured_media":0,"template":"","meta":{"_monsterinsights_skip_tracking":false,"_monsterinsights_sitenote_active":false,"_monsterinsights_sitenote_note":"","_monsterinsights_sitenote_category":0},"product_brand":[],"product_cat":[12274,12284],"product_tag":[],"class_list":{"0":"post-771899","1":"product","2":"type-product","3":"status-publish","5":"product_cat-cocuk-ve-genclik-kitaplari","6":"product_cat-hikayeler","7":"pa_cilt-ciltsiz","8":"pa_tur-kitap","9":"pa_yayinevi-acayip-kitaplar","10":"pa_yazar-eda-bayrak","12":"first","13":"instock","14":"sale","15":"shipping-taxable","16":"purchasable","17":"product-type-simple"},"_links":{"self":[{"href":"https:\/\/roveyayinevi.com.tr\/index.php\/wp-json\/wp\/v2\/product\/771899","targetHints":{"allow":["GET"]}}],"collection":[{"href":"https:\/\/roveyayinevi.com.tr\/index.php\/wp-json\/wp\/v2\/product"}],"about":[{"href":"https:\/\/roveyayinevi.com.tr\/index.php\/wp-json\/wp\/v2\/types\/product"}],"wp:attachment":[{"href":"https:\/\/roveyayinevi.com.tr\/index.php\/wp-json\/wp\/v2\/media?parent=771899"}],"wp:term":[{"taxonomy":"product_brand","embeddable":true,"href":"https:\/\/roveyayinevi.com.tr\/index.php\/wp-json\/wp\/v2\/product_brand?post=771899"},{"taxonomy":"product_cat","embeddable":true,"href":"https:\/\/roveyayinevi.com.tr\/index.php\/wp-json\/wp\/v2\/product_cat?post=771899"},{"taxonomy":"product_tag","embeddable":true,"href":"https:\/\/roveyayinevi.com.tr\/index.php\/wp-json\/wp\/v2\/product_tag?post=771899"}],"curies":[{"name":"wp","href":"https:\/\/api.w.org\/{rel}","templated":true}]}}