{"id":771897,"date":"2025-08-28T15:21:36","date_gmt":"2025-08-28T12:21:36","guid":{"rendered":"https:\/\/roveyayinevi.com.tr\/index.php\/urun\/genc-kiza-ozel-mektuplar\/"},"modified":"2026-04-15T03:38:18","modified_gmt":"2026-04-15T00:38:18","slug":"genc-kiza-ozel-mektuplar","status":"publish","type":"product","link":"https:\/\/roveyayinevi.com.tr\/index.php\/urun\/genc-kiza-ozel-mektuplar\/","title":{"rendered":"Gen\u00e7 K\u0131za \u00d6zel Mektuplar"},"content":{"rendered":"<p>Sevgili Menek\u015fem, Anlatacaklar\u0131m\u0131 \u00e7ok kolay kaleme ald\u0131\u011f\u0131m\u0131 ve duygu seli kar\u015f\u0131s\u0131nda \u00e7ok rahat oldu\u011fumu sak\u0131n d\u00fc\u015f\u00fcnme&#8230; Bu anlatt\u0131klar\u0131m\u0131 ya\u015fad\u0131m ve bunlar benim i\u00e7in en \u00f6nemli hayat derslerinden oldu. Antik \u00c7a\u011flardan beri, \u201czaman\u201d bir nehre benzetilir. Herakleitos\u2019un as\u0131rlar\u0131 a\u015fan \u201cHer \u015fey akar\u201d s\u00f6z\u00fc, bunun bir ispat\u0131d\u0131r. Yine b\u00fcy\u00fcklerimizin, \u201cBir nehirde iki kere y\u0131kan\u0131lmaz\u201d s\u00f6z\u00fc de ge\u00e7en zaman\u0131n bir daha geri gelmeyece\u011fini g\u00f6stermektedir. Bu y\u00fczden insan i\u00e7in zaman, bir sudur sevgili Menek\u015fe. Ak\u0131p gider b\u00fcy\u00fck denizlere do\u011fru&#8230; O denizlere akan zamanda, ya\u015fanan hat\u0131ralar vard\u0131r. Kimi tatl\u0131 kimi ac\u0131&#8230; *** Yay\u0131mlanan aile e\u011fitimi kitaplar\u0131yla anne-babalar\u0131n be\u011fenisini kazanan Mine \u0130zgi, bu kez de gen\u00e7 k\u0131zlar i\u00e7in rehber niteli\u011finde bu edebi eseri kaleme ald\u0131\u2026Yazar\u0131m\u0131z tecr\u00fcbe ve bilgi birikimiyle sorunlara \u0131\u015f\u0131k tutacak, k\u0131zlar\u0131m\u0131z okuduklar\u0131 her mektupta arad\u0131klar\u0131 soruya cevap bulacak ve abla samimiyetindeki s\u0131cac\u0131k tavsiyelerle okuyanlar\u0131n y\u00fcrekleri umutla dolacak.<\/p>\n","protected":false},"excerpt":{"rendered":"<p>Sevgili Menek\u015fem, Anlatacaklar\u0131m\u0131 \u00e7ok kolay kaleme ald\u0131\u011f\u0131m\u0131 ve duygu seli kar\u015f\u0131s\u0131nda \u00e7ok rahat oldu\u011fumu sak\u0131n d\u00fc\u015f\u00fcnme&#8230; Bu anlatt\u0131klar\u0131m\u0131 ya\u015fad\u0131m ve bunlar benim i\u00e7in en \u00f6nemli hayat<span class=\"excerpt-hellip\"> [\u2026]<\/span><\/p>\n","protected":false},"featured_media":0,"template":"","meta":{"_monsterinsights_skip_tracking":false,"_monsterinsights_sitenote_active":false,"_monsterinsights_sitenote_note":"","_monsterinsights_sitenote_category":0},"product_brand":[],"product_cat":[12291,12711],"product_tag":[],"class_list":{"0":"post-771897","1":"product","2":"type-product","3":"status-publish","5":"product_cat-edebiyat","6":"product_cat-roman-oyku","7":"pa_cilt-ciltsiz","8":"pa_tur-kitap","9":"pa_yayinevi-mihenk-kitap","10":"pa_yazar-mine-izgi","12":"first","13":"instock","14":"sale","15":"shipping-taxable","16":"purchasable","17":"product-type-simple"},"_links":{"self":[{"href":"https:\/\/roveyayinevi.com.tr\/index.php\/wp-json\/wp\/v2\/product\/771897","targetHints":{"allow":["GET"]}}],"collection":[{"href":"https:\/\/roveyayinevi.com.tr\/index.php\/wp-json\/wp\/v2\/product"}],"about":[{"href":"https:\/\/roveyayinevi.com.tr\/index.php\/wp-json\/wp\/v2\/types\/product"}],"wp:attachment":[{"href":"https:\/\/roveyayinevi.com.tr\/index.php\/wp-json\/wp\/v2\/media?parent=771897"}],"wp:term":[{"taxonomy":"product_brand","embeddable":true,"href":"https:\/\/roveyayinevi.com.tr\/index.php\/wp-json\/wp\/v2\/product_brand?post=771897"},{"taxonomy":"product_cat","embeddable":true,"href":"https:\/\/roveyayinevi.com.tr\/index.php\/wp-json\/wp\/v2\/product_cat?post=771897"},{"taxonomy":"product_tag","embeddable":true,"href":"https:\/\/roveyayinevi.com.tr\/index.php\/wp-json\/wp\/v2\/product_tag?post=771897"}],"curies":[{"name":"wp","href":"https:\/\/api.w.org\/{rel}","templated":true}]}}