{"id":771893,"date":"2025-08-28T15:21:28","date_gmt":"2025-08-28T12:21:28","guid":{"rendered":"https:\/\/roveyayinevi.com.tr\/index.php\/urun\/gorevimiz-kara-delik-ajan-harrier\/"},"modified":"2026-04-15T03:38:18","modified_gmt":"2026-04-15T00:38:18","slug":"gorevimiz-kara-delik-ajan-harrier","status":"publish","type":"product","link":"https:\/\/roveyayinevi.com.tr\/index.php\/urun\/gorevimiz-kara-delik-ajan-harrier\/","title":{"rendered":"G\u00f6revimiz Kara Delik &#8211; Ajan Harrier"},"content":{"rendered":"<p>\u00c7OK G\u0130ZL\u0130Vay can\u0131na! Bu kitab\u0131n her yerinde senaryo a\u00e7\u0131klar\u0131 var! Senin g\u00f6revin Ajan Harrier, bu a\u00e7\u0131klar\u0131n nereye uzand\u0131\u011f\u0131n\u0131 bulmak ve onlar\u0131 a\u00e7an su\u00e7luyu yakalamak. Kendine ajan diyen birisi, bir casus kitab\u0131nda buna izin veremez! Elimizdeki bilgiler i\u015fin i\u00e7inde bir ejderhan\u0131n bile oldu\u011funu g\u00f6steriyor. HARB\u0130DEN! H\u00e2l\u00e2 ne duruyorsun? O parlak z\u0131rh\u0131 \/ astronot k\u0131yafetini \/ s\u00fcper kahraman kost\u00fcm\u00fcn\u00fc kap ve HAREKETE GE\u00c7!\u00d6zel Ajan Ben Sanders yine Ajan Harrier&#8217;\u0131n g\u00fcl\u00fcn\u00e7 derecede imk\u00e2ns\u0131z g\u00f6revinde okuyucuyu kahkahaya bo\u011fuyor.<\/p>\n","protected":false},"excerpt":{"rendered":"<p>\u00c7OK G\u0130ZL\u0130Vay can\u0131na! Bu kitab\u0131n her yerinde senaryo a\u00e7\u0131klar\u0131 var! Senin g\u00f6revin Ajan Harrier, bu a\u00e7\u0131klar\u0131n nereye uzand\u0131\u011f\u0131n\u0131 bulmak ve onlar\u0131 a\u00e7an su\u00e7luyu yakalamak. Kendine ajan<span class=\"excerpt-hellip\"> [\u2026]<\/span><\/p>\n","protected":false},"featured_media":0,"template":"","meta":{"_monsterinsights_skip_tracking":false,"_monsterinsights_sitenote_active":false,"_monsterinsights_sitenote_note":"","_monsterinsights_sitenote_category":0},"product_brand":[],"product_cat":[12274,12284],"product_tag":[],"class_list":{"0":"post-771893","1":"product","2":"type-product","3":"status-publish","5":"product_cat-cocuk-ve-genclik-kitaplari","6":"product_cat-hikayeler","7":"pa_cilt-ciltsiz","8":"pa_tur-kitap","9":"pa_yayinevi-acayip-kitaplar","10":"pa_yazar-ben-sanders","12":"first","13":"instock","14":"sale","15":"shipping-taxable","16":"purchasable","17":"product-type-simple"},"_links":{"self":[{"href":"https:\/\/roveyayinevi.com.tr\/index.php\/wp-json\/wp\/v2\/product\/771893","targetHints":{"allow":["GET"]}}],"collection":[{"href":"https:\/\/roveyayinevi.com.tr\/index.php\/wp-json\/wp\/v2\/product"}],"about":[{"href":"https:\/\/roveyayinevi.com.tr\/index.php\/wp-json\/wp\/v2\/types\/product"}],"wp:attachment":[{"href":"https:\/\/roveyayinevi.com.tr\/index.php\/wp-json\/wp\/v2\/media?parent=771893"}],"wp:term":[{"taxonomy":"product_brand","embeddable":true,"href":"https:\/\/roveyayinevi.com.tr\/index.php\/wp-json\/wp\/v2\/product_brand?post=771893"},{"taxonomy":"product_cat","embeddable":true,"href":"https:\/\/roveyayinevi.com.tr\/index.php\/wp-json\/wp\/v2\/product_cat?post=771893"},{"taxonomy":"product_tag","embeddable":true,"href":"https:\/\/roveyayinevi.com.tr\/index.php\/wp-json\/wp\/v2\/product_tag?post=771893"}],"curies":[{"name":"wp","href":"https:\/\/api.w.org\/{rel}","templated":true}]}}