{"id":771892,"date":"2025-08-28T15:21:27","date_gmt":"2025-08-28T12:21:27","guid":{"rendered":"https:\/\/roveyayinevi.com.tr\/index.php\/urun\/abdulhamidin-derin-devleti\/"},"modified":"2026-04-15T03:38:18","modified_gmt":"2026-04-15T00:38:18","slug":"abdulhamidin-derin-devleti","status":"publish","type":"product","link":"https:\/\/roveyayinevi.com.tr\/index.php\/urun\/abdulhamidin-derin-devleti\/","title":{"rendered":"Abd\u00fclhamid&#8217;in Derin Devleti"},"content":{"rendered":"<p>Bir tarafta Avrupa&#8217;da e\u011fitim g\u00f6ren bir k\u0131s\u0131m okumu\u015flar\u0131n istibdat\u00e7\u0131 Padi\u015fah diye ele\u015ftirdikleri Sultan II. Abd\u00fclhamid taraf\u0131ndan ba\u011f\u0131\u015flan\u0131p yurda geri getirilen ve \u00fcstelik maa\u015fa ba\u011flan\u0131p makam sahibi yap\u0131lan muhalifler; bir tarafta Sultan&#8217;\u0131 devirip, V. Murad&#8217;\u0131 tahta \u00e7\u0131karmaya \u00e7al\u0131\u015fan ve bu ama\u00e7la Saray&#8217;a bask\u0131n d\u00fczenleyen ihtilalci Ali Suavi.Ve haz\u0131rlanan komplolar&#8230;\u00dclkede huzuru ve istikrar\u0131 bozan hadiselerden a\u015f\u0131r\u0131 derecede etkilenen Sultan Abd\u00fclhamid, \u00e7evresinde bulunan herkesten \u015f\u00fcphe eder duruma gelir ve bu sebeple kontrol mekanizmas\u0131n\u0131 daha iyi i\u015fler duruma getirmek i\u00e7in bizzat kendi iradesine ba\u011fl\u0131 bir haber alma te\u015fkilat\u0131 kurar. Bu te\u015fkilat\u0131n ad\u0131 Cemiyet-i Hafiye&#8217;dir. Bu cemiyetin ba\u015f\u0131na Fehim Pa\u015fa getirilir. Zamanla, Sultan Abd\u00fclhamid&#8217;in emriyle kurulan fakat Sultan&#8217;\u0131n vehimli yap\u0131s\u0131ndan ve otorite bo\u015flu\u011fundan yararlanan Cemiyet-i Hafiye&#8217;nin ba\u015f\u0131 Fehim Pa\u015fa ve avenesinin komplolar\u0131 ve jurnalleri sonras\u0131 ya\u015fanan korkun\u00e7 olaylar, suikastlar ve cinayetler Sultan Abd\u00fclhamid&#8217;i dahi \u015fa\u015fk\u0131na \u00e7evirir. \u00c2deta Sultan&#8217;\u0131n iradesi d\u0131\u015f\u0131nda ba\u015fka bir g\u00fc\u00e7 \u00fclkeyi y\u00f6netir duruma gelir. Rakiplerini tek tek yok eden Cemiyet-i Hafiye, art\u0131k devlet i\u00e7inde devlettir.Sultan II. Abd\u00fclhamid&#8217;in 32 y\u0131ll\u0131k (1876-1908) Padi\u015fahl\u0131k d\u00f6neminin neredeyse \u015fimdiye kadar hi\u00e7 temas edilmemi\u015f olaylar\u0131n\u0131n konu edildi\u011fi bu kitap, \u00f6yle san\u0131yoruz ki siz okuyucular\u0131n\u0131 \u015fok edecektir.<\/p>\n","protected":false},"excerpt":{"rendered":"<p>Bir tarafta Avrupa&#8217;da e\u011fitim g\u00f6ren bir k\u0131s\u0131m okumu\u015flar\u0131n istibdat\u00e7\u0131 Padi\u015fah diye ele\u015ftirdikleri Sultan II. Abd\u00fclhamid taraf\u0131ndan ba\u011f\u0131\u015flan\u0131p yurda geri getirilen ve \u00fcstelik maa\u015fa ba\u011flan\u0131p makam sahibi<span class=\"excerpt-hellip\"> [\u2026]<\/span><\/p>\n","protected":false},"featured_media":0,"template":"","meta":{"_monsterinsights_skip_tracking":false,"_monsterinsights_sitenote_active":false,"_monsterinsights_sitenote_note":"","_monsterinsights_sitenote_category":0},"product_brand":[],"product_cat":[12370,12304],"product_tag":[],"class_list":{"0":"post-771892","1":"product","2":"type-product","3":"status-publish","5":"product_cat-arastirma-inceleme","6":"product_cat-tarih","7":"pa_cilt-ciltsiz","8":"pa_tur-kitap","9":"pa_yayinevi-yediveren-yayinlari","10":"pa_yazar-metin-hasirci","12":"first","13":"instock","14":"sale","15":"shipping-taxable","16":"purchasable","17":"product-type-simple"},"_links":{"self":[{"href":"https:\/\/roveyayinevi.com.tr\/index.php\/wp-json\/wp\/v2\/product\/771892","targetHints":{"allow":["GET"]}}],"collection":[{"href":"https:\/\/roveyayinevi.com.tr\/index.php\/wp-json\/wp\/v2\/product"}],"about":[{"href":"https:\/\/roveyayinevi.com.tr\/index.php\/wp-json\/wp\/v2\/types\/product"}],"wp:attachment":[{"href":"https:\/\/roveyayinevi.com.tr\/index.php\/wp-json\/wp\/v2\/media?parent=771892"}],"wp:term":[{"taxonomy":"product_brand","embeddable":true,"href":"https:\/\/roveyayinevi.com.tr\/index.php\/wp-json\/wp\/v2\/product_brand?post=771892"},{"taxonomy":"product_cat","embeddable":true,"href":"https:\/\/roveyayinevi.com.tr\/index.php\/wp-json\/wp\/v2\/product_cat?post=771892"},{"taxonomy":"product_tag","embeddable":true,"href":"https:\/\/roveyayinevi.com.tr\/index.php\/wp-json\/wp\/v2\/product_tag?post=771892"}],"curies":[{"name":"wp","href":"https:\/\/api.w.org\/{rel}","templated":true}]}}