{"id":771883,"date":"2025-08-28T15:21:09","date_gmt":"2025-08-28T12:21:09","guid":{"rendered":"https:\/\/roveyayinevi.com.tr\/index.php\/urun\/doru-etkinlik-ve-boyama-cizgi-alistirmalari\/"},"modified":"2026-04-15T03:38:17","modified_gmt":"2026-04-15T00:38:17","slug":"doru-etkinlik-ve-boyama-cizgi-alistirmalari","status":"publish","type":"product","link":"https:\/\/roveyayinevi.com.tr\/index.php\/urun\/doru-etkinlik-ve-boyama-cizgi-alistirmalari\/","title":{"rendered":"Doru Etkinlik ve Boyama &#8211; \u00c7izgi Al\u0131\u015ft\u0131rmalar\u0131"},"content":{"rendered":"<p>TRT \u00c7ocuk\u2019un sevilen \u00e7izgi film kahraman\u0131 Doru ve arkada\u015flar\u0131n\u0131n e\u011flenceli etkinlikleri ve boyamalar\u0131 seni bekliyor!<\/p>\n","protected":false},"excerpt":{"rendered":"<p>TRT \u00c7ocuk\u2019un sevilen \u00e7izgi film kahraman\u0131 Doru ve arkada\u015flar\u0131n\u0131n e\u011flenceli etkinlikleri ve boyamalar\u0131 seni bekliyor!<\/p>\n","protected":false},"featured_media":0,"template":"","meta":{"_monsterinsights_skip_tracking":false,"_monsterinsights_sitenote_active":false,"_monsterinsights_sitenote_note":"","_monsterinsights_sitenote_category":0},"product_brand":[],"product_cat":[12644,12274],"product_tag":[],"class_list":{"0":"post-771883","1":"product","2":"type-product","3":"status-publish","5":"product_cat-boyama-kitaplari","6":"product_cat-cocuk-ve-genclik-kitaplari","7":"pa_cilt-ciltsiz","8":"pa_tur-kitap","9":"pa_yayinevi-yediveren-cocuk","10":"pa_yazar-kolektif","12":"first","13":"instock","14":"sale","15":"shipping-taxable","16":"purchasable","17":"product-type-simple"},"_links":{"self":[{"href":"https:\/\/roveyayinevi.com.tr\/index.php\/wp-json\/wp\/v2\/product\/771883","targetHints":{"allow":["GET"]}}],"collection":[{"href":"https:\/\/roveyayinevi.com.tr\/index.php\/wp-json\/wp\/v2\/product"}],"about":[{"href":"https:\/\/roveyayinevi.com.tr\/index.php\/wp-json\/wp\/v2\/types\/product"}],"wp:attachment":[{"href":"https:\/\/roveyayinevi.com.tr\/index.php\/wp-json\/wp\/v2\/media?parent=771883"}],"wp:term":[{"taxonomy":"product_brand","embeddable":true,"href":"https:\/\/roveyayinevi.com.tr\/index.php\/wp-json\/wp\/v2\/product_brand?post=771883"},{"taxonomy":"product_cat","embeddable":true,"href":"https:\/\/roveyayinevi.com.tr\/index.php\/wp-json\/wp\/v2\/product_cat?post=771883"},{"taxonomy":"product_tag","embeddable":true,"href":"https:\/\/roveyayinevi.com.tr\/index.php\/wp-json\/wp\/v2\/product_tag?post=771883"}],"curies":[{"name":"wp","href":"https:\/\/api.w.org\/{rel}","templated":true}]}}