{"id":771878,"date":"2025-08-28T15:20:59","date_gmt":"2025-08-28T12:20:59","guid":{"rendered":"https:\/\/roveyayinevi.com.tr\/index.php\/urun\/bogurtlenin-maceralari\/"},"modified":"2026-04-15T03:38:17","modified_gmt":"2026-04-15T00:38:17","slug":"bogurtlenin-maceralari","status":"publish","type":"product","link":"https:\/\/roveyayinevi.com.tr\/index.php\/urun\/bogurtlenin-maceralari\/","title":{"rendered":"B\u00f6\u011f\u00fcrtlenin Maceralar\u0131"},"content":{"rendered":"<p>Gitti\u011fi her \u00fclkede y\u0131ld\u0131z gibi parlayan Lalin\u2019i b\u00fcy\u00fck maceralar bekliyordu. Hayattaki tercihleri \u00e7\u0131kt\u0131\u011f\u0131 yoku\u015flar gibi onu zorlam\u0131\u015ft\u0131. Al\u0131\u015fma s\u00fcrecinde d\u00f6kt\u00fc\u011f\u00fc g\u00f6zya\u015flar\u0131, tatl\u0131 tesad\u00fcfler ve ilgin\u00e7 arkada\u015fl\u0131klar\u0131yla birlikte onunla keyifli bir yolcu\u011fa \u00e7\u0131kmaya haz\u0131r m\u0131s\u0131n\u0131z? Dubai\u2019de ba\u015flayan okul hayat\u0131yla birlikte hi\u00e7 bilmedi\u011fi bir \u00fclkede m\u00fccadele eden umutlu ve ba\u015far\u0131l\u0131 bir k\u0131z\u0131n hik\u00e2yesi bu! Lalin; kat\u0131ld\u0131\u011f\u0131 yeni y\u0131l partileri, Paskalya yar\u0131\u015fmas\u0131, Paintball sava\u015f\u0131 ve cad\u0131lar bayram\u0131 gibi e\u011flencelerde ya\u015fanan esrarengiz olaylar\u0131n ba\u015fkahraman\u0131yd\u0131. M\u0131s\u0131r, Katar diye devam eden bu yol haritas\u0131nda ne istedi\u011fini bilerek, planl\u0131 ve e\u011flenceli bir ya\u015fam kurdu sevdikleriyle. \u015eimdi \u00e7ocukken kurdu\u011fu hayali ger\u00e7ekle\u015ftiren biri var kar\u015f\u0131m\u0131zda. \u0130\u015fte bu renkli ya\u015famdaki Lalin\u2019i anlama k\u0131lavuzu!<\/p>\n","protected":false},"excerpt":{"rendered":"<p>Gitti\u011fi her \u00fclkede y\u0131ld\u0131z gibi parlayan Lalin\u2019i b\u00fcy\u00fck maceralar bekliyordu. Hayattaki tercihleri \u00e7\u0131kt\u0131\u011f\u0131 yoku\u015flar gibi onu zorlam\u0131\u015ft\u0131. Al\u0131\u015fma s\u00fcrecinde d\u00f6kt\u00fc\u011f\u00fc g\u00f6zya\u015flar\u0131, tatl\u0131 tesad\u00fcfler ve ilgin\u00e7 arkada\u015fl\u0131klar\u0131yla<span class=\"excerpt-hellip\"> [\u2026]<\/span><\/p>\n","protected":false},"featured_media":0,"template":"","meta":{"_monsterinsights_skip_tracking":false,"_monsterinsights_sitenote_active":false,"_monsterinsights_sitenote_note":"","_monsterinsights_sitenote_category":0},"product_brand":[],"product_cat":[12274,12631],"product_tag":[],"class_list":{"0":"post-771878","1":"product","2":"type-product","3":"status-publish","5":"product_cat-cocuk-ve-genclik-kitaplari","6":"product_cat-diger-cocuk-ve-genclik-kitaplari","7":"pa_cilt-ciltsiz","8":"pa_tur-kitap","9":"pa_yayinevi-yediveren-cocuk","10":"pa_yazar-deniz-atasoy","12":"first","13":"instock","14":"sale","15":"shipping-taxable","16":"purchasable","17":"product-type-simple"},"_links":{"self":[{"href":"https:\/\/roveyayinevi.com.tr\/index.php\/wp-json\/wp\/v2\/product\/771878","targetHints":{"allow":["GET"]}}],"collection":[{"href":"https:\/\/roveyayinevi.com.tr\/index.php\/wp-json\/wp\/v2\/product"}],"about":[{"href":"https:\/\/roveyayinevi.com.tr\/index.php\/wp-json\/wp\/v2\/types\/product"}],"wp:attachment":[{"href":"https:\/\/roveyayinevi.com.tr\/index.php\/wp-json\/wp\/v2\/media?parent=771878"}],"wp:term":[{"taxonomy":"product_brand","embeddable":true,"href":"https:\/\/roveyayinevi.com.tr\/index.php\/wp-json\/wp\/v2\/product_brand?post=771878"},{"taxonomy":"product_cat","embeddable":true,"href":"https:\/\/roveyayinevi.com.tr\/index.php\/wp-json\/wp\/v2\/product_cat?post=771878"},{"taxonomy":"product_tag","embeddable":true,"href":"https:\/\/roveyayinevi.com.tr\/index.php\/wp-json\/wp\/v2\/product_tag?post=771878"}],"curies":[{"name":"wp","href":"https:\/\/api.w.org\/{rel}","templated":true}]}}