{"id":771872,"date":"2025-08-28T15:20:45","date_gmt":"2025-08-28T12:20:45","guid":{"rendered":"https:\/\/roveyayinevi.com.tr\/index.php\/urun\/stephen-hawking-bilimin-dehalari\/"},"modified":"2026-04-15T03:38:17","modified_gmt":"2026-04-15T00:38:17","slug":"stephen-hawking-bilimin-dehalari","status":"publish","type":"product","link":"https:\/\/roveyayinevi.com.tr\/index.php\/urun\/stephen-hawking-bilimin-dehalari\/","title":{"rendered":"Stephen Hawking &#8211; Bilimin Dehalar\u0131"},"content":{"rendered":"<p>D\u00fcnyan\u0131n en ba\u015far\u0131l\u0131 bilim insanlar\u0131ndan olan \u00fcnl\u00fc fizik\u00e7i ve astronom Stephen Hawking kimdir?Nerede do\u011fmu\u015ftur?Hangi e\u011fitimleri alm\u0131\u015ft\u0131r?Hangi teorileri vard\u0131r?Yapm\u0131\u015f oldu\u011fu \u00e7al\u0131\u015fmalarla d\u00fcnyada ses getiren Stephen Hawking\u2019in hayat\u0131n\u0131, e\u011fitimini, kariyerini ve ba\u015far\u0131lar\u0131n\u0131 merak m\u0131 ediyorsun? Stephen Hawking\u2019in geli\u015ftirdi\u011fi fizik ve kara delik teorilerinin g\u00fcn\u00fcm\u00fczde nas\u0131l bir etkisinin oldu\u011fu ve Stephen Hawking hakk\u0131nda merak etti\u011fin t\u00fcm sorular\u0131n yan\u0131tlar\u0131 bu kitapta.Durma \u00e7evir sayfalar\u0131 ve sen de onun gibi bir bilim insan\u0131 olmak i\u00e7in okumaya ba\u015fla!<\/p>\n","protected":false},"excerpt":{"rendered":"<p>D\u00fcnyan\u0131n en ba\u015far\u0131l\u0131 bilim insanlar\u0131ndan olan \u00fcnl\u00fc fizik\u00e7i ve astronom Stephen Hawking kimdir?Nerede do\u011fmu\u015ftur?Hangi e\u011fitimleri alm\u0131\u015ft\u0131r?Hangi teorileri vard\u0131r?Yapm\u0131\u015f oldu\u011fu \u00e7al\u0131\u015fmalarla d\u00fcnyada ses getiren Stephen Hawking\u2019in hayat\u0131n\u0131,<span class=\"excerpt-hellip\"> [\u2026]<\/span><\/p>\n","protected":false},"featured_media":0,"template":"","meta":{"_monsterinsights_skip_tracking":false,"_monsterinsights_sitenote_active":false,"_monsterinsights_sitenote_note":"","_monsterinsights_sitenote_category":0},"product_brand":[],"product_cat":[13829,12274],"product_tag":[],"class_list":{"0":"post-771872","1":"product","2":"type-product","3":"status-publish","5":"product_cat-bilimsel-kitaplar","6":"product_cat-cocuk-ve-genclik-kitaplari","7":"pa_cilt-ciltsiz","8":"pa_tur-kitap","9":"pa_yayinevi-yediveren-cocuk","10":"pa_yazar-eda-bayrak","12":"first","13":"instock","14":"sale","15":"shipping-taxable","16":"purchasable","17":"product-type-simple"},"_links":{"self":[{"href":"https:\/\/roveyayinevi.com.tr\/index.php\/wp-json\/wp\/v2\/product\/771872","targetHints":{"allow":["GET"]}}],"collection":[{"href":"https:\/\/roveyayinevi.com.tr\/index.php\/wp-json\/wp\/v2\/product"}],"about":[{"href":"https:\/\/roveyayinevi.com.tr\/index.php\/wp-json\/wp\/v2\/types\/product"}],"wp:attachment":[{"href":"https:\/\/roveyayinevi.com.tr\/index.php\/wp-json\/wp\/v2\/media?parent=771872"}],"wp:term":[{"taxonomy":"product_brand","embeddable":true,"href":"https:\/\/roveyayinevi.com.tr\/index.php\/wp-json\/wp\/v2\/product_brand?post=771872"},{"taxonomy":"product_cat","embeddable":true,"href":"https:\/\/roveyayinevi.com.tr\/index.php\/wp-json\/wp\/v2\/product_cat?post=771872"},{"taxonomy":"product_tag","embeddable":true,"href":"https:\/\/roveyayinevi.com.tr\/index.php\/wp-json\/wp\/v2\/product_tag?post=771872"}],"curies":[{"name":"wp","href":"https:\/\/api.w.org\/{rel}","templated":true}]}}