{"id":771868,"date":"2025-08-28T15:20:37","date_gmt":"2025-08-28T12:20:37","guid":{"rendered":"https:\/\/roveyayinevi.com.tr\/index.php\/urun\/gobeklitepe-macerasi-cilgin-dedektifler-baran-ile-beren\/"},"modified":"2026-04-15T03:38:17","modified_gmt":"2026-04-15T00:38:17","slug":"gobeklitepe-macerasi-cilgin-dedektifler-baran-ile-beren","status":"publish","type":"product","link":"https:\/\/roveyayinevi.com.tr\/index.php\/urun\/gobeklitepe-macerasi-cilgin-dedektifler-baran-ile-beren\/","title":{"rendered":"G\u00f6beklitepe Maceras\u0131; \u00c7\u0131lg\u0131n Dedektifler Baran \u0130le Beren"},"content":{"rendered":"<p>\u00c7\u0131lg\u0131n dedektiflerimiz Baran ile Beren, yaz tatilinde gezmek i\u00e7in G\u00f6beklitepe&#8217;yegiderler. G\u00f6beklitepe&#8217;yi gezdikleri s\u0131rada, G\u00f6beklitepe&#8217;yi ilk bulan ki\u015fi olanMahmut Amca&#8217;n\u0131n me\u015fhur t\u0131rm\u0131\u011f\u0131 kaybolur. T\u0131rm\u0131\u011f\u0131 bulmak i\u00e7in giri\u015ftiklerimacerada \u00f6nemli baz\u0131 eserlerin de ortadan kayboldu\u011funu fark ederler.G\u00f6beklitepe&#8217;de ya\u015fan\u0131lan olaylar\u0131n gizemini \u00e7\u00f6zmek ve olaylar\u0131 ayd\u0131nlatmak hi\u00e7 dekolay olmayacakt\u0131r!G\u00f6beklitepe&#8217;deki olaylar\u0131n gizemini \u00e7\u00f6zmek ve k\u00f6t\u00fc adamlar\u0131 yakalamak i\u00e7in Baranile Beren&#8217;e e\u015flik etmeye haz\u0131r m\u0131s\u0131n?Her b\u00f6l\u00fcm\u00fcn sonundaki dedektiflik testleriyle ne kadar iyi bir dedektif oldu\u011funu\u00f6l\u00e7meye ne dersin?-Dikkat Geli\u015fimi Uygulamal\u0131-Analitik D\u00fc\u015f\u00fcnce Geli\u015fimi Uygulamal\u0131<\/p>\n","protected":false},"excerpt":{"rendered":"<p>\u00c7\u0131lg\u0131n dedektiflerimiz Baran ile Beren, yaz tatilinde gezmek i\u00e7in G\u00f6beklitepe&#8217;yegiderler. G\u00f6beklitepe&#8217;yi gezdikleri s\u0131rada, G\u00f6beklitepe&#8217;yi ilk bulan ki\u015fi olanMahmut Amca&#8217;n\u0131n me\u015fhur t\u0131rm\u0131\u011f\u0131 kaybolur. T\u0131rm\u0131\u011f\u0131 bulmak i\u00e7in giri\u015ftiklerimacerada<span class=\"excerpt-hellip\"> [\u2026]<\/span><\/p>\n","protected":false},"featured_media":0,"template":"","meta":{"_monsterinsights_skip_tracking":false,"_monsterinsights_sitenote_active":false,"_monsterinsights_sitenote_note":"","_monsterinsights_sitenote_category":0},"product_brand":[],"product_cat":[12274,12284],"product_tag":[],"class_list":{"0":"post-771868","1":"product","2":"type-product","3":"status-publish","5":"product_cat-cocuk-ve-genclik-kitaplari","6":"product_cat-hikayeler","7":"pa_cilt-ciltli","8":"pa_tur-kitap","9":"pa_yayinevi-yediveren-cocuk","10":"pa_yazar-cihangir-defterdar","12":"first","13":"instock","14":"sale","15":"shipping-taxable","16":"purchasable","17":"product-type-simple"},"_links":{"self":[{"href":"https:\/\/roveyayinevi.com.tr\/index.php\/wp-json\/wp\/v2\/product\/771868","targetHints":{"allow":["GET"]}}],"collection":[{"href":"https:\/\/roveyayinevi.com.tr\/index.php\/wp-json\/wp\/v2\/product"}],"about":[{"href":"https:\/\/roveyayinevi.com.tr\/index.php\/wp-json\/wp\/v2\/types\/product"}],"wp:attachment":[{"href":"https:\/\/roveyayinevi.com.tr\/index.php\/wp-json\/wp\/v2\/media?parent=771868"}],"wp:term":[{"taxonomy":"product_brand","embeddable":true,"href":"https:\/\/roveyayinevi.com.tr\/index.php\/wp-json\/wp\/v2\/product_brand?post=771868"},{"taxonomy":"product_cat","embeddable":true,"href":"https:\/\/roveyayinevi.com.tr\/index.php\/wp-json\/wp\/v2\/product_cat?post=771868"},{"taxonomy":"product_tag","embeddable":true,"href":"https:\/\/roveyayinevi.com.tr\/index.php\/wp-json\/wp\/v2\/product_tag?post=771868"}],"curies":[{"name":"wp","href":"https:\/\/api.w.org\/{rel}","templated":true}]}}