{"id":771867,"date":"2025-08-28T15:20:35","date_gmt":"2025-08-28T12:20:35","guid":{"rendered":"https:\/\/roveyayinevi.com.tr\/index.php\/urun\/kil-mucizesi\/"},"modified":"2026-04-12T03:29:31","modified_gmt":"2026-04-12T00:29:31","slug":"kil-mucizesi","status":"publish","type":"product","link":"https:\/\/roveyayinevi.com.tr\/index.php\/urun\/kil-mucizesi\/","title":{"rendered":"Kil Mucizesi"},"content":{"rendered":"<p>Kil tarihin ilk \u201cmarka ilac\u0131\u201d idi ve her derde deva olarak da\u011f\u0131t\u0131l\u0131yor veya sat\u0131l\u0131yordu. Osmanl\u0131 hekimleri zehirlenmelerdeki etkisini \u201cbenzeri olmayan, hayret edilecek derecede etkili\u201d olarak ifade ediyorlarKilin tedavide kullan\u0131m bilgileri kadim t\u0131bb\u0131n bildi\u011fi ve rutin olarak tedavide kulland\u0131\u011f\u0131 bilgilerdi. \u00c7a\u011fda\u015f t\u0131bb\u0131m\u0131z\u0131n unuttu\u011fu bu bilgiler \u015fimdilerde ara\u015ft\u0131r\u0131l\u0131yor ve tek tek ispat ediliyor.Bu kitaplarda kilin tedavisinin yan\u0131 s\u0131ra efsanelerdeki yerini de okuyacaks\u0131n\u0131z . Efsanelerdeki Tanr\u0131 Vulcan\u2019\u0131n, Artemis\u2019in Afrodit\u2019in kilini tan\u0131yacak, Galaksinin koruyucusu \u201cYery\u00fcz\u00fc Y\u0131ld\u0131z\u0131\u201d olan beyaz kil ile de d\u00fcnyay\u0131 etkileyen y\u0131ld\u0131zlar efsanelerindeki yerini \u00f6\u011freneceksiniz.<\/p>\n","protected":false},"excerpt":{"rendered":"<p>Kil tarihin ilk \u201cmarka ilac\u0131\u201d idi ve her derde deva olarak da\u011f\u0131t\u0131l\u0131yor veya sat\u0131l\u0131yordu. Osmanl\u0131 hekimleri zehirlenmelerdeki etkisini \u201cbenzeri olmayan, hayret edilecek derecede etkili\u201d olarak ifade<span class=\"excerpt-hellip\"> [\u2026]<\/span><\/p>\n","protected":false},"featured_media":0,"template":"","meta":{"_monsterinsights_skip_tracking":false,"_monsterinsights_sitenote_active":false,"_monsterinsights_sitenote_note":"","_monsterinsights_sitenote_category":0},"product_brand":[],"product_cat":[12364,12376],"product_tag":[],"class_list":{"0":"post-771867","1":"product","2":"type-product","3":"status-publish","5":"product_cat-genel-konular","6":"product_cat-kisisel-gelisim","7":"pa_cilt-ciltsiz","8":"pa_tur-kitap","9":"pa_yayinevi-yediveren-yayinlari","10":"pa_yazar-ayten-altintas","12":"first","13":"instock","14":"sale","15":"shipping-taxable","16":"purchasable","17":"product-type-simple"},"_links":{"self":[{"href":"https:\/\/roveyayinevi.com.tr\/index.php\/wp-json\/wp\/v2\/product\/771867","targetHints":{"allow":["GET"]}}],"collection":[{"href":"https:\/\/roveyayinevi.com.tr\/index.php\/wp-json\/wp\/v2\/product"}],"about":[{"href":"https:\/\/roveyayinevi.com.tr\/index.php\/wp-json\/wp\/v2\/types\/product"}],"wp:attachment":[{"href":"https:\/\/roveyayinevi.com.tr\/index.php\/wp-json\/wp\/v2\/media?parent=771867"}],"wp:term":[{"taxonomy":"product_brand","embeddable":true,"href":"https:\/\/roveyayinevi.com.tr\/index.php\/wp-json\/wp\/v2\/product_brand?post=771867"},{"taxonomy":"product_cat","embeddable":true,"href":"https:\/\/roveyayinevi.com.tr\/index.php\/wp-json\/wp\/v2\/product_cat?post=771867"},{"taxonomy":"product_tag","embeddable":true,"href":"https:\/\/roveyayinevi.com.tr\/index.php\/wp-json\/wp\/v2\/product_tag?post=771867"}],"curies":[{"name":"wp","href":"https:\/\/api.w.org\/{rel}","templated":true}]}}