{"id":771866,"date":"2025-08-28T15:20:33","date_gmt":"2025-08-28T12:20:33","guid":{"rendered":"https:\/\/roveyayinevi.com.tr\/index.php\/urun\/doguyla-batinin-macerasi-seti-6-kitap\/"},"modified":"2026-04-15T03:38:17","modified_gmt":"2026-04-15T00:38:17","slug":"doguyla-batinin-macerasi-seti-6-kitap","status":"publish","type":"product","link":"https:\/\/roveyayinevi.com.tr\/index.php\/urun\/doguyla-batinin-macerasi-seti-6-kitap\/","title":{"rendered":"Do\u011fu&#8217;yla Bat\u0131n\u0131n Maceras\u0131 Seti (6 Kitap)"},"content":{"rendered":"<p>&#8211; \u0130stanbul Maceras\u0131- \u00c7anakkale Maceras\u0131- Konya Maceras\u0131- Bursa Maceras\u0131- Ankara Maceras\u0131- \u0130zmir Maceras\u0131<\/p>\n","protected":false},"excerpt":{"rendered":"<p>&#8211; \u0130stanbul Maceras\u0131- \u00c7anakkale Maceras\u0131- Konya Maceras\u0131- Bursa Maceras\u0131- Ankara Maceras\u0131- \u0130zmir Maceras\u0131<\/p>\n","protected":false},"featured_media":0,"template":"","meta":{"_monsterinsights_skip_tracking":false,"_monsterinsights_sitenote_active":false,"_monsterinsights_sitenote_note":"","_monsterinsights_sitenote_category":0},"product_brand":[],"product_cat":[12274,12631],"product_tag":[],"class_list":{"0":"post-771866","1":"product","2":"type-product","3":"status-publish","5":"product_cat-cocuk-ve-genclik-kitaplari","6":"product_cat-diger-cocuk-ve-genclik-kitaplari","7":"pa_cilt-ciltsiz","8":"pa_tur-kitap","9":"pa_yayinevi-yediveren-cocuk","10":"pa_yazar-asena-meric","12":"first","13":"instock","14":"sale","15":"shipping-taxable","16":"purchasable","17":"product-type-simple"},"_links":{"self":[{"href":"https:\/\/roveyayinevi.com.tr\/index.php\/wp-json\/wp\/v2\/product\/771866","targetHints":{"allow":["GET"]}}],"collection":[{"href":"https:\/\/roveyayinevi.com.tr\/index.php\/wp-json\/wp\/v2\/product"}],"about":[{"href":"https:\/\/roveyayinevi.com.tr\/index.php\/wp-json\/wp\/v2\/types\/product"}],"wp:attachment":[{"href":"https:\/\/roveyayinevi.com.tr\/index.php\/wp-json\/wp\/v2\/media?parent=771866"}],"wp:term":[{"taxonomy":"product_brand","embeddable":true,"href":"https:\/\/roveyayinevi.com.tr\/index.php\/wp-json\/wp\/v2\/product_brand?post=771866"},{"taxonomy":"product_cat","embeddable":true,"href":"https:\/\/roveyayinevi.com.tr\/index.php\/wp-json\/wp\/v2\/product_cat?post=771866"},{"taxonomy":"product_tag","embeddable":true,"href":"https:\/\/roveyayinevi.com.tr\/index.php\/wp-json\/wp\/v2\/product_tag?post=771866"}],"curies":[{"name":"wp","href":"https:\/\/api.w.org\/{rel}","templated":true}]}}