{"id":771864,"date":"2025-08-28T15:20:30","date_gmt":"2025-08-28T12:20:30","guid":{"rendered":"https:\/\/roveyayinevi.com.tr\/index.php\/urun\/gokboru-kapgan-kagan\/"},"modified":"2026-04-15T03:38:17","modified_gmt":"2026-04-15T00:38:17","slug":"gokboru-kapgan-kagan","status":"publish","type":"product","link":"https:\/\/roveyayinevi.com.tr\/index.php\/urun\/gokboru-kapgan-kagan\/","title":{"rendered":"G\u00f6kb\u00f6r\u00fc Kapgan Ka\u011fan"},"content":{"rendered":"<p>G\u00f6kt\u00fcrk Devleti&#8217;nin kurucusu \u0130lteri\u015f Kutluk Ka\u011fan&#8217;\u0131n 691 y\u0131l\u0131nda ani \u00f6l\u00fcm\u00fc \u00fczerine o\u011fullar\u0131 Bilge Tigin ve K\u00fclTigin k\u00fc\u00e7\u00fck olduklar\u0131ndan dolay\u0131, t\u00f6re gere\u011fi yerine karde\u015fi Kapgan, yirmi yedi ya\u015f\u0131nda ka\u011fan oldu. A\u011fabeyiKutluk Ka\u011fan ile beraber yetmi\u015f ki\u015fiyle ba\u015flatt\u0131klar\u0131 isyan hareketi sonucunda G\u00f6kt\u00fcrk Devleti&#8217;ni kurmay\u0131ba\u015farm\u0131\u015flard\u0131.Kapgan Ka\u011fan, b\u00fct\u00fcn T\u00fcrkleri bir araya toplayan ka\u011fand\u0131r. Yirmi d\u00f6rt y\u0131l s\u00fcren ka\u011fanl\u0131\u011f\u0131 boyunca, \u00c7in\u00fczerine en \u00e7ok ak\u0131n yapan, en \u00e7ok zafer kazanan ve \u00c7in&#8217;in en \u00e7ok korktu\u011fu ka\u011fan olmu\u015ftu.&#8221;Tanr\u0131dan Kut alm\u0131\u015f a\u011fabeyim Kutluk Ka\u011fan, yetmi\u015f arkada\u015f\u0131m\u0131zla yola \u00e7\u0131karken \u015fu s\u00f6z\u00fc s\u00f6ylemi\u015fti:&#8221;\u00d6zg\u00fcrl\u00fc\u011f\u00fcm\u00fcz i\u00e7in bedel \u00f6demenin zaman\u0131 geldi. G\u00f6kt\u00fcrkler kendi yurtlar\u0131nda ba\u011f\u0131ms\u0131z, \u00f6zg\u00fcr, huzur verefah i\u00e7inde ya\u015famaya ba\u015flay\u0131ncaya kadar sava\u015faca\u011f\u0131z. Ya \u00f6zg\u00fcr olaca\u011f\u0131z ya da \u00f6zg\u00fcr \u00f6lece\u011fiz.&#8221;Yazar Hakk\u0131nda: Yazar Halil Kanarg\u0131 29 Ekim 1960 tarihinde \u0130zmir, K\u0131n\u0131k, D\u00fcndarl\u0131&#8217;da D\u00fcnya&#8217;ya gelmi\u015ftir. \u0130lkokuluk\u00f6y\u00fcnde, ortaokulu K\u0131n\u0131k il\u00e7esindeki \u015eehit Cafer Atilla Ortaokulunda, Lise \u00f6\u011frenimini de \u0130zmir Buca Lisesi&#8217;nde tamamlam\u0131\u015ft\u0131r.Halil Kanarg\u0131, A\u015fk Romanlar\u0131 ve \u00d6yk\u00fcleri, Edebiyat, Korku-Gerilim kategorilerinde eserler yazm\u0131\u015f pop\u00fcler bir yazard\u0131r. Lisey\u0131llar\u0131nda \u015fiirlerle ve \u00f6yk\u00fclerle ba\u015flayan yaz\u0131n ser\u00fcvenini ara\u015ft\u0131rmalar\u0131 izlemi\u015ftir. Yaz\u0131 \u00e7al\u0131\u015fmalar\u0131n\u0131 aral\u0131ks\u0131z s\u00fcrd\u00fcren yazarevli ve iki \u00e7ocuk babas\u0131d\u0131r.<\/p>\n","protected":false},"excerpt":{"rendered":"<p>G\u00f6kt\u00fcrk Devleti&#8217;nin kurucusu \u0130lteri\u015f Kutluk Ka\u011fan&#8217;\u0131n 691 y\u0131l\u0131nda ani \u00f6l\u00fcm\u00fc \u00fczerine o\u011fullar\u0131 Bilge Tigin ve K\u00fclTigin k\u00fc\u00e7\u00fck olduklar\u0131ndan dolay\u0131, t\u00f6re gere\u011fi yerine karde\u015fi Kapgan, yirmi yedi<span class=\"excerpt-hellip\"> [\u2026]<\/span><\/p>\n","protected":false},"featured_media":0,"template":"","meta":{"_monsterinsights_skip_tracking":false,"_monsterinsights_sitenote_active":false,"_monsterinsights_sitenote_note":"","_monsterinsights_sitenote_category":0},"product_brand":[],"product_cat":[12291,12745],"product_tag":[],"class_list":{"0":"post-771864","1":"product","2":"type-product","3":"status-publish","5":"product_cat-edebiyat","6":"product_cat-tarihi-roman","7":"pa_cilt-ciltsiz","8":"pa_tur-kitap","9":"pa_yayinevi-eftalya-kitap","10":"pa_yazar-halil-kanargi","12":"first","13":"instock","14":"sale","15":"shipping-taxable","16":"purchasable","17":"product-type-simple"},"_links":{"self":[{"href":"https:\/\/roveyayinevi.com.tr\/index.php\/wp-json\/wp\/v2\/product\/771864","targetHints":{"allow":["GET"]}}],"collection":[{"href":"https:\/\/roveyayinevi.com.tr\/index.php\/wp-json\/wp\/v2\/product"}],"about":[{"href":"https:\/\/roveyayinevi.com.tr\/index.php\/wp-json\/wp\/v2\/types\/product"}],"wp:attachment":[{"href":"https:\/\/roveyayinevi.com.tr\/index.php\/wp-json\/wp\/v2\/media?parent=771864"}],"wp:term":[{"taxonomy":"product_brand","embeddable":true,"href":"https:\/\/roveyayinevi.com.tr\/index.php\/wp-json\/wp\/v2\/product_brand?post=771864"},{"taxonomy":"product_cat","embeddable":true,"href":"https:\/\/roveyayinevi.com.tr\/index.php\/wp-json\/wp\/v2\/product_cat?post=771864"},{"taxonomy":"product_tag","embeddable":true,"href":"https:\/\/roveyayinevi.com.tr\/index.php\/wp-json\/wp\/v2\/product_tag?post=771864"}],"curies":[{"name":"wp","href":"https:\/\/api.w.org\/{rel}","templated":true}]}}