{"id":771862,"date":"2025-08-28T15:20:25","date_gmt":"2025-08-28T12:20:25","guid":{"rendered":"https:\/\/roveyayinevi.com.tr\/index.php\/urun\/galaksi-savaslari-mars-ve-otesine-yolculuk\/"},"modified":"2026-04-15T03:38:17","modified_gmt":"2026-04-15T00:38:17","slug":"galaksi-savaslari-mars-ve-otesine-yolculuk","status":"publish","type":"product","link":"https:\/\/roveyayinevi.com.tr\/index.php\/urun\/galaksi-savaslari-mars-ve-otesine-yolculuk\/","title":{"rendered":"Galaksi Sava\u015flar\u0131 Mars ve \u00d6tesine Yolculuk"},"content":{"rendered":"<p>Art\u0131k d\u00fcnya de\u011fi\u015fti.Art\u0131k s\u0131n\u0131rlar a\u015f\u0131ld\u0131 ve uzay \u00e7a\u011f\u0131 ba\u015flad\u0131.T\u0131pk\u0131 d\u00fcnyada oldu\u011fu gibi uzayda da iyilerle k\u00f6t\u00fclerin m\u00fccadelesi ba\u015flad\u0131.Gezegenler, y\u0131ld\u0131zlar, roketler ve uzay gemileri art\u0131k bu m\u00fccadelenin birer par\u00e7alar\u0131!Gezegenler \u00f6tesindeki iyiyle k\u00f6t\u00fcn\u00fcn m\u00fccadelesini nefeslerinizi tutarak okuyacaks\u0131n!Durma!\u0130yilere destek ol!<\/p>\n","protected":false},"excerpt":{"rendered":"<p>Art\u0131k d\u00fcnya de\u011fi\u015fti.Art\u0131k s\u0131n\u0131rlar a\u015f\u0131ld\u0131 ve uzay \u00e7a\u011f\u0131 ba\u015flad\u0131.T\u0131pk\u0131 d\u00fcnyada oldu\u011fu gibi uzayda da iyilerle k\u00f6t\u00fclerin m\u00fccadelesi ba\u015flad\u0131.Gezegenler, y\u0131ld\u0131zlar, roketler ve uzay gemileri art\u0131k bu m\u00fccadelenin<span class=\"excerpt-hellip\"> [\u2026]<\/span><\/p>\n","protected":false},"featured_media":0,"template":"","meta":{"_monsterinsights_skip_tracking":false,"_monsterinsights_sitenote_active":false,"_monsterinsights_sitenote_note":"","_monsterinsights_sitenote_category":0},"product_brand":[],"product_cat":[12274,12284],"product_tag":[],"class_list":{"0":"post-771862","1":"product","2":"type-product","3":"status-publish","5":"product_cat-cocuk-ve-genclik-kitaplari","6":"product_cat-hikayeler","7":"pa_cilt-ciltsiz","8":"pa_tur-kitap","9":"pa_yayinevi-yediveren-cocuk","10":"pa_yazar-fatih-dost","12":"first","13":"instock","14":"sale","15":"shipping-taxable","16":"purchasable","17":"product-type-simple"},"_links":{"self":[{"href":"https:\/\/roveyayinevi.com.tr\/index.php\/wp-json\/wp\/v2\/product\/771862","targetHints":{"allow":["GET"]}}],"collection":[{"href":"https:\/\/roveyayinevi.com.tr\/index.php\/wp-json\/wp\/v2\/product"}],"about":[{"href":"https:\/\/roveyayinevi.com.tr\/index.php\/wp-json\/wp\/v2\/types\/product"}],"wp:attachment":[{"href":"https:\/\/roveyayinevi.com.tr\/index.php\/wp-json\/wp\/v2\/media?parent=771862"}],"wp:term":[{"taxonomy":"product_brand","embeddable":true,"href":"https:\/\/roveyayinevi.com.tr\/index.php\/wp-json\/wp\/v2\/product_brand?post=771862"},{"taxonomy":"product_cat","embeddable":true,"href":"https:\/\/roveyayinevi.com.tr\/index.php\/wp-json\/wp\/v2\/product_cat?post=771862"},{"taxonomy":"product_tag","embeddable":true,"href":"https:\/\/roveyayinevi.com.tr\/index.php\/wp-json\/wp\/v2\/product_tag?post=771862"}],"curies":[{"name":"wp","href":"https:\/\/api.w.org\/{rel}","templated":true}]}}