{"id":771861,"date":"2025-08-28T15:20:24","date_gmt":"2025-08-28T12:20:24","guid":{"rendered":"https:\/\/roveyayinevi.com.tr\/index.php\/urun\/mevlanadan-ruhsal-terapiler\/"},"modified":"2026-04-13T03:34:19","modified_gmt":"2026-04-13T00:34:19","slug":"mevlanadan-ruhsal-terapiler","status":"publish","type":"product","link":"https:\/\/roveyayinevi.com.tr\/index.php\/urun\/mevlanadan-ruhsal-terapiler\/","title":{"rendered":"Mevlana&#8217;dan Ruhsal Terapiler"},"content":{"rendered":"<p>Hz. Mevl\u00e2na, sadece ya\u015fad\u0131\u011f\u0131d\u00f6nemdeki insanlar i\u00e7in de\u011fil,g\u00fcn\u00fcm\u00fcze kadar farkl\u0131 din, mezhep,millet, me\u015frep ve ya\u015ftan say\u0131s\u0131zinsan\u0131 iyile\u015ftirmi\u015f evrensel bir \u015fifac\u0131d\u0131r.D\u00fcnyan\u0131n d\u00f6rt bir yan\u0131ndanHz. Mevl\u00e2na&#8217;ya y\u00f6nelenler,ondan a\u015fk\u0131 \u00f6\u011frenmek istemeninyan\u0131 s\u0131ra, varolu\u015fsal, manev\u00ee ve psikolojiksorunlar\u0131na da \u00e7areler aramaktad\u0131rlar.Hz. Mevl\u00e2na onlar i\u00e7in hem a\u015fk\u0131npeygamberi hem de ruh sa\u011fl\u0131\u011f\u0131uzman\u0131 veya psikoterapisttir.\u0130nsan\u0131 yarg\u0131lamadan, incitmeden,oldu\u011fu gibi kabul eden, kucaklayan,g\u00f6zya\u015flar\u0131n\u0131 silen, s\u0131rt\u0131n\u0131 s\u0131vazlayan,ba\u015f\u0131n\u0131 ok\u015fayan, sevgi, \u015fefkat,ho\u015fg\u00f6r\u00fc ve merhametle yakla\u015fan bir terapist.<\/p>\n","protected":false},"excerpt":{"rendered":"<p>Hz. Mevl\u00e2na, sadece ya\u015fad\u0131\u011f\u0131d\u00f6nemdeki insanlar i\u00e7in de\u011fil,g\u00fcn\u00fcm\u00fcze kadar farkl\u0131 din, mezhep,millet, me\u015frep ve ya\u015ftan say\u0131s\u0131zinsan\u0131 iyile\u015ftirmi\u015f evrensel bir \u015fifac\u0131d\u0131r.D\u00fcnyan\u0131n d\u00f6rt bir yan\u0131ndanHz. Mevl\u00e2na&#8217;ya y\u00f6nelenler,ondan a\u015fk\u0131 \u00f6\u011frenmek<span class=\"excerpt-hellip\"> [\u2026]<\/span><\/p>\n","protected":false},"featured_media":0,"template":"","meta":{"_monsterinsights_skip_tracking":false,"_monsterinsights_sitenote_active":false,"_monsterinsights_sitenote_note":"","_monsterinsights_sitenote_category":0},"product_brand":[],"product_cat":[12364,12376],"product_tag":[],"class_list":{"0":"post-771861","1":"product","2":"type-product","3":"status-publish","5":"product_cat-genel-konular","6":"product_cat-kisisel-gelisim","7":"pa_cilt-ciltsiz","8":"pa_tur-kitap","9":"pa_yayinevi-yediveren-yayinlari","10":"pa_yazar-saban-karakose-rukiye-karakose","12":"first","13":"instock","14":"sale","15":"shipping-taxable","16":"purchasable","17":"product-type-simple"},"_links":{"self":[{"href":"https:\/\/roveyayinevi.com.tr\/index.php\/wp-json\/wp\/v2\/product\/771861","targetHints":{"allow":["GET"]}}],"collection":[{"href":"https:\/\/roveyayinevi.com.tr\/index.php\/wp-json\/wp\/v2\/product"}],"about":[{"href":"https:\/\/roveyayinevi.com.tr\/index.php\/wp-json\/wp\/v2\/types\/product"}],"wp:attachment":[{"href":"https:\/\/roveyayinevi.com.tr\/index.php\/wp-json\/wp\/v2\/media?parent=771861"}],"wp:term":[{"taxonomy":"product_brand","embeddable":true,"href":"https:\/\/roveyayinevi.com.tr\/index.php\/wp-json\/wp\/v2\/product_brand?post=771861"},{"taxonomy":"product_cat","embeddable":true,"href":"https:\/\/roveyayinevi.com.tr\/index.php\/wp-json\/wp\/v2\/product_cat?post=771861"},{"taxonomy":"product_tag","embeddable":true,"href":"https:\/\/roveyayinevi.com.tr\/index.php\/wp-json\/wp\/v2\/product_tag?post=771861"}],"curies":[{"name":"wp","href":"https:\/\/api.w.org\/{rel}","templated":true}]}}