{"id":771860,"date":"2025-08-28T15:20:22","date_gmt":"2025-08-28T12:20:22","guid":{"rendered":"https:\/\/roveyayinevi.com.tr\/index.php\/urun\/mevlanadan-dusunduren-sozler\/"},"modified":"2026-04-15T03:38:17","modified_gmt":"2026-04-15T00:38:17","slug":"mevlanadan-dusunduren-sozler","status":"publish","type":"product","link":"https:\/\/roveyayinevi.com.tr\/index.php\/urun\/mevlanadan-dusunduren-sozler\/","title":{"rendered":"Mevlana&#8217;dan D\u00fc\u015f\u00fcnd\u00fcren S\u00f6zler"},"content":{"rendered":"<p>Bir g\u00f6n\u00fcl e\u011fitimcisi olan Mevl\u00e2n\u00e2 Celaleddin-i Rumi, huzurun, sevginin, bar\u0131\u015f ve ho\u015fg\u00f6r\u00fcn\u00fcn sembol\u00fcd\u00fcr. Sadece Anadolu&#8217;daki de\u011fil, Do\u011fu&#8217;dan Bat\u0131&#8217;ya hemen her co\u011frafyadaki manevi rehberli\u011fiyle o, kendisine y\u00f6nelenlerin g\u00f6n\u00fcllerini ayd\u0131nlatmakta, ruhlar\u0131n\u0131 \u00f6zg\u00fcrle\u015ftirmektedir. Hz. Mevl\u00e2na, ak\u0131l ve ruh sa\u011fl\u0131\u011f\u0131 bozulan insan ve toplum i\u00e7in bulunmaz bir panzehir, \u015fifa kayna\u011f\u0131d\u0131r. \u0130nsan\u0131n d\u00fcnyadaki ser\u00fcvenine ve Allah&#8217;a olan yolculu\u011funa dair hemen her konudaki hikmetli s\u00f6zlerinin yer ald\u0131\u011f\u0131 Mesnev\u00ee&#8217;si ise tasavvuf edebiyat\u0131n\u0131n \u015faheseri olarak kabul edilir. Ancak bu \u00f6nemli eseri do\u011fru ve yeterli bir derinlikte okumak epey zorlu bir i\u015ftir. Anlay\u0131\u015f ve ciddi bir \u00e7aba gerektirir. Bu nedenle, hacimli bir eser olan Mesnev\u00ee&#8217;den herkesin yararlanabilmesi i\u00e7in, ondaki hikmetli s\u00f6zleri derleyen \u00e7al\u0131\u015fmalar yap\u0131lm\u0131\u015ft\u0131r. Elinizdeki kitap da, Tasavvuf ara\u015ft\u0131rmac\u0131s\u0131 \u015eaban Karak\u00f6se taraf\u0131ndan haz\u0131rlanan ve A&#8217;dan Z&#8217;ye konular\u0131na g\u00f6re Mesnev\u00ee&#8217;deki hikmetli s\u00f6zlerin tasnifini ama\u00e7layan bir \u00e7al\u0131\u015fmad\u0131r. Siz de Mevl\u00e2n\u00e2&#8217;dan d\u00fc\u015f\u00fcnd\u00fcren s\u00f6zlerinde kendinizi bulacaks\u0131n\u0131z&#8230;<\/p>\n","protected":false},"excerpt":{"rendered":"<p>Bir g\u00f6n\u00fcl e\u011fitimcisi olan Mevl\u00e2n\u00e2 Celaleddin-i Rumi, huzurun, sevginin, bar\u0131\u015f ve ho\u015fg\u00f6r\u00fcn\u00fcn sembol\u00fcd\u00fcr. Sadece Anadolu&#8217;daki de\u011fil, Do\u011fu&#8217;dan Bat\u0131&#8217;ya hemen her co\u011frafyadaki manevi rehberli\u011fiyle o, kendisine y\u00f6nelenlerin<span class=\"excerpt-hellip\"> [\u2026]<\/span><\/p>\n","protected":false},"featured_media":0,"template":"","meta":{"_monsterinsights_skip_tracking":false,"_monsterinsights_sitenote_active":false,"_monsterinsights_sitenote_note":"","_monsterinsights_sitenote_category":0},"product_brand":[],"product_cat":[12718,12719,12720],"product_tag":[],"class_list":{"0":"post-771860","1":"product","2":"type-product","3":"status-publish","5":"product_cat-din","6":"product_cat-islam","7":"product_cat-tasavvuf-mezhepler-tarikatlar","8":"pa_cilt-ciltsiz","9":"pa_tur-kitap","10":"pa_yayinevi-yediveren-yayinlari","11":"pa_yazar-saban-karakose","13":"first","14":"instock","15":"sale","16":"shipping-taxable","17":"purchasable","18":"product-type-simple"},"_links":{"self":[{"href":"https:\/\/roveyayinevi.com.tr\/index.php\/wp-json\/wp\/v2\/product\/771860","targetHints":{"allow":["GET"]}}],"collection":[{"href":"https:\/\/roveyayinevi.com.tr\/index.php\/wp-json\/wp\/v2\/product"}],"about":[{"href":"https:\/\/roveyayinevi.com.tr\/index.php\/wp-json\/wp\/v2\/types\/product"}],"wp:attachment":[{"href":"https:\/\/roveyayinevi.com.tr\/index.php\/wp-json\/wp\/v2\/media?parent=771860"}],"wp:term":[{"taxonomy":"product_brand","embeddable":true,"href":"https:\/\/roveyayinevi.com.tr\/index.php\/wp-json\/wp\/v2\/product_brand?post=771860"},{"taxonomy":"product_cat","embeddable":true,"href":"https:\/\/roveyayinevi.com.tr\/index.php\/wp-json\/wp\/v2\/product_cat?post=771860"},{"taxonomy":"product_tag","embeddable":true,"href":"https:\/\/roveyayinevi.com.tr\/index.php\/wp-json\/wp\/v2\/product_tag?post=771860"}],"curies":[{"name":"wp","href":"https:\/\/api.w.org\/{rel}","templated":true}]}}