{"id":771857,"date":"2025-08-28T15:20:17","date_gmt":"2025-08-28T12:20:17","guid":{"rendered":"https:\/\/roveyayinevi.com.tr\/index.php\/urun\/erkek-kadindan-ne-bekler\/"},"modified":"2026-04-03T03:29:59","modified_gmt":"2026-04-03T00:29:59","slug":"erkek-kadindan-ne-bekler","status":"publish","type":"product","link":"https:\/\/roveyayinevi.com.tr\/index.php\/urun\/erkek-kadindan-ne-bekler\/","title":{"rendered":"Erkek Kad\u0131ndan Ne Bekler?"},"content":{"rendered":"<p>&#8220;Erkek \u0130\u015fte! D\u00f6ver de, Sever de!&#8221;&#8221;D\u00f6v\u00fclm\u00fc\u015f, itilmi\u015f, hakarete u\u011fram\u0131\u015f; \u00f6tesine berisineald\u0131\u011f\u0131 tekme tokat darbeleri ile s\u0131zlayan kemiklerinden\u00e7ok, y\u00fcre\u011findeki ac\u0131yla k\u0131vranan &#8216;kad\u0131n!&#8217;Ta, \u00e7ocukken hayalini kurdu\u011fu; evcilik oynarken oyunlar\u0131n\u0131,gen\u00e7 k\u0131zl\u0131\u011f\u0131nda r\u00fcyalar\u0131n\u0131, onu e\u015f olarak kabul etti\u011findeh\u00fclyalar\u0131n\u0131 s\u00fcsleyen erke\u011fi taraf\u0131ndan en a\u015fa\u011f\u0131hareketlere u\u011fram\u0131\u015f zavall\u0131 &#8216;sevgili!&#8217;Onun \u00e7ocuklar\u0131n\u0131 do\u011furmu\u015ftu h\u00e2lbuki! B\u00fct\u00fcn temizduygular\u0131 ile anne olmu\u015ftu; onun \u00e7ocuklar\u0131n\u0131n annesi!Karde\u015fleri var m\u0131yd\u0131, yok muydu belli de\u011fil! Hi\u00e7 aray\u0131psormam\u0131\u015flard\u0131 ki!Mutluluk Umarken,\u015eiddet Bulmak!Beyaz gelinlikle \u00e7\u0131kt\u0131\u011f\u0131 evde yaln\u0131z oturan ya\u015fl\u0131 annesininyan\u0131na da kefen giymeden d\u00f6nemezdi ki!Y\u0131llar \u00f6nce evden \u00e7\u0131karken giydi\u011fi beyaz gelinlik birkefen gibi g\u00f6zlerinin \u00f6n\u00fcnde!Odan\u0131n bir k\u00f6\u015fesinde korku ve nefretle y\u00fcz\u00fcn\u00fc ikiavucu aras\u0131na alm\u0131\u015f, o\u011flu \u00e7\u0131\u011fl\u0131klarla annesinin ete\u011fineyap\u0131\u015fm\u0131\u015f, g\u00f6zya\u015flar\u0131 ile \u0131slanan sa\u00e7lar\u0131 yanaklar\u0131na yap\u0131\u015fm\u0131\u015fk\u00fc\u00e7\u00fcc\u00fck k\u0131z\u0131.Gitti i\u015fte!<\/p>\n","protected":false},"excerpt":{"rendered":"<p>&#8220;Erkek \u0130\u015fte! D\u00f6ver de, Sever de!&#8221;&#8221;D\u00f6v\u00fclm\u00fc\u015f, itilmi\u015f, hakarete u\u011fram\u0131\u015f; \u00f6tesine berisineald\u0131\u011f\u0131 tekme tokat darbeleri ile s\u0131zlayan kemiklerinden\u00e7ok, y\u00fcre\u011findeki ac\u0131yla k\u0131vranan &#8216;kad\u0131n!&#8217;Ta, \u00e7ocukken hayalini kurdu\u011fu; evcilik oynarken<span class=\"excerpt-hellip\"> [\u2026]<\/span><\/p>\n","protected":false},"featured_media":0,"template":"","meta":{"_monsterinsights_skip_tracking":false,"_monsterinsights_sitenote_active":false,"_monsterinsights_sitenote_note":"","_monsterinsights_sitenote_category":0},"product_brand":[],"product_cat":[12364,12376],"product_tag":[],"class_list":{"0":"post-771857","1":"product","2":"type-product","3":"status-publish","5":"product_cat-genel-konular","6":"product_cat-kisisel-gelisim","7":"pa_cilt-ciltsiz","8":"pa_tur-kitap","9":"pa_yayinevi-yediveren-yayinlari","10":"pa_yazar-hamdi-kalyoncu","12":"first","13":"instock","14":"sale","15":"shipping-taxable","16":"purchasable","17":"product-type-simple"},"_links":{"self":[{"href":"https:\/\/roveyayinevi.com.tr\/index.php\/wp-json\/wp\/v2\/product\/771857","targetHints":{"allow":["GET"]}}],"collection":[{"href":"https:\/\/roveyayinevi.com.tr\/index.php\/wp-json\/wp\/v2\/product"}],"about":[{"href":"https:\/\/roveyayinevi.com.tr\/index.php\/wp-json\/wp\/v2\/types\/product"}],"wp:attachment":[{"href":"https:\/\/roveyayinevi.com.tr\/index.php\/wp-json\/wp\/v2\/media?parent=771857"}],"wp:term":[{"taxonomy":"product_brand","embeddable":true,"href":"https:\/\/roveyayinevi.com.tr\/index.php\/wp-json\/wp\/v2\/product_brand?post=771857"},{"taxonomy":"product_cat","embeddable":true,"href":"https:\/\/roveyayinevi.com.tr\/index.php\/wp-json\/wp\/v2\/product_cat?post=771857"},{"taxonomy":"product_tag","embeddable":true,"href":"https:\/\/roveyayinevi.com.tr\/index.php\/wp-json\/wp\/v2\/product_tag?post=771857"}],"curies":[{"name":"wp","href":"https:\/\/api.w.org\/{rel}","templated":true}]}}