{"id":771855,"date":"2025-08-28T15:20:14","date_gmt":"2025-08-28T12:20:14","guid":{"rendered":"https:\/\/roveyayinevi.com.tr\/index.php\/urun\/esma-terapi\/"},"modified":"2026-04-15T03:38:17","modified_gmt":"2026-04-15T00:38:17","slug":"esma-terapi","status":"publish","type":"product","link":"https:\/\/roveyayinevi.com.tr\/index.php\/urun\/esma-terapi\/","title":{"rendered":"Esma Terapi"},"content":{"rendered":"<p>Dua, kulun b\u00fct\u00fcn benli\u011fiyle Y\u00fcce Yaradan\u2019a y\u00f6nelerek O\u2019ndan istek ve dilekte bulunmas\u0131 anlam\u0131nda din\u00ee bir terim ve bu ama\u00e7la icra edilen bir ibadet \u015feklidir.   Dua, m\u00fcmin i\u00e7in ibadettir. Onun i\u00e7in de dua etmekten usanmak, acele etmek bir m\u00fcmine yak\u0131\u015fmaz. Hayat\u0131n\u0131n gayesi ibadet ve kulluk olan m\u00fcmin bilir ki; Cen\u00e2b-\u0131 Hak, duada \u0131srar\u0131 sevmekte ve \u00e7ok dua edenlerin duas\u0131n\u0131 kabul etmektedir. \u0130\u015fte bundan dolay\u0131d\u0131r ki evvela kendimiz, sonra ailemiz ve t\u00fcm insanl\u0131k i\u00e7in dua etmemiz gerekir. Bunun i\u00e7in de Kur\u2019an-\u0131 Kerim\u2019de ge\u00e7en dualar\u0131, hadis-i \u015feriflerde ge\u00e7en dualar\u0131 ve en daha kolay\u0131 Allah&#8217;\u0131m\u0131z\u0131n &#8220;Esm\u00e2&#8217;\u00fcl H\u00fcsn\u00e2&#8221;s\u0131 ile dualar\u0131m\u0131z\u0131 i\u00e7imizden geldi\u011fi gibi yapabiliriz. \u00c7\u00fcnk\u00fc, kendimize gelmenin tam zaman\u0131&#8230;  Neden kendimizde de\u011filiz sizce? \u0130\u015fte size birka\u00e7 ipucu&#8230; \u0130lk evvela \u015funu unutmayal\u0131m ki tuhaf bir varl\u0131\u011f\u0131z. Tuhaf oldu\u011fu kadar da kar\u0131\u015f\u0131k ve dolamba\u00e7l\u0131 yollardan kendini arama yar\u0131\u015f\u0131na girmi\u015f bir derbederiz.  \u015eayet yollar uzuyorsa bu derbederli\u011fin ad\u0131n\u0131 &#8220;\u015eanss\u0131z\u0131m&#8221; koyacak kadar da \u00fcmitsiz&#8230; \u0130nsan\u0131n kendisine yak\u0131\u015ft\u0131rd\u0131\u011f\u0131 en onurlu vas\u0131f ise yaln\u0131zl\u0131k&#8230; Ne oldu\u011funu, nas\u0131l oldu\u011funu bilmeden \u00e7\u0131kt\u0131\u011f\u0131 bu yaln\u0131zl\u0131k yolculu\u011funda, derin derin koklamak \u015f\u00f6yle dursun, neyi nas\u0131l yapaca\u011f\u0131na karar verememi\u015f ve karars\u0131zl\u0131kla kendisine &#8220;yaln\u0131z&#8221; olma yetisini de yap\u0131\u015ft\u0131racak kadar da &#8220;kendinden habersiz&#8230;&#8221;  G\u00f6klere \u00e7\u0131kar, yerin yedi kat a\u015fa\u011f\u0131s\u0131na iner de insan, bazen de aralarda kal\u0131verir. Arasat der, karars\u0131zl\u0131k der, \u00e7aresizlik der de &#8220;korkak&#8221; oldu\u011funu unutur. Oysa cesaretin devreye girdi\u011fi tek duygu kabullenmektir. Korkakl\u0131ktan, ka\u00e7maktan, g\u00f6rmemekten, k\u00f6r olmaktan kurtar\u0131r insan\u0131 da &#8220;bilgelik&#8221; koyar ad\u0131n\u0131\u2026 \u0130\u015fte bu bilgelik yolculu\u011fu i\u00e7in ellerimizi a\u00e7\u0131p dua ederken kendi hayatlar\u0131m\u0131zda eksik olan yapbozun par\u00e7alar\u0131n\u0131 bulaca\u011f\u0131z. Tuhafl\u0131klar\u0131m\u0131za, \u00fcmitsizliklerimize, yaln\u0131zl\u0131klar\u0131m\u0131za, korkular\u0131m\u0131za bir \u00e7are bulmakla beraber, kendimizden habersiz i\u015fleyen gidi\u015fattan haberdar olacak ve bilgelik yolculu\u011fu i\u00e7in ilk ad\u0131m\u0131 atm\u0131\u015f olaca\u011f\u0131z. Onun i\u00e7in s\u00f6z\u00fc fazla uzatmadan bu yolculu\u011fu ba\u015flatmak istiyoruz. Haydi duaya\u2026<\/p>\n","protected":false},"excerpt":{"rendered":"<p>Dua, kulun b\u00fct\u00fcn benli\u011fiyle Y\u00fcce Yaradan\u2019a y\u00f6nelerek O\u2019ndan istek ve dilekte bulunmas\u0131 anlam\u0131nda din\u00ee bir terim ve bu ama\u00e7la icra edilen bir ibadet \u015feklidir. Dua, m\u00fcmin<span class=\"excerpt-hellip\"> [\u2026]<\/span><\/p>\n","protected":false},"featured_media":0,"template":"","meta":{"_monsterinsights_skip_tracking":false,"_monsterinsights_sitenote_active":false,"_monsterinsights_sitenote_note":"","_monsterinsights_sitenote_category":0},"product_brand":[],"product_cat":[20502,12357],"product_tag":[],"class_list":{"0":"post-771855","1":"product","2":"type-product","3":"status-publish","5":"product_cat-basvuru-kitaplari-psikoloji","6":"product_cat-psikoloji","7":"pa_cilt-ciltsiz","8":"pa_tur-kitap","9":"pa_yayinevi-mihenk-kitap","10":"pa_yazar-mine-izgi","12":"first","13":"instock","14":"sale","15":"shipping-taxable","16":"purchasable","17":"product-type-simple"},"_links":{"self":[{"href":"https:\/\/roveyayinevi.com.tr\/index.php\/wp-json\/wp\/v2\/product\/771855","targetHints":{"allow":["GET"]}}],"collection":[{"href":"https:\/\/roveyayinevi.com.tr\/index.php\/wp-json\/wp\/v2\/product"}],"about":[{"href":"https:\/\/roveyayinevi.com.tr\/index.php\/wp-json\/wp\/v2\/types\/product"}],"wp:attachment":[{"href":"https:\/\/roveyayinevi.com.tr\/index.php\/wp-json\/wp\/v2\/media?parent=771855"}],"wp:term":[{"taxonomy":"product_brand","embeddable":true,"href":"https:\/\/roveyayinevi.com.tr\/index.php\/wp-json\/wp\/v2\/product_brand?post=771855"},{"taxonomy":"product_cat","embeddable":true,"href":"https:\/\/roveyayinevi.com.tr\/index.php\/wp-json\/wp\/v2\/product_cat?post=771855"},{"taxonomy":"product_tag","embeddable":true,"href":"https:\/\/roveyayinevi.com.tr\/index.php\/wp-json\/wp\/v2\/product_tag?post=771855"}],"curies":[{"name":"wp","href":"https:\/\/api.w.org\/{rel}","templated":true}]}}