{"id":771854,"date":"2025-08-28T15:20:13","date_gmt":"2025-08-28T12:20:13","guid":{"rendered":"https:\/\/roveyayinevi.com.tr\/index.php\/urun\/online-satisin-kodlari\/"},"modified":"2026-04-15T03:38:16","modified_gmt":"2026-04-15T00:38:16","slug":"online-satisin-kodlari","status":"publish","type":"product","link":"https:\/\/roveyayinevi.com.tr\/index.php\/urun\/online-satisin-kodlari\/","title":{"rendered":"Online Sat\u0131\u015f\u0131n Kodlar\u0131"},"content":{"rendered":"<p>SATI\u015eIN KURALLARI DE\u011e\u0130\u015eT\u0130. ARTIK BU OYUN D\u0130J\u0130TALDE OYNANIYOR! Yeni d\u00f6nemde m\u00fc\u015fteriler, kararlar\u0131n\u0131 ma\u011fazalarda de\u011fil, ekran ba\u015f\u0131nda yaln\u0131zca birka\u00e7 saniyede veriyorlar. Peki, bu h\u0131z \u00e7a\u011f\u0131nda fark yaratmay\u0131 ve g\u00fcven olu\u015fturmay\u0131 nas\u0131l ba\u015far\u0131r, bunu nas\u0131l sat\u0131\u015fa d\u00f6n\u00fc\u015ft\u00fcr\u00fcrs\u00fcn\u00fcz? Online Sat\u0131\u015f\u0131n Kodlar\u0131, sadece \u00fcr\u00fcn satmay\u0131 de\u011fil, dijital d\u00fcnyada s\u00fcrd\u00fcr\u00fclebilir bir marka yaratmay\u0131 ama\u00e7l\u0131yor.Emrah Pamuk \u00e7arp\u0131c\u0131 deneyimlerini payla\u015farak bu alana ilgi duyan herkese dijital m\u00fc\u015fteri psikolojisini, platform stratejilerini, sat\u0131\u015f art\u0131r\u0131c\u0131 taktikleri en yal\u0131n haliyle a\u00e7\u0131kl\u0131yor ve ger\u00e7ek \u00f6rneklerle dolu bir yol haritas\u0131 sunuyor.   Bu kitapta, Hedef kitlenizi do\u011fru okumay\u0131, Sat\u0131\u015f d\u00f6n\u00fc\u015f\u00fcm oranlar\u0131n\u0131 nas\u0131l y\u00fckseltece\u011finizi, Sosyal medyay\u0131 nas\u0131l g\u00fc\u00e7l\u00fc bir sat\u0131\u015f kanal\u0131na d\u00f6n\u00fc\u015ft\u00fcrece\u011finizi, Rekabeti f\u0131rsata \u00e7evirecek veri temelli yakla\u015f\u0131mlar\u0131, \u00f6\u011freneceksiniz. Dijitalde b\u00fcy\u00fcmek, marka sadakati olu\u015fturmak ve sat\u0131\u015f\u0131 rakamlardan ziyade bir strateji olarak ele almak istiyorsan\u0131z bu kitap tam size g\u00f6re. Dijitalde kazananlar, sadece sat\u0131\u015f yapanlar de\u011fil strateji kuranlard\u0131r.Gelin online sat\u0131\u015f\u0131n yeni kodlar\u0131n\u0131 birlikte \u00e7\u00f6zelim. SATI\u015eIN KURALLARI DE\u011e\u0130\u015eT\u0130. ARTIK BU OYUN D\u0130J\u0130TALDE OYNANIYOR! Yeni d\u00f6nemde m\u00fc\u015fteriler, kararlar\u0131n\u0131 ma\u011fazalarda de\u011fil, ekran ba\u015f\u0131nda yaln\u0131zca birka\u00e7 saniyede veriyorlar. Peki, bu h\u0131z \u00e7a\u011f\u0131nda fark yaratmay\u0131 ve g\u00fcven olu\u015fturmay\u0131 nas\u0131l ba\u015far\u0131r, bunu nas\u0131l sat\u0131\u015fa d\u00f6n\u00fc\u015ft\u00fcr\u00fcrs\u00fcn\u00fcz? Online Sat\u0131\u015f\u0131n Kodlar\u0131, sadece \u00fcr\u00fcn satmay\u0131 de\u011fil, dijital d\u00fcnyada s\u00fcrd\u00fcr\u00fclebilir bir marka yaratmay\u0131 ama\u00e7l\u0131yor.Emrah Pamuk \u00e7arp\u0131c\u0131 deneyimlerini payla\u015farak bu alana ilgi duyan herkese dijital m\u00fc\u015fteri psikolojisini, platform stratejilerini, sat\u0131\u015f art\u0131r\u0131c\u0131 taktikleri en yal\u0131n haliyle a\u00e7\u0131kl\u0131yor ve ger\u00e7ek \u00f6rneklerle dolu bir yol haritas\u0131 sunuyor.   Bu kitapta, Hedef kitlenizi do\u011fru okumay\u0131, Sat\u0131\u015f d\u00f6n\u00fc\u015f\u00fcm oranlar\u0131n\u0131 nas\u0131l y\u00fckseltece\u011finizi, Sosyal medyay\u0131 nas\u0131l g\u00fc\u00e7l\u00fc bir sat\u0131\u015f kanal\u0131na d\u00f6n\u00fc\u015ft\u00fcrece\u011finizi, Rekabeti f\u0131rsata \u00e7evirecek veri temelli yakla\u015f\u0131mlar\u0131, \u00f6\u011freneceksiniz. Dijitalde b\u00fcy\u00fcmek, marka sadakati olu\u015fturmak ve sat\u0131\u015f\u0131 rakamlardan ziyade bir strateji olarak ele almak istiyorsan\u0131z bu kitap tam size g\u00f6re. Dijitalde kazananlar, sadece sat\u0131\u015f yapanlar de\u011fil strateji kuranlard\u0131r.Gelin online sat\u0131\u015f\u0131n yeni kodlar\u0131n\u0131 birlikte \u00e7\u00f6zelim. <\/p>\n","protected":false},"excerpt":{"rendered":"<p>SATI\u015eIN KURALLARI DE\u011e\u0130\u015eT\u0130. ARTIK BU OYUN D\u0130J\u0130TALDE OYNANIYOR! Yeni d\u00f6nemde m\u00fc\u015fteriler, kararlar\u0131n\u0131 ma\u011fazalarda de\u011fil, ekran ba\u015f\u0131nda yaln\u0131zca birka\u00e7 saniyede veriyorlar. Peki, bu h\u0131z \u00e7a\u011f\u0131nda fark yaratmay\u0131<span class=\"excerpt-hellip\"> [\u2026]<\/span><\/p>\n","protected":false},"featured_media":0,"template":"","meta":{"_monsterinsights_skip_tracking":false,"_monsterinsights_sitenote_active":false,"_monsterinsights_sitenote_note":"","_monsterinsights_sitenote_category":0},"product_brand":[],"product_cat":[13043,17647],"product_tag":[],"class_list":{"0":"post-771854","1":"product","2":"type-product","3":"status-publish","5":"product_cat-ekonomi","6":"product_cat-is-dunyasi","7":"pa_cilt-ciltsiz","8":"pa_tur-kitap","9":"pa_yayinevi-mona-kitap","10":"pa_yazar-emrah-pamuk","12":"first","13":"instock","14":"sale","15":"shipping-taxable","16":"purchasable","17":"product-type-simple"},"_links":{"self":[{"href":"https:\/\/roveyayinevi.com.tr\/index.php\/wp-json\/wp\/v2\/product\/771854","targetHints":{"allow":["GET"]}}],"collection":[{"href":"https:\/\/roveyayinevi.com.tr\/index.php\/wp-json\/wp\/v2\/product"}],"about":[{"href":"https:\/\/roveyayinevi.com.tr\/index.php\/wp-json\/wp\/v2\/types\/product"}],"wp:attachment":[{"href":"https:\/\/roveyayinevi.com.tr\/index.php\/wp-json\/wp\/v2\/media?parent=771854"}],"wp:term":[{"taxonomy":"product_brand","embeddable":true,"href":"https:\/\/roveyayinevi.com.tr\/index.php\/wp-json\/wp\/v2\/product_brand?post=771854"},{"taxonomy":"product_cat","embeddable":true,"href":"https:\/\/roveyayinevi.com.tr\/index.php\/wp-json\/wp\/v2\/product_cat?post=771854"},{"taxonomy":"product_tag","embeddable":true,"href":"https:\/\/roveyayinevi.com.tr\/index.php\/wp-json\/wp\/v2\/product_tag?post=771854"}],"curies":[{"name":"wp","href":"https:\/\/api.w.org\/{rel}","templated":true}]}}