{"id":771853,"date":"2025-08-28T15:20:11","date_gmt":"2025-08-28T12:20:11","guid":{"rendered":"https:\/\/roveyayinevi.com.tr\/index.php\/urun\/uzulme-yalniz-degilsin\/"},"modified":"2026-04-15T03:38:16","modified_gmt":"2026-04-15T00:38:16","slug":"uzulme-yalniz-degilsin","status":"publish","type":"product","link":"https:\/\/roveyayinevi.com.tr\/index.php\/urun\/uzulme-yalniz-degilsin\/","title":{"rendered":"\u00dcz\u00fclme Yaln\u0131z De\u011filsin"},"content":{"rendered":"<p>Hepimiz hayat\u0131n zorluklar\u0131yla kar\u015f\u0131 kar\u015f\u0131ya kal\u0131r\u0131z Ancak unutmay\u0131n ki, ne ya\u015farsan\u0131z ya\u015fay\u0131n, yaln\u0131z de\u011filsiniz. Bu kitap, gen\u00e7lerin kar\u015f\u0131la\u015ft\u0131\u011f\u0131 duygusal ve zihinsel engelleri a\u015fmalar\u0131na yard\u0131mc\u0131 olmak amac\u0131yla yaz\u0131ld\u0131. Kendi ya\u015fant\u0131mdan ve tecr\u00fcbelerimden yola \u00e7\u0131karak, zorluklar\u0131n \u00fcstesinden gelmenin yollar\u0131n\u0131, hayata bak\u0131\u015f a\u00e7\u0131m\u0131z\u0131 nas\u0131l \u015fekillendirmemiz gerekti\u011fini ve kar\u015f\u0131la\u015ft\u0131\u011f\u0131m\u0131z sorunlarla nas\u0131l ba\u015fa \u00e7\u0131kabilece\u011fimizi payla\u015f\u0131yorum Kitab\u0131n her sat\u0131r\u0131, hayat\u0131n s\u0131k\u0131nt\u0131lar\u0131na daha g\u00fc\u00e7l\u00fc bir \u015fekilde g\u00f6\u011f\u00fcs gerebilmen i\u00e7in kaleme al\u0131nd\u0131. Hayatta arad\u0131\u011f\u0131n deste\u011fin her zaman yan\u0131nda oldu\u011funu bilmen gerek. Sand\u0131\u011f\u0131ndan daha g\u00fc\u00e7l\u00fc olabilirsin.<\/p>\n","protected":false},"excerpt":{"rendered":"<p>Hepimiz hayat\u0131n zorluklar\u0131yla kar\u015f\u0131 kar\u015f\u0131ya kal\u0131r\u0131z Ancak unutmay\u0131n ki, ne ya\u015farsan\u0131z ya\u015fay\u0131n, yaln\u0131z de\u011filsiniz. Bu kitap, gen\u00e7lerin kar\u015f\u0131la\u015ft\u0131\u011f\u0131 duygusal ve zihinsel engelleri a\u015fmalar\u0131na yard\u0131mc\u0131 olmak amac\u0131yla<span class=\"excerpt-hellip\"> [\u2026]<\/span><\/p>\n","protected":false},"featured_media":0,"template":"","meta":{"_monsterinsights_skip_tracking":false,"_monsterinsights_sitenote_active":false,"_monsterinsights_sitenote_note":"","_monsterinsights_sitenote_category":0},"product_brand":[],"product_cat":[12364,12376],"product_tag":[],"class_list":{"0":"post-771853","1":"product","2":"type-product","3":"status-publish","5":"product_cat-genel-konular","6":"product_cat-kisisel-gelisim","7":"pa_cilt-ciltsiz","8":"pa_tur-kitap","9":"pa_yayinevi-mihenk-kitap","10":"pa_yazar-melissa-irem-turkeri","12":"first","13":"instock","14":"sale","15":"shipping-taxable","16":"purchasable","17":"product-type-simple"},"_links":{"self":[{"href":"https:\/\/roveyayinevi.com.tr\/index.php\/wp-json\/wp\/v2\/product\/771853","targetHints":{"allow":["GET"]}}],"collection":[{"href":"https:\/\/roveyayinevi.com.tr\/index.php\/wp-json\/wp\/v2\/product"}],"about":[{"href":"https:\/\/roveyayinevi.com.tr\/index.php\/wp-json\/wp\/v2\/types\/product"}],"wp:attachment":[{"href":"https:\/\/roveyayinevi.com.tr\/index.php\/wp-json\/wp\/v2\/media?parent=771853"}],"wp:term":[{"taxonomy":"product_brand","embeddable":true,"href":"https:\/\/roveyayinevi.com.tr\/index.php\/wp-json\/wp\/v2\/product_brand?post=771853"},{"taxonomy":"product_cat","embeddable":true,"href":"https:\/\/roveyayinevi.com.tr\/index.php\/wp-json\/wp\/v2\/product_cat?post=771853"},{"taxonomy":"product_tag","embeddable":true,"href":"https:\/\/roveyayinevi.com.tr\/index.php\/wp-json\/wp\/v2\/product_tag?post=771853"}],"curies":[{"name":"wp","href":"https:\/\/api.w.org\/{rel}","templated":true}]}}