{"id":771852,"date":"2025-08-28T15:20:09","date_gmt":"2025-08-28T12:20:09","guid":{"rendered":"https:\/\/roveyayinevi.com.tr\/index.php\/urun\/kuduse-ucan-balon\/"},"modified":"2026-04-15T03:38:16","modified_gmt":"2026-04-15T00:38:16","slug":"kuduse-ucan-balon","status":"publish","type":"product","link":"https:\/\/roveyayinevi.com.tr\/index.php\/urun\/kuduse-ucan-balon\/","title":{"rendered":"Kud\u00fcs&#8217;e U\u00e7an Balon"},"content":{"rendered":"<p>Yusuf, dedesi ve arkada\u015flar\u0131, g\u00f6ky\u00fcz\u00fcnde s\u00fcz\u00fclen bir balonla Kud\u00fcs\u2019e do\u011fru yola \u00e7\u0131karken kalplerinde ta\u015f\u0131d\u0131klar\u0131 sevgi ve umut, yanlar\u0131nda getirdikleri hediyelerden \u00e7ok daha de\u011ferliydi. Sonunda Kud\u00fcsl\u00fc \u00e7ocuklarla bulu\u015facaklar\u0131 bu yolculuk sadece bir \u015fehre de\u011fil; dostluk, payla\u015fma ve merhametin derinliklerine de yap\u0131lan bir seyahatti!<\/p>\n","protected":false},"excerpt":{"rendered":"<p>Yusuf, dedesi ve arkada\u015flar\u0131, g\u00f6ky\u00fcz\u00fcnde s\u00fcz\u00fclen bir balonla Kud\u00fcs\u2019e do\u011fru yola \u00e7\u0131karken kalplerinde ta\u015f\u0131d\u0131klar\u0131 sevgi ve umut, yanlar\u0131nda getirdikleri hediyelerden \u00e7ok daha de\u011ferliydi. Sonunda Kud\u00fcsl\u00fc \u00e7ocuklarla<span class=\"excerpt-hellip\"> [\u2026]<\/span><\/p>\n","protected":false},"featured_media":0,"template":"","meta":{"_monsterinsights_skip_tracking":false,"_monsterinsights_sitenote_active":false,"_monsterinsights_sitenote_note":"","_monsterinsights_sitenote_category":0},"product_brand":[],"product_cat":[12274,18802],"product_tag":[],"class_list":{"0":"post-771852","1":"product","2":"type-product","3":"status-publish","5":"product_cat-cocuk-ve-genclik-kitaplari","6":"product_cat-din-egitimi","7":"pa_cilt-ciltsiz","8":"pa_tur-kitap","9":"pa_yayinevi-mihenk-kitap","10":"pa_yazar-zuleyha-cay","12":"first","13":"instock","14":"sale","15":"shipping-taxable","16":"purchasable","17":"product-type-simple"},"_links":{"self":[{"href":"https:\/\/roveyayinevi.com.tr\/index.php\/wp-json\/wp\/v2\/product\/771852","targetHints":{"allow":["GET"]}}],"collection":[{"href":"https:\/\/roveyayinevi.com.tr\/index.php\/wp-json\/wp\/v2\/product"}],"about":[{"href":"https:\/\/roveyayinevi.com.tr\/index.php\/wp-json\/wp\/v2\/types\/product"}],"wp:attachment":[{"href":"https:\/\/roveyayinevi.com.tr\/index.php\/wp-json\/wp\/v2\/media?parent=771852"}],"wp:term":[{"taxonomy":"product_brand","embeddable":true,"href":"https:\/\/roveyayinevi.com.tr\/index.php\/wp-json\/wp\/v2\/product_brand?post=771852"},{"taxonomy":"product_cat","embeddable":true,"href":"https:\/\/roveyayinevi.com.tr\/index.php\/wp-json\/wp\/v2\/product_cat?post=771852"},{"taxonomy":"product_tag","embeddable":true,"href":"https:\/\/roveyayinevi.com.tr\/index.php\/wp-json\/wp\/v2\/product_tag?post=771852"}],"curies":[{"name":"wp","href":"https:\/\/api.w.org\/{rel}","templated":true}]}}