{"id":771851,"date":"2025-08-28T15:20:08","date_gmt":"2025-08-28T12:20:08","guid":{"rendered":"https:\/\/roveyayinevi.com.tr\/index.php\/urun\/kirilmadan-yasamanin-gucu\/"},"modified":"2026-04-12T03:29:30","modified_gmt":"2026-04-12T00:29:30","slug":"kirilmadan-yasamanin-gucu","status":"publish","type":"product","link":"https:\/\/roveyayinevi.com.tr\/index.php\/urun\/kirilmadan-yasamanin-gucu\/","title":{"rendered":"K\u0131r\u0131lmadan Ya\u015faman\u0131n G\u00fcc\u00fc"},"content":{"rendered":"<p>Hayat, her birimize zorluklar\u0131 ve g\u00fczellikleriyle bir yolculuk sunar. Peki, bu yolculukta kar\u015f\u0131la\u015ft\u0131\u011f\u0131n\u0131z engeller kar\u015f\u0131s\u0131nda ne kadar g\u00fc\u00e7l\u00fc durabiliyorsunuz? &#8220;K\u0131r\u0131lmadan Ya\u015faman\u0131n G\u00fcc\u00fc&#8221; ile i\u00e7 huzuru bulman\u0131n ve daha sa\u011flam ad\u0131mlarla yere basman\u0131n s\u0131rlar\u0131n\u0131  ke\u015ffedecek yorgun g\u00f6nl\u00fcn\u00fcz\u00fc ferahlatmak ve hayat\u0131n\u0131zdaki insanlar\u0131 oldu\u011fu gibi kabullenmek i\u00e7in ilham dolu ipu\u00e7lar\u0131 bulacaks\u0131n\u0131z. Hayat\u0131n\u0131z\u0131n ka\u00e7 ayar oldu\u011funu \u00f6l\u00e7meye, merhametin g\u00fcc\u00fcn\u00fc ke\u015ffetmeye ve modernizmin tuzaklar\u0131na kar\u015f\u0131 sa\u011flam durmaya haz\u0131r m\u0131s\u0131n\u0131z? Unutmay\u0131n, y\u0131k\u0131lmadan ya\u015famak, g\u00f6nl\u00fcne sahip \u00e7\u0131kmay\u0131 bilmekle ba\u015flar. Kendiniz i\u00e7in en do\u011fru ad\u0131m\u0131 atmaya ne dersiniz? K\u0131r\u0131lmadan ya\u015famay\u0131 \u00f6\u011frenin, engellerinizi a\u015f\u0131n.<\/p>\n","protected":false},"excerpt":{"rendered":"<p>Hayat, her birimize zorluklar\u0131 ve g\u00fczellikleriyle bir yolculuk sunar. Peki, bu yolculukta kar\u015f\u0131la\u015ft\u0131\u011f\u0131n\u0131z engeller kar\u015f\u0131s\u0131nda ne kadar g\u00fc\u00e7l\u00fc durabiliyorsunuz? &#8220;K\u0131r\u0131lmadan Ya\u015faman\u0131n G\u00fcc\u00fc&#8221; ile i\u00e7 huzuru bulman\u0131n<span class=\"excerpt-hellip\"> [\u2026]<\/span><\/p>\n","protected":false},"featured_media":0,"template":"","meta":{"_monsterinsights_skip_tracking":false,"_monsterinsights_sitenote_active":false,"_monsterinsights_sitenote_note":"","_monsterinsights_sitenote_category":0},"product_brand":[],"product_cat":[12364,12376],"product_tag":[],"class_list":{"0":"post-771851","1":"product","2":"type-product","3":"status-publish","5":"product_cat-genel-konular","6":"product_cat-kisisel-gelisim","7":"pa_cilt-ciltsiz","8":"pa_tur-kitap","9":"pa_yayinevi-mihenk-kitap","10":"pa_yazar-vesile-kara","12":"first","13":"instock","14":"sale","15":"shipping-taxable","16":"purchasable","17":"product-type-simple"},"_links":{"self":[{"href":"https:\/\/roveyayinevi.com.tr\/index.php\/wp-json\/wp\/v2\/product\/771851","targetHints":{"allow":["GET"]}}],"collection":[{"href":"https:\/\/roveyayinevi.com.tr\/index.php\/wp-json\/wp\/v2\/product"}],"about":[{"href":"https:\/\/roveyayinevi.com.tr\/index.php\/wp-json\/wp\/v2\/types\/product"}],"wp:attachment":[{"href":"https:\/\/roveyayinevi.com.tr\/index.php\/wp-json\/wp\/v2\/media?parent=771851"}],"wp:term":[{"taxonomy":"product_brand","embeddable":true,"href":"https:\/\/roveyayinevi.com.tr\/index.php\/wp-json\/wp\/v2\/product_brand?post=771851"},{"taxonomy":"product_cat","embeddable":true,"href":"https:\/\/roveyayinevi.com.tr\/index.php\/wp-json\/wp\/v2\/product_cat?post=771851"},{"taxonomy":"product_tag","embeddable":true,"href":"https:\/\/roveyayinevi.com.tr\/index.php\/wp-json\/wp\/v2\/product_tag?post=771851"}],"curies":[{"name":"wp","href":"https:\/\/api.w.org\/{rel}","templated":true}]}}