{"id":771849,"date":"2025-08-28T15:20:04","date_gmt":"2025-08-28T12:20:04","guid":{"rendered":"https:\/\/roveyayinevi.com.tr\/index.php\/urun\/mutluluk-icin-duygu-egitimi\/"},"modified":"2026-04-13T03:34:19","modified_gmt":"2026-04-13T00:34:19","slug":"mutluluk-icin-duygu-egitimi","status":"publish","type":"product","link":"https:\/\/roveyayinevi.com.tr\/index.php\/urun\/mutluluk-icin-duygu-egitimi\/","title":{"rendered":"Mutluluk \u0130\u00e7in Duygu E\u011fitimi"},"content":{"rendered":"<p>\u0130htiya\u00e7lar, insan\u0131n tutsak edilmesinde en \u00f6nemli etkendir. Yeme i\u00e7me, korunma, bar\u0131nma, \u00fcreme, inanma, sevme gibi ihtiya\u00e7lar\u0131 kar\u015f\u0131lamak i\u00e7in insan kendi onurundan \u00f6d\u00fcn verme tehlikesiyle kar\u015f\u0131 kar\u015f\u0131ya kalabilir. Bu y\u00fczden bazen ihtiya\u00e7lar, onurlu ya\u015faman\u0131n \u00f6n\u00fcnde engel te\u015fkil edebilir. \u0130nsanlar d\u00fc\u015f\u00fcnceleri ile alg\u0131lar, duygular\u0131 ile ya\u015farlar. Duygu ve temel ihtiya\u00e7lar iyi tan\u0131nmad\u0131\u011f\u0131 takdirde istismara en a\u00e7\u0131k alanlard\u0131r. Ki\u015finin, insanl\u0131\u011f\u0131ndan \u00f6d\u00fcn vermeden hayat\u0131n\u0131 ya\u015fayabilmesi i\u00e7in \u00f6ncelikle duygular\u0131n\u0131 iyi tan\u0131mas\u0131 gerekir. Bunun i\u00e7in duygular\u0131n en erken ya\u015flardan itibaren e\u011fitimi b\u00fcy\u00fck \u00f6nem arz eder. \u0130htiya\u00e7lar ve ona ba\u011fl\u0131 olarak geli\u015fen duygular\u0131m\u0131z, bizi ba\u015fkalar\u0131na mecbur eden, meftun eden, boyun e\u011fdiren ba\u015f etkenlerdir. Temel ihtiya\u00e7lar\u0131n temininde s\u00f6z konusu olabilecek tehlikelerden korunmak ancak duygular\u0131n tan\u0131nmas\u0131 ve kontrol\u00fc ile m\u00fcmk\u00fcnd\u00fcr. Aksi halde \u00f6zg\u00fcrl\u00fc\u011f\u00fcm\u00fczden ve varolu\u015f amac\u0131m\u0131zdan taviz vermeye mecbur kal\u0131r; ya\u015fam\u0131n anlam\u0131 ve tad\u0131n\u0131 kaybederiz. Duygu E\u011fitimi&#8217;nin amac\u0131; hayat\u0131 tad\u0131nda, onurlu, \u00f6zg\u00fcrce ya\u015famak ve mutlu olmak i\u00e7in insana kendini tan\u0131tmak; Yunus Emre&#8217;nin de dedi\u011fi gibi, ?\u0130lim ?kendin&#8217; bilmektir!&#8221; d\u00fcsturunu ki\u015finin kendi ya\u015fam\u0131nda uygulamaya koymas\u0131na yard\u0131mc\u0131 olmakt\u0131r.<\/p>\n","protected":false},"excerpt":{"rendered":"<p>\u0130htiya\u00e7lar, insan\u0131n tutsak edilmesinde en \u00f6nemli etkendir. Yeme i\u00e7me, korunma, bar\u0131nma, \u00fcreme, inanma, sevme gibi ihtiya\u00e7lar\u0131 kar\u015f\u0131lamak i\u00e7in insan kendi onurundan \u00f6d\u00fcn verme tehlikesiyle kar\u015f\u0131 kar\u015f\u0131ya<span class=\"excerpt-hellip\"> [\u2026]<\/span><\/p>\n","protected":false},"featured_media":0,"template":"","meta":{"_monsterinsights_skip_tracking":false,"_monsterinsights_sitenote_active":false,"_monsterinsights_sitenote_note":"","_monsterinsights_sitenote_category":0},"product_brand":[],"product_cat":[12364,12376],"product_tag":[],"class_list":{"0":"post-771849","1":"product","2":"type-product","3":"status-publish","5":"product_cat-genel-konular","6":"product_cat-kisisel-gelisim","7":"pa_cilt-ciltsiz","8":"pa_tur-kitap","9":"pa_yayinevi-yediveren-yayinlari","10":"pa_yazar-hamdi-kalyoncu","12":"first","13":"instock","14":"sale","15":"shipping-taxable","16":"purchasable","17":"product-type-simple"},"_links":{"self":[{"href":"https:\/\/roveyayinevi.com.tr\/index.php\/wp-json\/wp\/v2\/product\/771849","targetHints":{"allow":["GET"]}}],"collection":[{"href":"https:\/\/roveyayinevi.com.tr\/index.php\/wp-json\/wp\/v2\/product"}],"about":[{"href":"https:\/\/roveyayinevi.com.tr\/index.php\/wp-json\/wp\/v2\/types\/product"}],"wp:attachment":[{"href":"https:\/\/roveyayinevi.com.tr\/index.php\/wp-json\/wp\/v2\/media?parent=771849"}],"wp:term":[{"taxonomy":"product_brand","embeddable":true,"href":"https:\/\/roveyayinevi.com.tr\/index.php\/wp-json\/wp\/v2\/product_brand?post=771849"},{"taxonomy":"product_cat","embeddable":true,"href":"https:\/\/roveyayinevi.com.tr\/index.php\/wp-json\/wp\/v2\/product_cat?post=771849"},{"taxonomy":"product_tag","embeddable":true,"href":"https:\/\/roveyayinevi.com.tr\/index.php\/wp-json\/wp\/v2\/product_tag?post=771849"}],"curies":[{"name":"wp","href":"https:\/\/api.w.org\/{rel}","templated":true}]}}