{"id":771848,"date":"2025-08-28T15:20:02","date_gmt":"2025-08-28T12:20:02","guid":{"rendered":"https:\/\/roveyayinevi.com.tr\/index.php\/urun\/mete-han-2\/"},"modified":"2026-04-15T03:38:16","modified_gmt":"2026-04-15T00:38:16","slug":"mete-han-2","status":"publish","type":"product","link":"https:\/\/roveyayinevi.com.tr\/index.php\/urun\/mete-han-2\/","title":{"rendered":"Mete Han"},"content":{"rendered":"<p>T\u00fcrk milleti elli asr\u0131 kaplayan tarihinin \u015fanl\u0131 ge\u00e7mi\u015fine bakt\u0131k\u00e7a, g\u00f6\u011fs\u00fcn\u00fc en hakl\u0131 bir gururla kabartabilir.T\u00fcrk tarihi: Medeniyet tarihi demektir. \u00c7\u00fcnk\u00fc be\u015feri medeniyetin temellerini kuran milletlerin en ba\u015f\u0131nda T\u00fcrkler gelmektedir.Tarihin karanl\u0131k devirlerinden yeni zamanlara kadar, d\u00fcnyan\u0131n say\u0131l\u0131 h\u00e2kimlerinden biri ve belki birincisi m\u00fcbala\u011fas\u0131z s\u00f6yl\u00fcyorum T\u00fcrklerdi.Tarihin hangi asr\u0131 vard\u0131r ki T\u00fcrk bayra\u011f\u0131, her g\u00fcn yenile\u015fen bir dirilik, t\u00fckenmez ve a\u015f\u0131nmaz bir dayan\u0131kl\u0131l\u0131k ile hudutsuz ve say\u0131s\u0131z \u00fclkeler \u00fczerinde dalgalanmam\u0131\u015f, c\u00f6mert T\u00fcrk kan\u0131 \u015ferefli bir dava u\u011frunda akmam\u0131\u015f olsun!&#8230;<\/p>\n","protected":false},"excerpt":{"rendered":"<p>T\u00fcrk milleti elli asr\u0131 kaplayan tarihinin \u015fanl\u0131 ge\u00e7mi\u015fine bakt\u0131k\u00e7a, g\u00f6\u011fs\u00fcn\u00fc en hakl\u0131 bir gururla kabartabilir.T\u00fcrk tarihi: Medeniyet tarihi demektir. \u00c7\u00fcnk\u00fc be\u015feri medeniyetin temellerini kuran milletlerin en<span class=\"excerpt-hellip\"> [\u2026]<\/span><\/p>\n","protected":false},"featured_media":0,"template":"","meta":{"_monsterinsights_skip_tracking":false,"_monsterinsights_sitenote_active":false,"_monsterinsights_sitenote_note":"","_monsterinsights_sitenote_category":0},"product_brand":[],"product_cat":[12370,12304],"product_tag":[],"class_list":{"0":"post-771848","1":"product","2":"type-product","3":"status-publish","5":"product_cat-arastirma-inceleme","6":"product_cat-tarih","7":"pa_cilt-ciltsiz","8":"pa_tur-kitap","9":"pa_yayinevi-yediveren-yayinlari","10":"pa_yazar-yusuf-osman","12":"first","13":"instock","14":"sale","15":"shipping-taxable","16":"purchasable","17":"product-type-simple"},"_links":{"self":[{"href":"https:\/\/roveyayinevi.com.tr\/index.php\/wp-json\/wp\/v2\/product\/771848","targetHints":{"allow":["GET"]}}],"collection":[{"href":"https:\/\/roveyayinevi.com.tr\/index.php\/wp-json\/wp\/v2\/product"}],"about":[{"href":"https:\/\/roveyayinevi.com.tr\/index.php\/wp-json\/wp\/v2\/types\/product"}],"wp:attachment":[{"href":"https:\/\/roveyayinevi.com.tr\/index.php\/wp-json\/wp\/v2\/media?parent=771848"}],"wp:term":[{"taxonomy":"product_brand","embeddable":true,"href":"https:\/\/roveyayinevi.com.tr\/index.php\/wp-json\/wp\/v2\/product_brand?post=771848"},{"taxonomy":"product_cat","embeddable":true,"href":"https:\/\/roveyayinevi.com.tr\/index.php\/wp-json\/wp\/v2\/product_cat?post=771848"},{"taxonomy":"product_tag","embeddable":true,"href":"https:\/\/roveyayinevi.com.tr\/index.php\/wp-json\/wp\/v2\/product_tag?post=771848"}],"curies":[{"name":"wp","href":"https:\/\/api.w.org\/{rel}","templated":true}]}}