{"id":771847,"date":"2025-08-28T15:20:01","date_gmt":"2025-08-28T12:20:01","guid":{"rendered":"https:\/\/roveyayinevi.com.tr\/index.php\/urun\/abdulhamidin-sir-katibi\/"},"modified":"2026-04-15T03:38:16","modified_gmt":"2026-04-15T00:38:16","slug":"abdulhamidin-sir-katibi","status":"publish","type":"product","link":"https:\/\/roveyayinevi.com.tr\/index.php\/urun\/abdulhamidin-sir-katibi\/","title":{"rendered":"Abd\u00fclhamid&#8217;in S\u0131r Katibi"},"content":{"rendered":"<p>Birka\u00e7 as\u0131r evvel Avrupa&#8217;da kurulan ve meydana \u00e7\u0131kan gizli bir cemiyet, ancak Sultan Abd\u00fclaziz Han&#8217;\u0131n son d\u00f6nemlerine do\u011fru Osmanl\u0131 Devleti&#8217;nin k\u0131lcallar\u0131na s\u0131zma f\u0131rsat\u0131 bulmu\u015ftu. O d\u00f6nemin hayalperestlerinden bir tak\u0131m kimseleri etki alan\u0131na \u00e7ekmeye ve toplamaya muvaffak olabilmi\u015f ve memleketimizde melanet maksad\u0131n\u0131 uygulamaya ba\u015flam\u0131\u015f olan bu gizli cemiyete kat\u0131lan ve onlardan medet uman serserilerin, hayal ettikleri menfaatlerin artmas\u0131 vatan\u0131m\u0131z i\u00e7in felaket ve \u00e7\u00f6k\u00fc\u015f\u00fcn ba\u015flang\u0131c\u0131n\u0131 haz\u0131rlam\u0131\u015ft\u0131r.Bu kitap sayfalar\u0131nda; \u0130kinci Me\u015frutiyet&#8217;in ilan\u0131ndan \u00f6nce vatanseverlik hisleriyle kurulan ancak zaman i\u00e7inde bir menfaat \u015febekesi h\u00e2lini alan \u0130ttihat ve Terakki Cemiyeti&#8217;nin, bu d\u00f6n\u00fc\u015f\u00fcm\u00fcne dair tarih\u00ee bilgiler okuyacak ve devletin nas\u0131l \u00e7\u00f6k\u00fc\u015fe s\u00fcr\u00fcklendi\u011fine \u015fahit olacaks\u0131n\u0131z.<\/p>\n","protected":false},"excerpt":{"rendered":"<p>Birka\u00e7 as\u0131r evvel Avrupa&#8217;da kurulan ve meydana \u00e7\u0131kan gizli bir cemiyet, ancak Sultan Abd\u00fclaziz Han&#8217;\u0131n son d\u00f6nemlerine do\u011fru Osmanl\u0131 Devleti&#8217;nin k\u0131lcallar\u0131na s\u0131zma f\u0131rsat\u0131 bulmu\u015ftu. O d\u00f6nemin<span class=\"excerpt-hellip\"> [\u2026]<\/span><\/p>\n","protected":false},"featured_media":0,"template":"","meta":{"_monsterinsights_skip_tracking":false,"_monsterinsights_sitenote_active":false,"_monsterinsights_sitenote_note":"","_monsterinsights_sitenote_category":0},"product_brand":[],"product_cat":[12370,12304],"product_tag":[],"class_list":{"0":"post-771847","1":"product","2":"type-product","3":"status-publish","5":"product_cat-arastirma-inceleme","6":"product_cat-tarih","7":"pa_cilt-ciltsiz","8":"pa_tur-kitap","9":"pa_yayinevi-yediveren-yayinlari","10":"pa_yazar-metin-hasirci","12":"first","13":"instock","14":"sale","15":"shipping-taxable","16":"purchasable","17":"product-type-simple"},"_links":{"self":[{"href":"https:\/\/roveyayinevi.com.tr\/index.php\/wp-json\/wp\/v2\/product\/771847","targetHints":{"allow":["GET"]}}],"collection":[{"href":"https:\/\/roveyayinevi.com.tr\/index.php\/wp-json\/wp\/v2\/product"}],"about":[{"href":"https:\/\/roveyayinevi.com.tr\/index.php\/wp-json\/wp\/v2\/types\/product"}],"wp:attachment":[{"href":"https:\/\/roveyayinevi.com.tr\/index.php\/wp-json\/wp\/v2\/media?parent=771847"}],"wp:term":[{"taxonomy":"product_brand","embeddable":true,"href":"https:\/\/roveyayinevi.com.tr\/index.php\/wp-json\/wp\/v2\/product_brand?post=771847"},{"taxonomy":"product_cat","embeddable":true,"href":"https:\/\/roveyayinevi.com.tr\/index.php\/wp-json\/wp\/v2\/product_cat?post=771847"},{"taxonomy":"product_tag","embeddable":true,"href":"https:\/\/roveyayinevi.com.tr\/index.php\/wp-json\/wp\/v2\/product_tag?post=771847"}],"curies":[{"name":"wp","href":"https:\/\/api.w.org\/{rel}","templated":true}]}}